{"id":689750,"date":"2024-08-17T18:12:25","date_gmt":"2024-08-17T15:12:25","guid":{"rendered":"https:\/\/nbg.eu\/product\/firing-pin-spring-kmr-s\/"},"modified":"2026-05-13T16:03:36","modified_gmt":"2026-05-13T13:03:36","slug":"firing-pin-spring-kmr-s","status":"publish","type":"product","link":"https:\/\/nbg.eu\/sl\/izdelek\/firing-pin-spring-kmr-s\/","title":{"rendered":"KMR Vzmet Udarne Igle S"},"content":{"rendered":"<h2>Zaganjalnik vzmeti KMR S<\/h2>\n<p>Zaganjalnik vzmeti KMR S je visokokakovosten nadomestni vzmet, zasnovan za razli\u010dne sisteme oro\u017eja KMR.<\/p>\n<p>Izdelana z natan\u010dnostjo in pozornostjo do podrobnosti, ta vzmet zaganjalnika zagotavlja zanesljivo in dosledno delovanje v va\u0161em sistemu oro\u017eja KMR. Njegova vzdr\u017eljiva konstrukcija in kakovostni materiali ga delajo dolgotrajen nadomestni element za vzdr\u017eevanje optimalne funkcije va\u0161ega strelnega oro\u017eja.<\/p>\n<p>Ne glede na to, ali ste profesionalni strelec ali strastni navdu\u0161enec, je ta zaganjalnik bistveni dodatek za ohranitev va\u0161ega oro\u017eja KMR v najbolj\u0161em stanju. Nadgradite svoje strelno oro\u017eje s to zanesljivo in zanesljivo komponento in izkusite razliko v svoji strelski uspe\u0161nosti.<\/p>\n<p>Za oro\u017eja KMR:<\/p>\n<p>KMR S-01 LANCE (OR)<\/p>\n<p>KMR S-02 10 (OR) SR ADA<\/p>\n<p>KMR S-02 75 (OR) SR ADA<\/p>\n<p>KMR S-02 OD 2024<\/p>\n<p>KMR S-02 SH1 (OR) SR ADA<\/p>\n<p>KMR S-02 SH2 (OR) SR ADA<\/p>\n<p>KMR S-02 TS (OR) SR ADA<\/p>\n<p>KMR S-02 DO 2023<\/p>\n","protected":false},"excerpt":{"rendered":"<p>Vzmet udarne igle KMR S &#8211; za KMR S-01, KMR S-02 in razli\u010dice.<\/p>\n","protected":false},"featured_media":24978,"template":"","meta":{"_acf_changed":false},"product_brand":[11509],"product_cat":[13433,13451],"product_tag":[],"class_list":{"0":"post-689750","1":"product","2":"type-product","3":"status-publish","4":"has-post-thumbnail","6":"product_brand-kmr-precision","7":"product_cat-kmr-deli","8":"product_cat-vzmeti","10":"first","11":"instock","12":"taxable","13":"shipping-taxable","14":"product-type-simple"},"acf":[],"_links":{"self":[{"href":"https:\/\/nbg.eu\/sl\/wp-json\/wp\/v2\/product\/689750","targetHints":{"allow":["GET"]}}],"collection":[{"href":"https:\/\/nbg.eu\/sl\/wp-json\/wp\/v2\/product"}],"about":[{"href":"https:\/\/nbg.eu\/sl\/wp-json\/wp\/v2\/types\/product"}],"wp:featuredmedia":[{"embeddable":true,"href":"https:\/\/nbg.eu\/sl\/wp-json\/wp\/v2\/media\/24978"}],"wp:attachment":[{"href":"https:\/\/nbg.eu\/sl\/wp-json\/wp\/v2\/media?parent=689750"}],"wp:term":[{"taxonomy":"product_brand","embeddable":true,"href":"https:\/\/nbg.eu\/sl\/wp-json\/wp\/v2\/product_brand?post=689750"},{"taxonomy":"product_cat","embeddable":true,"href":"https:\/\/nbg.eu\/sl\/wp-json\/wp\/v2\/product_cat?post=689750"},{"taxonomy":"product_tag","embeddable":true,"href":"https:\/\/nbg.eu\/sl\/wp-json\/wp\/v2\/product_tag?post=689750"}],"curies":[{"name":"wp","href":"https:\/\/api.w.org\/{rel}","templated":true}]}}