{"id":689787,"date":"2024-08-18T11:10:20","date_gmt":"2024-08-18T08:10:20","guid":{"rendered":"https:\/\/nbg.eu\/product\/firing-pin-screw-m4x5-din-913-kmr\/"},"modified":"2026-02-27T11:54:56","modified_gmt":"2026-02-27T08:54:56","slug":"firing-pin-screw-m4x5-din-913-kmr","status":"publish","type":"product","link":"https:\/\/nbg.eu\/sl\/izdelek\/firing-pin-screw-m4x5-din-913-kmr\/","title":{"rendered":"Za\u017eigalni zati\u010d M4X5 Din 913 KMR"},"content":{"rendered":"<h2>Vijak za spro\u017eilno iglo M4X5 Din 913 KMR<\/h2>\n<p>Natan\u010dno izdelan po zahtevnih specifikacijah, je Vijak za spro\u017eilno iglo M4X5 Din 913 KMR izdelan iz visoko kakovostnih materialov, ki zdr\u017ei zahtevno uporabo. Njegove mere M4 x 5 mm in konfiguracija DIN 913 ga delajo idealen za dolo\u010dene modele oro\u017eij KMR, pri \u010demer zagotavlja varno in zanesljivo povezavo za spro\u017eilni mehanizem.<\/p>\n<p>Ne glede na to, ali vzdr\u017eujete, popravljate ali nadgrajujete svoj sistem oro\u017eja KMR, je Vijak za spro\u017eilno iglo M4X5 Din 913 KMR bistvena komponenta, ki jo morate imeti pri roki. Njegova vzdr\u017eljivost in natan\u010dno in\u017eenirsko oblikovanje zagotavljata dosledno in zanesljivo delovanje, kar prispeva k splo\u0161ni zanesljivosti in u\u010dinkovitosti va\u0161ega oro\u017eja.<\/p>\n<p>Za oro\u017eja KMR:<\/p>\n<p>KMR S-01 LANCE (ALI)<\/p>\n<p>KMR S-02 10 (ALI) SR ADA<\/p>\n<p>KMR S-02 75 (ALI) SR ADA<\/p>\n<p>KMR S-02 OD 2024<\/p>\n<p>KMR S-02 SH1 (ALI) SR ADA<\/p>\n<p>KMR S-02 SH2 (ALI) SR ADA<\/p>\n<p>KMR S-02 TS (ALI) SR ADA<\/p>\n<p>KMR S-02 DO 2023<\/p>\n","protected":false},"excerpt":{"rendered":"<p>Vijak udarne igle M4X5 Din 913 za modele KMR.<\/p>\n","protected":false},"featured_media":25347,"template":"","meta":{"_acf_changed":false},"product_brand":[11509],"product_cat":[13433,14779],"product_tag":[],"class_list":{"0":"post-689787","1":"product","2":"type-product","3":"status-publish","4":"has-post-thumbnail","6":"product_brand-kmr-precision","7":"product_cat-kmr-deli","8":"product_cat-udarne-zatice","10":"first","11":"instock","12":"taxable","13":"shipping-taxable","14":"product-type-simple"},"acf":[],"_links":{"self":[{"href":"https:\/\/nbg.eu\/sl\/wp-json\/wp\/v2\/product\/689787","targetHints":{"allow":["GET"]}}],"collection":[{"href":"https:\/\/nbg.eu\/sl\/wp-json\/wp\/v2\/product"}],"about":[{"href":"https:\/\/nbg.eu\/sl\/wp-json\/wp\/v2\/types\/product"}],"wp:featuredmedia":[{"embeddable":true,"href":"https:\/\/nbg.eu\/sl\/wp-json\/wp\/v2\/media\/25347"}],"wp:attachment":[{"href":"https:\/\/nbg.eu\/sl\/wp-json\/wp\/v2\/media?parent=689787"}],"wp:term":[{"taxonomy":"product_brand","embeddable":true,"href":"https:\/\/nbg.eu\/sl\/wp-json\/wp\/v2\/product_brand?post=689787"},{"taxonomy":"product_cat","embeddable":true,"href":"https:\/\/nbg.eu\/sl\/wp-json\/wp\/v2\/product_cat?post=689787"},{"taxonomy":"product_tag","embeddable":true,"href":"https:\/\/nbg.eu\/sl\/wp-json\/wp\/v2\/product_tag?post=689787"}],"curies":[{"name":"wp","href":"https:\/\/api.w.org\/{rel}","templated":true}]}}