{"id":689820,"date":"2025-03-02T20:05:35","date_gmt":"2025-03-02T17:05:35","guid":{"rendered":"https:\/\/nbg.eu\/product\/fox-classic-hunter\/"},"modified":"2026-05-13T15:12:00","modified_gmt":"2026-05-13T12:12:00","slug":"fox-classic-hunter","status":"publish","type":"product","link":"https:\/\/nbg.eu\/sl\/izdelek\/fox-classic-hunter\/","title":{"rendered":"Fox Classic hunter"},"content":{"rendered":"<h2>Fox Classic Hunter krogle: Izjemno natan\u010dne in brez svinca<\/h2>\n<p>Zasnovane za izpolnjevanje strogih zahtev evropskega lova, kroglje Fox Classic Hunter zagotavljajo nekompromisniver\u0161ni u\u010dinek in eti\u010dno, brezsvincno lovljenje. Oblikovane iz trdne bakrovo-cinkove zlitine, te premium kroglje imajo dvojno-premerno odprtino in visok balisti\u010dni koeficient (BC) za ravne trajektorije in uni\u010dujo\u010de terminalne balistike.<\/p>\n<p>Lovci, ki i\u0161\u010dejo zanesljivo, brezsvincno strelivo mo\u017enost, se lahko zanesejo na Fox Classic Hunter za zagotovitev globoke prodirnosti in maksimalnega zadr\u017eevanja te\u017ee, potrebne za \u010disto, eti\u010dno usmrtitev. Z odstranitvijo svinca se meso ohrani nedotaknjeno in varno za u\u017eivanje, kar vam omogo\u010da, da v celoti u\u017eivate v sadovih va\u0161ega lova.<\/p>\n<p>Z naprednim oblikovanjem in sestavo materiala, Fox Classic Hunter zagotavlja u\u010dinek, ki ga zahtevate, ne da bi pri tem kompromitirali va\u0161e vrednote. Do\u017eivite popolno ravnote\u017eje natan\u010dnosti, mo\u010di in okoljske odgovornosti z vsakim strelom.<\/p>\n","protected":false},"excerpt":{"rendered":"<p>Klasi\u010dni lovski streli Fox: Svin\u010deni lovski naboji, ki nudijo uni\u010dujo\u010de terminalno balistiko.<\/p>\n","protected":false},"featured_media":0,"template":"","meta":{"_acf_changed":false},"product_brand":[],"product_cat":[13499],"product_tag":[],"class_list":{"0":"post-689820","1":"product","2":"type-product","3":"status-publish","5":"product_cat-nekategorizirano","7":"first","8":"instock","9":"taxable","10":"shipping-taxable","11":"purchasable","12":"product-type-variable","13":"wvs-archive-product-wrapper"},"acf":[],"_links":{"self":[{"href":"https:\/\/nbg.eu\/sl\/wp-json\/wp\/v2\/product\/689820","targetHints":{"allow":["GET"]}}],"collection":[{"href":"https:\/\/nbg.eu\/sl\/wp-json\/wp\/v2\/product"}],"about":[{"href":"https:\/\/nbg.eu\/sl\/wp-json\/wp\/v2\/types\/product"}],"wp:attachment":[{"href":"https:\/\/nbg.eu\/sl\/wp-json\/wp\/v2\/media?parent=689820"}],"wp:term":[{"taxonomy":"product_brand","embeddable":true,"href":"https:\/\/nbg.eu\/sl\/wp-json\/wp\/v2\/product_brand?post=689820"},{"taxonomy":"product_cat","embeddable":true,"href":"https:\/\/nbg.eu\/sl\/wp-json\/wp\/v2\/product_cat?post=689820"},{"taxonomy":"product_tag","embeddable":true,"href":"https:\/\/nbg.eu\/sl\/wp-json\/wp\/v2\/product_tag?post=689820"}],"curies":[{"name":"wp","href":"https:\/\/api.w.org\/{rel}","templated":true}]}}