{"id":690535,"date":"2024-08-18T11:12:46","date_gmt":"2024-08-18T08:12:46","guid":{"rendered":"https:\/\/nbg.eu\/product\/front-sight-screw-m3x3-din-914-kmr\/"},"modified":"2026-05-13T15:10:02","modified_gmt":"2026-05-13T12:10:02","slug":"front-sight-screw-m3x3-din-914-kmr","status":"publish","type":"product","link":"https:\/\/nbg.eu\/sl\/izdelek\/front-sight-screw-m3x3-din-914-kmr\/","title":{"rendered":"KMR Vijak Prednjega Merila M3x3 DIN 914"},"content":{"rendered":"<h2>Prednji daljnoglednik Vijak M3X3 Din 914 KMR<\/h2>\n<p>Izbolj\u0161ajte delovanje va\u0161ega oro\u017eja z Prednji daljnoglednik Vijak M3X3 Din 914 KMR. Zasnovan za zdru\u017eljivost z vrsto KMR modelov, ta vijak zagotavlja varno in natan\u010dno prileganje, izbolj\u0161uje stabilnost in natan\u010dnost va\u0161ega strelnega oro\u017eja. Izdelan iz visokokakovostnih materialov, je Prednji daljnoglednik Vijak M3X3 Din 914 KMR zgrajen, da zdr\u017ei zahteve takti\u010dnega in tekmovalnega strelskega okolja.<\/p>\n<p>Za oro\u017eja KMR:<\/p>\n<p>KMR L-02 EMIQ (OR)<\/p>\n<p>KMR L-02 ORCA OD 2024<\/p>\n<p>KMR L-02 ORCA DO 2023<\/p>\n<p>KMR L-02 SPECTRA OD 2024<\/p>\n<p>KMR L-02 SPECTRA DO 2023<\/p>\n<p>KMR L-02 UMBRA (OR) SR<\/p>\n<p>KMR S-01 LANCE (OR)<\/p>\n<p>KMR S-02 10 (OR) SR ADA<\/p>\n<p>KMR S-02 75 (OR) SR ADA<\/p>\n<p>KMR S-02 OD 2024<\/p>\n<p>KMR S-02 SH1 (OR) SR ADA<\/p>\n<p>KMR S-02 SH2 (OR) SR ADA<\/p>\n<p>KMR S-02 TS (OR) SR ADA<\/p>\n<p>KMR S-02 DO 2023<\/p>\n<p>KMR W-02 CUDA (OR)<\/p>\n<p>KMR W-02 UMBRA<\/p>\n<p>KMR W-02 UMBRA (OR)<\/p>\n","protected":false},"excerpt":{"rendered":"<p>Vijak za nastavljivo vidno to\u010dko M3X3 Din 914 za modele KMR oro\u017eja.<\/p>\n","protected":false},"featured_media":25416,"template":"","meta":{"_acf_changed":false},"product_brand":[11509],"product_cat":[13433],"product_tag":[],"class_list":{"0":"post-690535","1":"product","2":"type-product","3":"status-publish","4":"has-post-thumbnail","6":"product_brand-kmr-precision","7":"product_cat-kmr-deli","9":"first","10":"instock","11":"taxable","12":"shipping-taxable","13":"product-type-simple"},"acf":[],"_links":{"self":[{"href":"https:\/\/nbg.eu\/sl\/wp-json\/wp\/v2\/product\/690535","targetHints":{"allow":["GET"]}}],"collection":[{"href":"https:\/\/nbg.eu\/sl\/wp-json\/wp\/v2\/product"}],"about":[{"href":"https:\/\/nbg.eu\/sl\/wp-json\/wp\/v2\/types\/product"}],"wp:featuredmedia":[{"embeddable":true,"href":"https:\/\/nbg.eu\/sl\/wp-json\/wp\/v2\/media\/25416"}],"wp:attachment":[{"href":"https:\/\/nbg.eu\/sl\/wp-json\/wp\/v2\/media?parent=690535"}],"wp:term":[{"taxonomy":"product_brand","embeddable":true,"href":"https:\/\/nbg.eu\/sl\/wp-json\/wp\/v2\/product_brand?post=690535"},{"taxonomy":"product_cat","embeddable":true,"href":"https:\/\/nbg.eu\/sl\/wp-json\/wp\/v2\/product_cat?post=690535"},{"taxonomy":"product_tag","embeddable":true,"href":"https:\/\/nbg.eu\/sl\/wp-json\/wp\/v2\/product_tag?post=690535"}],"curies":[{"name":"wp","href":"https:\/\/api.w.org\/{rel}","templated":true}]}}