{"id":690572,"date":"2024-11-27T10:37:53","date_gmt":"2024-11-27T07:37:53","guid":{"rendered":"https:\/\/nbg.eu\/product\/geissele-20-round-6mm-arc-magazine-black\/"},"modified":"2026-05-13T16:02:29","modified_gmt":"2026-05-13T13:02:29","slug":"geissele-20-round-6mm-arc-magazine-black","status":"publish","type":"product","link":"https:\/\/nbg.eu\/sl\/izdelek\/geissele-20-round-6mm-arc-magazine-black\/","title":{"rendered":"Geissele Nabojnik 6mm ARC 20 Nabojev &#8211; Black"},"content":{"rendered":"<div class=\"product-description\">\n<h2>Geissele 20 krogla 6mm ARC Revolver \u2013 \u010crna<\/h2>\n<p>Do\u017eivite neprimerljivo trdnost in zanesljivost z Geissele revolver 6mm ARC. Natan\u010dno izdelan za naboj 6mm ARC, ta 20-krogli\u010dni revolver odlikuje robustna enoplastna konstrukcija in lasersko varjenje za ve\u010djo mo\u010d.<\/p>\n<ul>\n<li>Ultra trpe\u017eno 410 nerjavno jeklo z \u010drnim nitridnim premazom<\/li>\n<li>Proti-nagibni potisnik zagotavlja gladko dovajanje<\/li>\n<li>Zasnova odporna na korozijo za dolgo \u017eivljenjsko dobo<\/li>\n<li>Vzmet iz nerjave\u010dega jekla za konsistentno delovanje<\/li>\n<li>Skupna dol\u017eina: 6,1 palcev<\/li>\n<li>Z veseljem izdelano v ZDA<\/li>\n<\/ul>\n<p>Povzdignite svojo strelsko izku\u0161njo z Geissele predanostjo kakovosti in natan\u010dnosti. Ta revolver je zgrajen, da pre\u017eivi napore intenzivne uporabe, hkrati pa ohranja brezhibno funkcionalnost. Izberite Geissele za kompromisno delovanje v vsaki krogli.<\/p>\n<\/div>\n","protected":false},"excerpt":{"rendered":"<p>Trpe\u017een 20-round 6mm ARC sod. Proti nagibanju, odporen proti koroziji. Izdelan v ZDA.<\/p>\n","protected":false},"featured_media":81854,"template":"","meta":{"_acf_changed":false},"product_brand":[11389],"product_cat":[13490,13483],"product_tag":[],"class_list":{"0":"post-690572","1":"product","2":"type-product","3":"status-publish","4":"has-post-thumbnail","6":"product_brand-geissele","7":"product_cat-nabojniki-za-puske","8":"product_cat-puska","10":"first","11":"instock","12":"taxable","13":"shipping-taxable","14":"product-type-simple"},"acf":[],"_links":{"self":[{"href":"https:\/\/nbg.eu\/sl\/wp-json\/wp\/v2\/product\/690572","targetHints":{"allow":["GET"]}}],"collection":[{"href":"https:\/\/nbg.eu\/sl\/wp-json\/wp\/v2\/product"}],"about":[{"href":"https:\/\/nbg.eu\/sl\/wp-json\/wp\/v2\/types\/product"}],"wp:featuredmedia":[{"embeddable":true,"href":"https:\/\/nbg.eu\/sl\/wp-json\/wp\/v2\/media\/81854"}],"wp:attachment":[{"href":"https:\/\/nbg.eu\/sl\/wp-json\/wp\/v2\/media?parent=690572"}],"wp:term":[{"taxonomy":"product_brand","embeddable":true,"href":"https:\/\/nbg.eu\/sl\/wp-json\/wp\/v2\/product_brand?post=690572"},{"taxonomy":"product_cat","embeddable":true,"href":"https:\/\/nbg.eu\/sl\/wp-json\/wp\/v2\/product_cat?post=690572"},{"taxonomy":"product_tag","embeddable":true,"href":"https:\/\/nbg.eu\/sl\/wp-json\/wp\/v2\/product_tag?post=690572"}],"curies":[{"name":"wp","href":"https:\/\/api.w.org\/{rel}","templated":true}]}}