{"id":690579,"date":"2025-08-20T18:30:18","date_gmt":"2025-08-20T15:30:18","guid":{"rendered":"https:\/\/nbg.eu\/product\/german-tactical-systems-adjustable-ak-rear-sight\/"},"modified":"2026-05-13T16:48:56","modified_gmt":"2026-05-13T13:48:56","slug":"german-tactical-systems-adjustable-ak-rear-sight","status":"publish","type":"product","link":"https:\/\/nbg.eu\/sl\/izdelek\/german-tactical-systems-adjustable-ak-rear-sight\/","title":{"rendered":"GERMAN TACTICAL SYSTEMS Adjustable AK Rear Sight"},"content":{"rendered":"<h2>GERMAN TACTICAL SYSTEMS Nastavljiv hrbtni in \u017eeleni zadnji merek za AK<\/h2>\n<p>Izbolj\u0161ajte natan\u010dnost va\u0161e AK platforme s tem natan\u010dno in\u017eeniriranim zadnjim merkom. Za razliko od tradicionalnih merkov AK nudi ta inovativna zasnova nastavitve tako bo\u010dnega kot tudi vi\u0161inskega premika za neprimerljivo to\u010dnost zadevanja.<\/p>\n<ul>\n<li>Dvojna nastavitev za bo\u010dni in vi\u0161inski premik<\/li>\n<li>Odporna jeklena konstrukcija<\/li>\n<li>Enostavne nastavitve brez orodja<\/li>\n<li>Zdru\u017eljivo z ve\u010dino razli\u010dic AK<\/li>\n<li>Oblikovanje z nizkim profilom<\/li>\n<\/ul>\n<p>Primerno za tekmovalne strelce, takti\u010dne operaterje in navdu\u0161ence nad AK. Izbolj\u0161ajte delovanje in estetiko va\u0161e AK s tem prilagodljivim in enostavnim za uporabo merkom. Dose\u017eite vrhunsko natan\u010dnost v vseh pogojih, od streli\u0161\u010da do terena.<\/p>\n","protected":false},"excerpt":{"rendered":"<p>Nastavljiv zadnji vizir AK: nadzor smeri in vi\u0161ine, vzdr\u017eljivo jeklo.<\/p>\n","protected":false},"featured_media":471154,"template":"","meta":{"_acf_changed":false},"product_brand":[],"product_cat":[13421,13483,13444],"product_tag":[],"class_list":{"0":"post-690579","1":"product","2":"type-product","3":"status-publish","4":"has-post-thumbnail","6":"product_cat-ak-tuning","7":"product_cat-puska","8":"product_cat-tuning-za-puske","10":"first","11":"outofstock","12":"taxable","13":"shipping-taxable","14":"purchasable","15":"product-type-simple"},"acf":[],"_links":{"self":[{"href":"https:\/\/nbg.eu\/sl\/wp-json\/wp\/v2\/product\/690579","targetHints":{"allow":["GET"]}}],"collection":[{"href":"https:\/\/nbg.eu\/sl\/wp-json\/wp\/v2\/product"}],"about":[{"href":"https:\/\/nbg.eu\/sl\/wp-json\/wp\/v2\/types\/product"}],"wp:featuredmedia":[{"embeddable":true,"href":"https:\/\/nbg.eu\/sl\/wp-json\/wp\/v2\/media\/471154"}],"wp:attachment":[{"href":"https:\/\/nbg.eu\/sl\/wp-json\/wp\/v2\/media?parent=690579"}],"wp:term":[{"taxonomy":"product_brand","embeddable":true,"href":"https:\/\/nbg.eu\/sl\/wp-json\/wp\/v2\/product_brand?post=690579"},{"taxonomy":"product_cat","embeddable":true,"href":"https:\/\/nbg.eu\/sl\/wp-json\/wp\/v2\/product_cat?post=690579"},{"taxonomy":"product_tag","embeddable":true,"href":"https:\/\/nbg.eu\/sl\/wp-json\/wp\/v2\/product_tag?post=690579"}],"curies":[{"name":"wp","href":"https:\/\/api.w.org\/{rel}","templated":true}]}}