{"id":690605,"date":"2024-08-17T14:52:53","date_gmt":"2024-08-17T11:52:53","guid":{"rendered":"https:\/\/nbg.eu\/product\/fully-adjustable-sight-kmr-black-wide\/"},"modified":"2026-02-27T15:51:03","modified_gmt":"2026-02-27T12:51:03","slug":"fully-adjustable-sight-kmr-black-wide","status":"publish","type":"product","link":"https:\/\/nbg.eu\/sl\/izdelek\/fully-adjustable-sight-kmr-black-wide\/","title":{"rendered":"Popolnoma nastavljiv vizir KMR \u010drn-\u0161irok"},"content":{"rendered":"<h2>Popolnoma prilagodljiv vizir KMR Black-Wide: Mojstrstvo natan\u010dnosti za tekmovalne strelce<\/h2>\n<p>Popolnoma prilagodljiv vizir KMR Black-Wide je ultimativni dodatek za tekmovalne strelce, ki si prizadevajo za neprimerljivo natan\u010dnost in vsestransko uporabnost. Zasnovan s poudarkom na umeritvi vi\u0161ine\/stranskega premika in pridobitvi visoko kontrastnega cilja, ta vizir zagotavlja u\u010dinkovitost, ki jo potrebujete za dominacijo na streli\u0161\u010du.<\/p>\n<p>S funkcijo mikrometri\u010dnega klik prilagajanja KMR Black-Wide vam omogo\u010da, da natan\u010dno nastavite svojo to\u010dko zadetka glede na va\u0161 specifi\u010dni naboj in razdaljo, kar zagotavlja nesprejemljivo natan\u010dnost. \u0160irok zadnji zarezen vizir zagotavlja bolj\u0161o sliko cilja za hitre prehode, medtem ko mat \u010drna antiodbleskov\u00e1, nazob\u010dana povr\u0161ina odpravlja ble\u0161\u010danje sonca za \u010disti, \u010drno-\u010drni profil.<\/p>\n<p>Ne glede na to, ali se ukvarjate z natan\u010dnimi tekmovanji na dolge razdalje ali navigirate z izzivi dinami\u010dnega jekla, je Popolnoma prilagodljiv vizir KMR Black-Wide klju\u010d do odklepanja va\u0161ega pravega potenciala. Nadgradite svojo opremo in popeljite svoje streljanje na nove vi\u0161ine s tem izjemnim sistemom za viziranje.<\/p>\n","protected":false},"excerpt":{"rendered":"<p>Popolnoma nastavljiv vizir KMR \u010crna-\u0160iroka &#8211; Natan\u010dno nastavitev vi\u0161ine\/smeri in visoko-kontrastni zajem tar\u010de.<\/p>\n","protected":false},"featured_media":30353,"template":"","meta":{"_acf_changed":false},"product_brand":[11509],"product_cat":[13433],"product_tag":[],"class_list":{"0":"post-690605","1":"product","2":"type-product","3":"status-publish","4":"has-post-thumbnail","6":"product_brand-kmr-precision","7":"product_cat-kmr-deli","9":"first","10":"instock","11":"taxable","12":"shipping-taxable","13":"product-type-simple"},"acf":[],"_links":{"self":[{"href":"https:\/\/nbg.eu\/sl\/wp-json\/wp\/v2\/product\/690605","targetHints":{"allow":["GET"]}}],"collection":[{"href":"https:\/\/nbg.eu\/sl\/wp-json\/wp\/v2\/product"}],"about":[{"href":"https:\/\/nbg.eu\/sl\/wp-json\/wp\/v2\/types\/product"}],"wp:featuredmedia":[{"embeddable":true,"href":"https:\/\/nbg.eu\/sl\/wp-json\/wp\/v2\/media\/30353"}],"wp:attachment":[{"href":"https:\/\/nbg.eu\/sl\/wp-json\/wp\/v2\/media?parent=690605"}],"wp:term":[{"taxonomy":"product_brand","embeddable":true,"href":"https:\/\/nbg.eu\/sl\/wp-json\/wp\/v2\/product_brand?post=690605"},{"taxonomy":"product_cat","embeddable":true,"href":"https:\/\/nbg.eu\/sl\/wp-json\/wp\/v2\/product_cat?post=690605"},{"taxonomy":"product_tag","embeddable":true,"href":"https:\/\/nbg.eu\/sl\/wp-json\/wp\/v2\/product_tag?post=690605"}],"curies":[{"name":"wp","href":"https:\/\/api.w.org\/{rel}","templated":true}]}}