{"id":690748,"date":"2024-08-16T23:16:01","date_gmt":"2024-08-16T20:16:01","guid":{"rendered":"https:\/\/nbg.eu\/product\/hammer-pin-kmr\/"},"modified":"2026-05-13T16:04:31","modified_gmt":"2026-05-13T13:04:31","slug":"hammer-pin-kmr","status":"publish","type":"product","link":"https:\/\/nbg.eu\/sl\/izdelek\/hammer-pin-kmr\/","title":{"rendered":"KMR Zati\u010d Petelina"},"content":{"rendered":"<h2>Kladivasti zati\u010d za pi\u0161tole KMR: natan\u010dnost in zanesljivost za va\u0161 v\u017eigni sistem<\/h2>\n<p>Zagotovite gladko in dosledno delovanje v\u017eignega sistema va\u0161e pi\u0161tole KMR z na\u0161im vrhunskim kladivitstim zati\u010dem. Izdelan iz precizno bru\u0161enega utrjenega jekla je zasnovan kot primarna os za gibanje kladiva, kar zagotavlja zanesljivo in ponovljivo geometrijo padca kladiva in spro\u017eilca.<\/p>\n<p>Na\u0161 kladivasti zati\u010d ima to\u010den tovarni\u0161ki premer za popolno prilagoditev okvirjev KMR. Zasnovan je tako, da prepre\u010duje pogoste te\u017eave, kot je &#8220;premikanje zati\u010da&#8221; med hitrim streljanjem. Njegova povr\u0161inska za\u0161\u010dita odpornosti na obrabo dodatno izbolj\u0161uje vzdr\u017eljivost zati\u010da in zagotavlja celovitost strukturne integritete kriti\u010dnih komponent va\u0161ega strelnega oro\u017eja.<\/p>\n<p>Ne glede na to, ali ste zagrizeni tekmovalni strelec ali predani rekreativni uporabnik, je kladivasti zati\u010d za pi\u0161tole KMR klju\u010dna komponenta, ki jo potrebujete za zagotavljanje gladkega in zanesljivega delovanja va\u0161ega v\u017eignega sistema. Zaupajte v njegovo precizno in\u017eenirstvo in neomajno u\u010dinkovitost, da dvignete svojo streljanje na nove vi\u0161ine.<\/p>\n","protected":false},"excerpt":{"rendered":"<p>Precizno kaljejen jekleni zati\u010d zagotavlja stabilen vpivalni zati\u00e8 kladiva in gladek sprostitveni poteg za pi\u0161tole KMR.<\/p>\n","protected":false},"featured_media":23696,"template":"","meta":{"_acf_changed":false},"product_brand":[11509],"product_cat":[13433],"product_tag":[],"class_list":{"0":"post-690748","1":"product","2":"type-product","3":"status-publish","4":"has-post-thumbnail","6":"product_brand-kmr-precision","7":"product_cat-kmr-deli","9":"first","10":"instock","11":"taxable","12":"shipping-taxable","13":"product-type-simple"},"acf":[],"_links":{"self":[{"href":"https:\/\/nbg.eu\/sl\/wp-json\/wp\/v2\/product\/690748","targetHints":{"allow":["GET"]}}],"collection":[{"href":"https:\/\/nbg.eu\/sl\/wp-json\/wp\/v2\/product"}],"about":[{"href":"https:\/\/nbg.eu\/sl\/wp-json\/wp\/v2\/types\/product"}],"wp:featuredmedia":[{"embeddable":true,"href":"https:\/\/nbg.eu\/sl\/wp-json\/wp\/v2\/media\/23696"}],"wp:attachment":[{"href":"https:\/\/nbg.eu\/sl\/wp-json\/wp\/v2\/media?parent=690748"}],"wp:term":[{"taxonomy":"product_brand","embeddable":true,"href":"https:\/\/nbg.eu\/sl\/wp-json\/wp\/v2\/product_brand?post=690748"},{"taxonomy":"product_cat","embeddable":true,"href":"https:\/\/nbg.eu\/sl\/wp-json\/wp\/v2\/product_cat?post=690748"},{"taxonomy":"product_tag","embeddable":true,"href":"https:\/\/nbg.eu\/sl\/wp-json\/wp\/v2\/product_tag?post=690748"}],"curies":[{"name":"wp","href":"https:\/\/api.w.org\/{rel}","templated":true}]}}