{"id":690791,"date":"2024-08-17T15:16:50","date_gmt":"2024-08-17T12:16:50","guid":{"rendered":"https:\/\/nbg.eu\/product\/hammer-pin-safety-pin-kmr\/"},"modified":"2026-05-13T16:03:39","modified_gmt":"2026-05-13T13:03:39","slug":"hammer-pin-safety-pin-kmr","status":"publish","type":"product","link":"https:\/\/nbg.eu\/sl\/izdelek\/hammer-pin-safety-pin-kmr\/","title":{"rendered":"KMR Varnostni Zati\u010d Petelina"},"content":{"rendered":"<h2>Varnostna zaponka za kladivo za pi\u0161tole KMR<\/h2>\n<p>Zagotovite natan\u010dno poravnavo in gladko delovanje kladiva in ro\u010dnega varovala va\u0161e pi\u0161tole KMR z Varnostno zaponko za kladivo. Ta natan\u010dno obdelana komponenta je izdelana iz kaljenega orodnega jekla v skladu s tovarni\u0161kimi specifikacijami KMR, kar zagotavlja odli\u010dno trajnost in odpornost na strig pri povratnem u\u010dinku.<\/p>\n<p>Varnostna zaponka za kladivo ima dvojno funkcijo, saj zagotavlja zanesljivo pritrditev in stabilnost vrti\u0161\u010da za kladivo in varnostno ro\u010dico. Z ohranjanjem popolne poravnave pomaga ohraniti oster spro\u017eilni ugriz in pozitivno delovanje varnosti, hkrati pa prepre\u010duje ne\u017eeleno bo\u010dno premikanje v okvirju.<\/p>\n<p>Zaupajo ji zahtevni lastniki KMR, ta bistveni nadgradnji zagotavlja, da ostanejo kriti\u010dni kontrolni elementi va\u0161ega pi\u0161tole natan\u010dno name\u0161\u010deni, tudi v najbolj zahtevnih pogojih. Do\u017eivite zaupanje gladkega, doslednega delovanja in neomajne varnosti z Varnostno zaponko za kladivo za va\u0161o pi\u0161tolo KMR.<\/p>\n","protected":false},"excerpt":{"rendered":"<p>Natan\u010den kladivce in varnostna zaponka za pi\u0161tole KMR, kar zagotavlja poravnanost in gladko delovanje.<\/p>\n","protected":false},"featured_media":24096,"template":"","meta":{"_acf_changed":false},"product_brand":[11509],"product_cat":[13433],"product_tag":[],"class_list":{"0":"post-690791","1":"product","2":"type-product","3":"status-publish","4":"has-post-thumbnail","6":"product_brand-kmr-precision","7":"product_cat-kmr-deli","9":"first","10":"instock","11":"taxable","12":"shipping-taxable","13":"product-type-simple"},"acf":[],"_links":{"self":[{"href":"https:\/\/nbg.eu\/sl\/wp-json\/wp\/v2\/product\/690791","targetHints":{"allow":["GET"]}}],"collection":[{"href":"https:\/\/nbg.eu\/sl\/wp-json\/wp\/v2\/product"}],"about":[{"href":"https:\/\/nbg.eu\/sl\/wp-json\/wp\/v2\/types\/product"}],"wp:featuredmedia":[{"embeddable":true,"href":"https:\/\/nbg.eu\/sl\/wp-json\/wp\/v2\/media\/24096"}],"wp:attachment":[{"href":"https:\/\/nbg.eu\/sl\/wp-json\/wp\/v2\/media?parent=690791"}],"wp:term":[{"taxonomy":"product_brand","embeddable":true,"href":"https:\/\/nbg.eu\/sl\/wp-json\/wp\/v2\/product_brand?post=690791"},{"taxonomy":"product_cat","embeddable":true,"href":"https:\/\/nbg.eu\/sl\/wp-json\/wp\/v2\/product_cat?post=690791"},{"taxonomy":"product_tag","embeddable":true,"href":"https:\/\/nbg.eu\/sl\/wp-json\/wp\/v2\/product_tag?post=690791"}],"curies":[{"name":"wp","href":"https:\/\/api.w.org\/{rel}","templated":true}]}}