{"id":690881,"date":"2024-09-18T20:49:20","date_gmt":"2024-09-18T17:49:20","guid":{"rendered":"https:\/\/nbg.eu\/product\/holosun-1-63-riser-for-hs510c-red-dot-sight-hs-riser-510c\/"},"modified":"2026-05-13T16:02:31","modified_gmt":"2026-05-13T13:02:31","slug":"holosun-1-63-riser-for-hs510c-red-dot-sight-hs-riser-510c","status":"publish","type":"product","link":"https:\/\/nbg.eu\/sl\/izdelek\/holosun-1-63-riser-for-hs510c-red-dot-sight-hs-riser-510c\/","title":{"rendered":"Holosun 1.63&#8243; Riser for HS510C Red Dot Sight | HS-RISER-510C"},"content":{"rendered":"<h2>Holosun 1.63&#8221; Visoki Podstavek HS-RISER-510C za HS510C<\/h2>\n<p>Povzdignite svojo strelsko izku\u0161njo z Holosun visokim podstavkom, posebej oblikovanim za HS510C. Ta podstavek ponuja idealno 1.63&#8221; vi\u0161ino linij viziranja, idealno za strelno oro\u017eje s ravnimi ro\u010daji, kjer se naslon za ramo poravna z ohi\u0161jem oro\u017eja.<\/p>\n<h2>Klju\u010dne zna\u010dilnosti:<\/h2>\n<ul>\n<li>Enostavna uporaba in namestitev<\/li>\n<li>Kompaktna zasnova za optimalno delovanje<\/li>\n<li>Izjemna trdnost z robustno konstrukcijo iz duraluminija<\/li>\n<li>Ponovljiva natan\u010dnost za usklajen strel<\/li>\n<li>Lahka, a trdna gradnja<\/li>\n<\/ul>\n<h2>Tehni\u010dne specifikacije:<\/h2>\n<ul>\n<li>Delovna temperatura: -30\u00b0C do 60\u00b0C<\/li>\n<li>Temperatura shranjevanja: -40\u00b0C do 70\u00b0C<\/li>\n<li>Dimenzije: 80.5 x 40 x 5.5 mm<\/li>\n<li>Material: Aluminij<\/li>\n<li>Barva: \u010crna<\/li>\n<li>Te\u017ea: 44 g<\/li>\n<\/ul>\n<p>Nadgradite svoj Holosun HS510C s tem visokokakovostnim dvigalnim podstavkom, konstruiranim za natan\u010dnost in zanesljivost v razli\u010dnih strelskih pogojih. Ne glede na to, ali ste profesionalec ali navdu\u0161enec, je HS-RISER-510C popolna dodatna oprema za izbolj\u0161anje delovanja va\u0161ega strelnega oro\u017eja.<\/p>\n","protected":false},"excerpt":{"rendered":"<p>Dvignite svoj HS510C s to trajno 1,63&#8243; visoko nosilno dr\u017ealo.<\/p>\n","protected":false},"featured_media":64741,"template":"","meta":{"_acf_changed":false},"product_brand":[11440],"product_cat":[14911],"product_tag":[],"class_list":{"0":"post-690881","1":"product","2":"type-product","3":"status-publish","4":"has-post-thumbnail","6":"product_brand-holosun","7":"product_cat-red-dot-sights-mounts-sl","9":"first","10":"instock","11":"taxable","12":"shipping-taxable","13":"purchasable","14":"product-type-simple"},"acf":[],"_links":{"self":[{"href":"https:\/\/nbg.eu\/sl\/wp-json\/wp\/v2\/product\/690881","targetHints":{"allow":["GET"]}}],"collection":[{"href":"https:\/\/nbg.eu\/sl\/wp-json\/wp\/v2\/product"}],"about":[{"href":"https:\/\/nbg.eu\/sl\/wp-json\/wp\/v2\/types\/product"}],"wp:featuredmedia":[{"embeddable":true,"href":"https:\/\/nbg.eu\/sl\/wp-json\/wp\/v2\/media\/64741"}],"wp:attachment":[{"href":"https:\/\/nbg.eu\/sl\/wp-json\/wp\/v2\/media?parent=690881"}],"wp:term":[{"taxonomy":"product_brand","embeddable":true,"href":"https:\/\/nbg.eu\/sl\/wp-json\/wp\/v2\/product_brand?post=690881"},{"taxonomy":"product_cat","embeddable":true,"href":"https:\/\/nbg.eu\/sl\/wp-json\/wp\/v2\/product_cat?post=690881"},{"taxonomy":"product_tag","embeddable":true,"href":"https:\/\/nbg.eu\/sl\/wp-json\/wp\/v2\/product_tag?post=690881"}],"curies":[{"name":"wp","href":"https:\/\/api.w.org\/{rel}","templated":true}]}}