{"id":690991,"date":"2024-07-25T21:45:22","date_gmt":"2024-07-25T18:45:22","guid":{"rendered":"https:\/\/nbg.eu\/product\/hornady-6mm-arc-108gr-eld-match-ammunition\/"},"modified":"2026-05-13T15:11:57","modified_gmt":"2026-05-13T12:11:57","slug":"hornady-6mm-arc-108gr-eld-match-ammunition","status":"publish","type":"product","link":"https:\/\/nbg.eu\/sl\/izdelek\/hornady-6mm-arc-108gr-eld-match-ammunition\/","title":{"rendered":"Hornady 6mm ARC 108gr. ELD MATCH Ammunition"},"content":{"rendered":"<div class=\"product-description\">\n<h2>Hornady 6mm ARC 108gr. ELD MATCH Strelivo<\/h2>\n<p>Do\u017eivite neprimerljive u\u010dinke s streljevom Hornady 6mm ARC 108gr. ELD MATCH. Ta ve\u010dnamenski naboj zagotavlja:<\/p>\n<ul>\n<li>Izjemno u\u010dinkovitost z visokokoeficientnimi krogli<\/li>\n<li>Brez primere u\u010dinkovitost iz platform AR-15<\/li>\n<li>Optimalne rezultate v kratkih ali mikrovgradnih pe\u0161\u010denih pu\u0161elj<\/li>\n<li>Primerno za tekmovalno streljanje, lov in osebno obrambo<\/li>\n<li>Odli\u010dno terminalno u\u010dinkovitost v razli\u010dnih aplikacijah<\/li>\n<\/ul>\n<p>Naboj 6mm ARC zdru\u017euje najsodobnej\u0161o zasnovo nabojev z skrbno izbranimi krogli ter ponuja popolno ravnovesje med te\u017eo sistema, u\u010dinkovitostjo in strelnostjo. Ne glede na to, ali ste tekmovalni strelec, lovec ali policijski strokovnjak, to strelivo vam zagotavlja natan\u010dnost in mo\u010d, ki jih potrebujete.<\/p>\n<\/div>\n","protected":false},"excerpt":{"rendered":"<p>Ve\u010dnamenski 6mm ARC: Natan\u010dna tekma za strelivo za pu\u0161ke AR-15 in repetira\u010dne pu\u0161ke.<\/p>\n","protected":false},"featured_media":691098,"template":"","meta":{"_acf_changed":false},"product_brand":[11459],"product_cat":[13496,13486],"product_tag":[],"class_list":{"0":"post-690991","1":"product","2":"type-product","3":"status-publish","4":"has-post-thumbnail","6":"product_brand-hornady","7":"product_cat-puscano-strelivo","8":"product_cat-strelivo","10":"first","11":"instock","12":"taxable","13":"shipping-taxable","14":"purchasable","15":"product-type-simple"},"acf":[],"_links":{"self":[{"href":"https:\/\/nbg.eu\/sl\/wp-json\/wp\/v2\/product\/690991","targetHints":{"allow":["GET"]}}],"collection":[{"href":"https:\/\/nbg.eu\/sl\/wp-json\/wp\/v2\/product"}],"about":[{"href":"https:\/\/nbg.eu\/sl\/wp-json\/wp\/v2\/types\/product"}],"wp:featuredmedia":[{"embeddable":true,"href":"https:\/\/nbg.eu\/sl\/wp-json\/wp\/v2\/media\/691098"}],"wp:attachment":[{"href":"https:\/\/nbg.eu\/sl\/wp-json\/wp\/v2\/media?parent=690991"}],"wp:term":[{"taxonomy":"product_brand","embeddable":true,"href":"https:\/\/nbg.eu\/sl\/wp-json\/wp\/v2\/product_brand?post=690991"},{"taxonomy":"product_cat","embeddable":true,"href":"https:\/\/nbg.eu\/sl\/wp-json\/wp\/v2\/product_cat?post=690991"},{"taxonomy":"product_tag","embeddable":true,"href":"https:\/\/nbg.eu\/sl\/wp-json\/wp\/v2\/product_tag?post=690991"}],"curies":[{"name":"wp","href":"https:\/\/api.w.org\/{rel}","templated":true}]}}