{"id":691113,"date":"2025-03-04T21:24:07","date_gmt":"2025-03-04T18:24:07","guid":{"rendered":"https:\/\/nbg.eu\/product\/kmr-hand-stop-set-m-lok-alu-black\/"},"modified":"2026-05-13T15:56:48","modified_gmt":"2026-05-13T12:56:48","slug":"kmr-hand-stop-set-m-lok-alu-black","status":"publish","type":"product","link":"https:\/\/nbg.eu\/sl\/izdelek\/kmr-hand-stop-set-m-lok-alu-black\/","title":{"rendered":"KMR Hand Stop Komplet M-LOK ALU \u010crn"},"content":{"rendered":"<h2>KMR ro\u010dni stop set (M-LOK) \u2013 aluminij, \u010drn<\/h2>\n<p>Izbolj\u0161ajte svoje streljanje z ro\u010dnim stop setom KMR, ve\u010dnamenskim dodatkom, zasnovanim za izbolj\u0161anje obvladovanja povratnega sunka, namestitve roke in splo\u0161nega nadzora nad oro\u017ejem. Izdelan iz lahkega, CNC-obdelanega aluminija in z mat \u010drno oksidirano povr\u0161ino ta ro\u010dni stop set gladko sodeluje z va\u0161im oro\u017ejem, zdru\u017eljivim z M-LOK.<\/p>\n<p>Modularni dvodelni ali teksturiran dizajn zagotavlja stalen oprijemalni to\u010dko za va\u0161o podporno roko, zagotavlja ponovljiv oprijem in prepre\u010duje drsenje roke proti ustju. Z omogo\u010danjem, da pu\u0161ko povle\u010dete v ramo, ro\u010dni stop set KMR zagotavlja bistveno plo\u0161\u010dato streljanje in hitrej\u0161e nadaljevalne strele, kar izbolj\u0161a va\u0161o splo\u0161no natan\u010dnost in strelsko u\u010dinkovitost.<\/p>\n<p>Ne glede na to, ali ste izku\u0161en strelec ali strastni hobi strelec, je ro\u010dni stop set KMR nujno nadgradnja za va\u0161e oro\u017eje. Izbolj\u0161ajte svoje strelsko izku\u0161njo in dvignite svoje spretnosti na nove vi\u0161ine s tem inovativnim in zanesljivim dodatkom.<\/p>\n","protected":false},"excerpt":{"rendered":"<p>Komplet zadr\u017eevalnika roke KMR, M-LOK, aluminij, \u010drn &#8211; Izbolj\u0161ano obvladovanje povratnega udarca in nadzor oro\u017eja.<\/p>\n","protected":false},"featured_media":236529,"template":"","meta":{"_acf_changed":false},"product_brand":[11509],"product_cat":[13433,13483,13441,13444],"product_tag":[],"class_list":{"0":"post-691113","1":"product","2":"type-product","3":"status-publish","4":"has-post-thumbnail","6":"product_brand-kmr-precision","7":"product_cat-kmr-deli","8":"product_cat-puska","9":"product_cat-rocaji-za-puske","10":"product_cat-tuning-za-puske","12":"first","13":"instock","14":"taxable","15":"shipping-taxable","16":"purchasable","17":"product-type-simple"},"acf":[],"_links":{"self":[{"href":"https:\/\/nbg.eu\/sl\/wp-json\/wp\/v2\/product\/691113","targetHints":{"allow":["GET"]}}],"collection":[{"href":"https:\/\/nbg.eu\/sl\/wp-json\/wp\/v2\/product"}],"about":[{"href":"https:\/\/nbg.eu\/sl\/wp-json\/wp\/v2\/types\/product"}],"wp:featuredmedia":[{"embeddable":true,"href":"https:\/\/nbg.eu\/sl\/wp-json\/wp\/v2\/media\/236529"}],"wp:attachment":[{"href":"https:\/\/nbg.eu\/sl\/wp-json\/wp\/v2\/media?parent=691113"}],"wp:term":[{"taxonomy":"product_brand","embeddable":true,"href":"https:\/\/nbg.eu\/sl\/wp-json\/wp\/v2\/product_brand?post=691113"},{"taxonomy":"product_cat","embeddable":true,"href":"https:\/\/nbg.eu\/sl\/wp-json\/wp\/v2\/product_cat?post=691113"},{"taxonomy":"product_tag","embeddable":true,"href":"https:\/\/nbg.eu\/sl\/wp-json\/wp\/v2\/product_tag?post=691113"}],"curies":[{"name":"wp","href":"https:\/\/api.w.org\/{rel}","templated":true}]}}