{"id":691147,"date":"2025-03-07T13:06:11","date_gmt":"2025-03-07T10:06:11","guid":{"rendered":"https:\/\/nbg.eu\/product\/kmr-or-aimpoint-acro-mounting-kit-for-l-02-w-02-steel-black\/"},"modified":"2026-05-13T16:48:14","modified_gmt":"2026-05-13T13:48:14","slug":"kmr-or-aimpoint-acro-mounting-kit-for-l-02-w-02-steel-black","status":"publish","type":"product","link":"https:\/\/nbg.eu\/sl\/izdelek\/kmr-or-aimpoint-acro-mounting-kit-for-l-02-w-02-steel-black\/","title":{"rendered":"KMR OR Aimpoint Acro Monta\u017eni Komplet za L-02, W-02 Jeklo \u010crn"},"content":{"rendered":"<h2>KMR &#8211; ALI AIMPOINT ACRO KOMPLET ZA MONTA\u017dO ZA L-02, W-02, JEKLO \u010cRNO<\/h2>\n<p>Komplet za monta\u017eo optike KMR (OR) Aimpoint ACRO je najbolj\u0161a re\u0161itev za trdno integracijo optike in popolno poravnavo v liniji pogleda na va\u0161ih pi\u0161tolah KMR L-02 in W-02. Ta komplet za monta\u017eo, izdelan z natan\u010dnim strojnim delom iz visoko trdnega jekla, ima poseben odtis Aimpoint ACRO, je nizke profila in ima mat \u010drno antikorozivno povr\u0161insko obdelavo za eleganten in trpe\u017een videz.<\/p>\n<p>Jeklena konstrukcija kompleta za monta\u017eo KMR OR Aimpoint ACRO zagotavlja brezhibnost pri velikem sunku, kar je najprimernej\u0161a re\u0161itev za monta\u017eo zaprtih opazovalnih naprav. Natan\u010dno prileganje zagotavlja, da va\u0161a optika ostane centrirana tudi pri visoki uporabi v tekmovanjih ali pri opravljanju nadzornih nalog, kar jo postavlja kot najbolj\u0161o izbiro za pi\u0161tole serije KMR OR.<\/p>\n","protected":false},"excerpt":{"rendered":"<p>KMR &#8211; ALI NAMESTITVENI KOMPLET AIMPOINT ACRO ZA L-02, W-02, JEKLO \u010cRNO. Trdno integracijo optike in popolno soo\u010denje za modele L-02 in W-02. Natan\u010dno obdelano iz visoko trdnega jekla, s posebnim otiskom Aimpoint ACRO, z nizkim profilom, mat \u010drno antikorozijsko zaklju\u010dno obdelavo. Zagotavlja najbolj trpe\u017eno re\u0161itev za namestitev vidnih emiterskih opazovalnih sistemov; jeklena konstrukcija zagotavlja ni\u010delno odstopanje pri mo\u010dnem povratnem udarcu, medtem ko natan\u010dno prileganje zagotavlja, da optika ostane umerjena tudi pri visokokonkuren\u010dni ali dol\u017enosti uporabi na KMR OR-serijskih pi\u0161tolah.<\/p>\n","protected":false},"featured_media":246156,"template":"","meta":{"_acf_changed":false},"product_brand":[11509],"product_cat":[13429,13433,13465,14911],"product_tag":[],"class_list":{"0":"post-691147","1":"product","2":"type-product","3":"status-publish","4":"has-post-thumbnail","6":"product_brand-kmr-precision","7":"product_cat-deli-za-pistole","8":"product_cat-kmr-deli","9":"product_cat-pistolne-pike","10":"product_cat-red-dot-sights-mounts-sl","12":"first","13":"instock","14":"taxable","15":"shipping-taxable","16":"purchasable","17":"product-type-simple"},"acf":[],"_links":{"self":[{"href":"https:\/\/nbg.eu\/sl\/wp-json\/wp\/v2\/product\/691147","targetHints":{"allow":["GET"]}}],"collection":[{"href":"https:\/\/nbg.eu\/sl\/wp-json\/wp\/v2\/product"}],"about":[{"href":"https:\/\/nbg.eu\/sl\/wp-json\/wp\/v2\/types\/product"}],"wp:featuredmedia":[{"embeddable":true,"href":"https:\/\/nbg.eu\/sl\/wp-json\/wp\/v2\/media\/246156"}],"wp:attachment":[{"href":"https:\/\/nbg.eu\/sl\/wp-json\/wp\/v2\/media?parent=691147"}],"wp:term":[{"taxonomy":"product_brand","embeddable":true,"href":"https:\/\/nbg.eu\/sl\/wp-json\/wp\/v2\/product_brand?post=691147"},{"taxonomy":"product_cat","embeddable":true,"href":"https:\/\/nbg.eu\/sl\/wp-json\/wp\/v2\/product_cat?post=691147"},{"taxonomy":"product_tag","embeddable":true,"href":"https:\/\/nbg.eu\/sl\/wp-json\/wp\/v2\/product_tag?post=691147"}],"curies":[{"name":"wp","href":"https:\/\/api.w.org\/{rel}","templated":true}]}}