{"id":691166,"date":"2025-03-04T21:40:08","date_gmt":"2025-03-04T18:40:08","guid":{"rendered":"https:\/\/nbg.eu\/product\/kmr-qd-sling-swivel\/"},"modified":"2026-05-13T15:10:55","modified_gmt":"2026-05-13T12:10:55","slug":"kmr-qd-sling-swivel","status":"publish","type":"product","link":"https:\/\/nbg.eu\/sl\/izdelek\/kmr-qd-sling-swivel\/","title":{"rendered":"KMR QD Vrtljivi Obro\u010dek Jermena"},"content":{"rendered":"<h2>Hitra pritrditev, vzdr\u017eljivost za te\u017eke obremenitve: KMR Quick Detach (QD) Sling Swivel<\/h2>\n<p>Zasnovan za hitro pritrditev in vzdr\u017eljivost za te\u017eke obremenitve, je KMR QD Sling Swivel popoln spremljevalec za va\u0161e strelno oro\u017eje. Izdelan iz jekla z visoko napetostno trdnostjo, ima ta vrtljivi \u010dlen pritisni gumb za sprostitev in 360-stopinjsko vrtenje, kar omogo\u010da skoraj takoj\u0161njo pritrditev ali odstranitev jermenice s katerekoli QD-zdru\u017eljive vti\u010dnice, bodisi M-LOK, ro\u010dke ali \u0161\u010ditnika roke.<\/p>\n<p>Zasnovan za prena\u0161anje velikih nateznih sil in za delovanje v zahtevnih terenskih pogojih, KMR QD Sling Swivel zagotavlja, da bo va\u0161a pu\u0161ka med dinami\u010dnim gibanjem varno obe\u0161ena. \u010crna kon\u010dna obdelava dodatno krepi vzdr\u017eljivost vrtljivega \u010dlena, kar ga naredi za zanesljivo izbiro za vse va\u0161e potrebe po pritrdi\u0161\u010du jermenice.<\/p>\n","protected":false},"excerpt":{"rendered":"<p>KMR QD VRTLJIVO DR\u017dALO, STANDARDNO: Hitro pritrjevanje\/odstranjevanje.<\/p>\n","protected":false},"featured_media":236803,"template":"","meta":{"_acf_changed":false},"product_brand":[11509],"product_cat":[13419,14937,13444],"product_tag":[],"class_list":{"0":"post-691166","1":"product","2":"type-product","3":"status-publish","4":"has-post-thumbnail","6":"product_brand-kmr-precision","7":"product_cat-jermenice","8":"product_cat-sling-swivels-sl","9":"product_cat-tuning-za-puske","11":"first","12":"instock","13":"taxable","14":"shipping-taxable","15":"purchasable","16":"product-type-simple"},"acf":[],"_links":{"self":[{"href":"https:\/\/nbg.eu\/sl\/wp-json\/wp\/v2\/product\/691166","targetHints":{"allow":["GET"]}}],"collection":[{"href":"https:\/\/nbg.eu\/sl\/wp-json\/wp\/v2\/product"}],"about":[{"href":"https:\/\/nbg.eu\/sl\/wp-json\/wp\/v2\/types\/product"}],"wp:featuredmedia":[{"embeddable":true,"href":"https:\/\/nbg.eu\/sl\/wp-json\/wp\/v2\/media\/236803"}],"wp:attachment":[{"href":"https:\/\/nbg.eu\/sl\/wp-json\/wp\/v2\/media?parent=691166"}],"wp:term":[{"taxonomy":"product_brand","embeddable":true,"href":"https:\/\/nbg.eu\/sl\/wp-json\/wp\/v2\/product_brand?post=691166"},{"taxonomy":"product_cat","embeddable":true,"href":"https:\/\/nbg.eu\/sl\/wp-json\/wp\/v2\/product_cat?post=691166"},{"taxonomy":"product_tag","embeddable":true,"href":"https:\/\/nbg.eu\/sl\/wp-json\/wp\/v2\/product_tag?post=691166"}],"curies":[{"name":"wp","href":"https:\/\/api.w.org\/{rel}","templated":true}]}}