{"id":691199,"date":"2025-03-04T21:26:30","date_gmt":"2025-03-04T18:26:30","guid":{"rendered":"https:\/\/nbg.eu\/product\/kmr-rail-set-m-lok-alu\/"},"modified":"2026-05-13T16:01:27","modified_gmt":"2026-05-13T13:01:27","slug":"kmr-rail-set-m-lok-alu","status":"publish","type":"product","link":"https:\/\/nbg.eu\/sl\/izdelek\/kmr-rail-set-m-lok-alu\/","title":{"rendered":"KMR Komplet Picatinny Tirnic M-LOK ALU"},"content":{"rendered":"<h2>KMR RAIL SET, M-LOK, ALU<\/h2>\n<p>Izbolj\u0161ajte prilagodljivost va\u0161ega M-LOK rokohvata z dodatkom KMR RAIL SET, robustnim in lahkim re\u0161itvijo za monta\u017eo dodatkov. Izdelan iz visokokakovostnega aluminija 6061-T6 z natan\u010dnim CNC-obdelavo, ta komplet letev ponuja standardni Picatinny\/Mil-Std 1913 vmesnik, kar vam omogo\u010da varno pritrditev \u0161iroke paleta takti\u010dnih dodatkov, kot so svetilke, laserji, ro\u010daji in dvono\u017eni strelski nastavki.<\/p>\n<p>Profil z matiranim \u010drnim zaklju\u010dkom zagotavlja maksimalno trajnost brez nepotrebne te\u017ee ali obse\u017enosti na sprednjem delu va\u0161ega strelnega oro\u017eja. Z vklju\u010deno opremo za pritrditev M-LOK lahko ta komplet letev enostavno vgradite v svoj obstoje\u010di M-LOK rokohvat, kar ustvarja modularno in prilagodljivo platformo, ki ustreza va\u0161im specifi\u010dnim potrebam.<\/p>\n<p>Ne glede na to, ali \u017eelite izbolj\u0161ati funkcionalnost va\u0161ega oro\u017eja ali pa preprosto poi\u0161\u010dete zanesljiv na\u010din za pritrditev va\u0161ih najljub\u0161ih dodatkov, je KMR RAIL SET, M-LOK, ALU popolna re\u0161itev. Zasnovan za u\u010dinkovitost in trajnost bo ta dodatek pomagal dvigniti va\u0161o strelsko izku\u0161njo na vi\u0161jo raven.<\/p>\n","protected":false},"excerpt":{"rendered":"<p>Modularen komplet M-LOK tirnic iz lahke in vzdr\u017eljive aluminijaste zlitine s Picatinny vmesnikom.<\/p>\n","protected":false},"featured_media":236692,"template":"","meta":{"_acf_changed":false},"product_brand":[11509],"product_cat":[13419,14961,13483,13497,13444],"product_tag":[],"class_list":{"0":"post-691199","1":"product","2":"type-product","3":"status-publish","4":"has-post-thumbnail","6":"product_brand-kmr-precision","7":"product_cat-jermenice","8":"product_cat-m-lok-rail-systems-sl","9":"product_cat-puska","10":"product_cat-tirnice","11":"product_cat-tuning-za-puske","13":"first","14":"instock","15":"taxable","16":"shipping-taxable","17":"purchasable","18":"product-type-variable","19":"wvs-archive-product-wrapper"},"acf":[],"_links":{"self":[{"href":"https:\/\/nbg.eu\/sl\/wp-json\/wp\/v2\/product\/691199","targetHints":{"allow":["GET"]}}],"collection":[{"href":"https:\/\/nbg.eu\/sl\/wp-json\/wp\/v2\/product"}],"about":[{"href":"https:\/\/nbg.eu\/sl\/wp-json\/wp\/v2\/types\/product"}],"wp:featuredmedia":[{"embeddable":true,"href":"https:\/\/nbg.eu\/sl\/wp-json\/wp\/v2\/media\/236692"}],"wp:attachment":[{"href":"https:\/\/nbg.eu\/sl\/wp-json\/wp\/v2\/media?parent=691199"}],"wp:term":[{"taxonomy":"product_brand","embeddable":true,"href":"https:\/\/nbg.eu\/sl\/wp-json\/wp\/v2\/product_brand?post=691199"},{"taxonomy":"product_cat","embeddable":true,"href":"https:\/\/nbg.eu\/sl\/wp-json\/wp\/v2\/product_cat?post=691199"},{"taxonomy":"product_tag","embeddable":true,"href":"https:\/\/nbg.eu\/sl\/wp-json\/wp\/v2\/product_tag?post=691199"}],"curies":[{"name":"wp","href":"https:\/\/api.w.org\/{rel}","templated":true}]}}