{"id":692132,"date":"2025-03-04T21:42:27","date_gmt":"2025-03-04T18:42:27","guid":{"rendered":"https:\/\/nbg.eu\/product\/kmr-qd-sling-swivel-small-25-mm\/"},"modified":"2026-05-13T16:02:05","modified_gmt":"2026-05-13T13:02:05","slug":"kmr-qd-sling-swivel-small-25-mm","status":"publish","type":"product","link":"https:\/\/nbg.eu\/sl\/izdelek\/kmr-qd-sling-swivel-small-25-mm\/","title":{"rendered":"KMR QD Vrtljivi Obro\u010dek Jermena Majhen 25mm"},"content":{"rendered":"<h2>KMR QD SLING SWIVEL, MAJHNO 25 mm<\/h2>\n<p>Zasnovano za hitro pritrjevanje, mo\u010dna zanesljivost, KMR QD Sling Swivel je popoln spremljevalec za va\u0161e strelno oro\u017eje. Izdelan iz jekla visoke natezne trdnosti, ta vrtljivi element ima mehanizem za sprostitev s pritiskom in 360-stopinjsko rotacijo, kar omogo\u010da takoj\u0161njo pritrditev ali odstranitev jermena iz katere koli vbodnice, zdru\u017eljive s sistemom QD, bodisi M-LOK, pu\u0161ke ali ro\u010daja.<\/p>\n<p>Zasnovan za vzdr\u017eljivost visokih vle\u010dnih sil in te\u017ekih terenskih pogojev, KMR QD Sling Swivel zagotavlja, da bo va\u0161a pu\u0161ka med dinami\u010dnim gibanjem varno obe\u0161ena. \u010crna barva dodatno izbolj\u0161a trajnost vrtljivega elementa, kar ga naredi za zanesljivo izbiro za vse va\u0161e potrebe po pritrjevanju jermenov.<\/p>\n","protected":false},"excerpt":{"rendered":"<p>Hitro pripenjanje\/odpenjanje<\/p>\n","protected":false},"featured_media":236827,"template":"","meta":{"_acf_changed":false},"product_brand":[11509],"product_cat":[13419,14937,13444],"product_tag":[],"class_list":{"0":"post-692132","1":"product","2":"type-product","3":"status-publish","4":"has-post-thumbnail","6":"product_brand-kmr-precision","7":"product_cat-jermenice","8":"product_cat-sling-swivels-sl","9":"product_cat-tuning-za-puske","11":"first","12":"instock","13":"taxable","14":"shipping-taxable","15":"purchasable","16":"product-type-simple"},"acf":[],"_links":{"self":[{"href":"https:\/\/nbg.eu\/sl\/wp-json\/wp\/v2\/product\/692132","targetHints":{"allow":["GET"]}}],"collection":[{"href":"https:\/\/nbg.eu\/sl\/wp-json\/wp\/v2\/product"}],"about":[{"href":"https:\/\/nbg.eu\/sl\/wp-json\/wp\/v2\/types\/product"}],"wp:featuredmedia":[{"embeddable":true,"href":"https:\/\/nbg.eu\/sl\/wp-json\/wp\/v2\/media\/236827"}],"wp:attachment":[{"href":"https:\/\/nbg.eu\/sl\/wp-json\/wp\/v2\/media?parent=692132"}],"wp:term":[{"taxonomy":"product_brand","embeddable":true,"href":"https:\/\/nbg.eu\/sl\/wp-json\/wp\/v2\/product_brand?post=692132"},{"taxonomy":"product_cat","embeddable":true,"href":"https:\/\/nbg.eu\/sl\/wp-json\/wp\/v2\/product_cat?post=692132"},{"taxonomy":"product_tag","embeddable":true,"href":"https:\/\/nbg.eu\/sl\/wp-json\/wp\/v2\/product_tag?post=692132"}],"curies":[{"name":"wp","href":"https:\/\/api.w.org\/{rel}","templated":true}]}}