{"id":692257,"date":"2024-08-18T11:19:07","date_gmt":"2024-08-18T08:19:07","guid":{"rendered":"https:\/\/nbg.eu\/product\/magazine-catch-spring-screw-kmr\/"},"modified":"2026-05-13T16:47:50","modified_gmt":"2026-05-13T13:47:50","slug":"magazine-catch-spring-screw-kmr","status":"publish","type":"product","link":"https:\/\/nbg.eu\/sl\/izdelek\/magazine-catch-spring-screw-kmr\/","title":{"rendered":"KMR Vijak Vzmeti Zaklepa Nabojnika"},"content":{"rendered":"<h2>Zanesljivi vijak za vzmet za prijemanje revije<\/h2>\n<p>Vijak za vzmet za prijemanje revije KMR je bistvena komponenta za sisteme oro\u017eja \u0161tevilnih proizvajalcev.<\/p>\n<p>Izdelan po najvi\u0161jih standardih, je ta vijak idealna izbira tako za ljubitelje oro\u017eja kot tudi za profesionalce. Njegova vzdr\u017eljiva konstrukcija in natan\u010dnost v podrobnostih ga delajo za nujno dodatno opremo v vsaki dobro opremljeni arzenalu.<\/p>\n<p>Za oro\u017eje KMR:<\/p>\n<p>KMR L-02 EMIQ<\/p>\n<p>KMR L-02 EMIQ (ALI)<\/p>\n<p>KMR L-02 ORCA OD 2024<\/p>\n<p>KMR L-02 ORCA DO 2023<\/p>\n<p>KMR L-02 SPECTRA OD 2024<\/p>\n<p>KMR L-02 SPECTRA DO 2023<\/p>\n<p>KMR L-02 UMBRA (ALI) SR<\/p>\n<p>KMR S-01 LANCE (ALI)<\/p>\n<p>KMR S-02 OD 2024<\/p>\n<p>KMR S-02 DO 2023<\/p>\n<p>KMR W-02 CUDA (ALI)<\/p>\n<p>KMR W-02 UMBRA<\/p>\n<p>KMR W-02 UMBRA (ALI).<\/p>\n","protected":false},"excerpt":{"rendered":"<p>Vijak za zaskok revolvarja za oro\u017eje KMR.<\/p>\n","protected":false},"featured_media":25509,"template":"","meta":{"_acf_changed":false},"product_brand":[11509],"product_cat":[13433,13451],"product_tag":[],"class_list":{"0":"post-692257","1":"product","2":"type-product","3":"status-publish","4":"has-post-thumbnail","6":"product_brand-kmr-precision","7":"product_cat-kmr-deli","8":"product_cat-vzmeti","10":"first","11":"instock","12":"taxable","13":"shipping-taxable","14":"product-type-simple"},"acf":[],"_links":{"self":[{"href":"https:\/\/nbg.eu\/sl\/wp-json\/wp\/v2\/product\/692257","targetHints":{"allow":["GET"]}}],"collection":[{"href":"https:\/\/nbg.eu\/sl\/wp-json\/wp\/v2\/product"}],"about":[{"href":"https:\/\/nbg.eu\/sl\/wp-json\/wp\/v2\/types\/product"}],"wp:featuredmedia":[{"embeddable":true,"href":"https:\/\/nbg.eu\/sl\/wp-json\/wp\/v2\/media\/25509"}],"wp:attachment":[{"href":"https:\/\/nbg.eu\/sl\/wp-json\/wp\/v2\/media?parent=692257"}],"wp:term":[{"taxonomy":"product_brand","embeddable":true,"href":"https:\/\/nbg.eu\/sl\/wp-json\/wp\/v2\/product_brand?post=692257"},{"taxonomy":"product_cat","embeddable":true,"href":"https:\/\/nbg.eu\/sl\/wp-json\/wp\/v2\/product_cat?post=692257"},{"taxonomy":"product_tag","embeddable":true,"href":"https:\/\/nbg.eu\/sl\/wp-json\/wp\/v2\/product_tag?post=692257"}],"curies":[{"name":"wp","href":"https:\/\/api.w.org\/{rel}","templated":true}]}}