{"id":692277,"date":"2024-08-17T15:08:24","date_gmt":"2024-08-17T12:08:24","guid":{"rendered":"https:\/\/nbg.eu\/product\/magazine-catch-pin-kmr-s\/"},"modified":"2026-05-13T16:01:52","modified_gmt":"2026-05-13T13:01:52","slug":"magazine-catch-pin-kmr-s","status":"publish","type":"product","link":"https:\/\/nbg.eu\/sl\/izdelek\/magazine-catch-pin-kmr-s\/","title":{"rendered":"KMR Zati\u010d Zaklepa Nabojnika S"},"content":{"rendered":"<h2>Zanesljivo zadr\u017eevanje nabojnika za va\u0161 pi\u0161tolo KMR-S<\/h2>\n<p>Zagotovite zanesljivo delovanje nabojnika z natan\u010dno izdelanim zati\u010dem za zadr\u017eevanje nabojnika za va\u0161o pi\u0161tolo KMR-S (serija S). Izdelan iz kaljivega jekla in z obstojno, proti obrabi odporno povr\u0161ino, ta komponenta deluje kot notranji sidrni \u010dlen za sklop za zadr\u017eevanje nabojnika, kar zagotavlja stalno napetost na gumb za sprostitev nabojnika in prepre\u010duje premikanje ali odpoved zaporke pod vibracijami hitrih strelov.<\/p>\n<p>Zasnovan za popolno prileganje na okvirje serije KMR S, zati\u010d za zadr\u017eevanje nabojnika ohranja varno namestitev in gladko izmetavanje va\u0161ega nabojnika, tudi med najzahtevnej\u0161imi strelskimi sejami. Zaupajte v to bistveno nadgradnjo strojnih delov, da bo va\u0161 sistem za sprostitev nabojnika deloval optimalno, tako da se lahko osredoto\u010dite na nalogo brez skrbi zaradi napak, povezanih z nabojnikom.<\/p>\n","protected":false},"excerpt":{"rendered":"<p>Natan\u010dno obdelan jekleni zati\u010d za magazin za gladko in varno uporabo nabojev KMR-S.<\/p>\n","protected":false},"featured_media":23980,"template":"","meta":{"_acf_changed":false},"product_brand":[11509],"product_cat":[13433],"product_tag":[],"class_list":{"0":"post-692277","1":"product","2":"type-product","3":"status-publish","4":"has-post-thumbnail","6":"product_brand-kmr-precision","7":"product_cat-kmr-deli","9":"first","10":"instock","11":"taxable","12":"shipping-taxable","13":"product-type-simple"},"acf":[],"_links":{"self":[{"href":"https:\/\/nbg.eu\/sl\/wp-json\/wp\/v2\/product\/692277","targetHints":{"allow":["GET"]}}],"collection":[{"href":"https:\/\/nbg.eu\/sl\/wp-json\/wp\/v2\/product"}],"about":[{"href":"https:\/\/nbg.eu\/sl\/wp-json\/wp\/v2\/types\/product"}],"wp:featuredmedia":[{"embeddable":true,"href":"https:\/\/nbg.eu\/sl\/wp-json\/wp\/v2\/media\/23980"}],"wp:attachment":[{"href":"https:\/\/nbg.eu\/sl\/wp-json\/wp\/v2\/media?parent=692277"}],"wp:term":[{"taxonomy":"product_brand","embeddable":true,"href":"https:\/\/nbg.eu\/sl\/wp-json\/wp\/v2\/product_brand?post=692277"},{"taxonomy":"product_cat","embeddable":true,"href":"https:\/\/nbg.eu\/sl\/wp-json\/wp\/v2\/product_cat?post=692277"},{"taxonomy":"product_tag","embeddable":true,"href":"https:\/\/nbg.eu\/sl\/wp-json\/wp\/v2\/product_tag?post=692277"}],"curies":[{"name":"wp","href":"https:\/\/api.w.org\/{rel}","templated":true}]}}