{"id":692303,"date":"2025-05-21T16:01:25","date_gmt":"2025-05-21T13:01:25","guid":{"rendered":"https:\/\/nbg.eu\/product\/magazine-kmr-l-02-orca-cal-9x19-19-rnds\/"},"modified":"2026-05-13T15:09:58","modified_gmt":"2026-05-13T12:09:58","slug":"magazine-kmr-l-02-orca-cal-9x19-19-rnds","status":"publish","type":"product","link":"https:\/\/nbg.eu\/sl\/izdelek\/magazine-kmr-l-02-orca-cal-9x19-19-rnds\/","title":{"rendered":"KMR Nabojnik L-02 ORCA 9&#215;19 19 Nab."},"content":{"rendered":"<h2>REVOLVER KMR L-02 ORCA cal. 9&#215;19 19 krogel<\/h2>\n<p>Izbolj\u0161ajte delovanje va\u0161ega revolverja KMR L-02 ORCA s to visokokapacitetno magazin. Dr\u017ei 19 krogel 9x19mm streliva in zagotavlja zanesljivo polnjenje in gladko delovanje, kar ga naredi za popolnega spremljevalca va\u0161ega strelnega oro\u017eja. Zdru\u017eljiv z modeli KMR L-02 EMIQ in EMIQ (OR), je ta magazin nepogre\u0161ljiv za tiste, ki \u017eelijo pove\u010dano kapaciteto in izbolj\u0161ano funkcionalnost.<\/p>\n<p>\u0160tevilka dela: 1152-02402-0001<\/p>\n<p>Zdru\u017eljivo z:<\/p>\n<ul>\n<li>KMR L-02 EMIQ<\/li>\n<li>KMR L-02 EMIQ (OR)<\/li>\n<li>KMR L-02 ORCA DO 2023<\/li>\n<\/ul>\n","protected":false},"excerpt":{"rendered":"<p>Visokoprepustni 19-kro\u017eni nabojnik za pi\u0161tole KMR L-02 ORCA 9&#215;19. Zanesljivo podajanje in gladko delovanje.<\/p>\n","protected":false},"featured_media":365253,"template":"","meta":{"_acf_changed":false},"product_brand":[11509],"product_cat":[13429,13433],"product_tag":[],"class_list":{"0":"post-692303","1":"product","2":"type-product","3":"status-publish","4":"has-post-thumbnail","6":"product_brand-kmr-precision","7":"product_cat-deli-za-pistole","8":"product_cat-kmr-deli","10":"first","11":"instock","12":"taxable","13":"shipping-taxable","14":"product-type-simple"},"acf":[],"_links":{"self":[{"href":"https:\/\/nbg.eu\/sl\/wp-json\/wp\/v2\/product\/692303","targetHints":{"allow":["GET"]}}],"collection":[{"href":"https:\/\/nbg.eu\/sl\/wp-json\/wp\/v2\/product"}],"about":[{"href":"https:\/\/nbg.eu\/sl\/wp-json\/wp\/v2\/types\/product"}],"wp:featuredmedia":[{"embeddable":true,"href":"https:\/\/nbg.eu\/sl\/wp-json\/wp\/v2\/media\/365253"}],"wp:attachment":[{"href":"https:\/\/nbg.eu\/sl\/wp-json\/wp\/v2\/media?parent=692303"}],"wp:term":[{"taxonomy":"product_brand","embeddable":true,"href":"https:\/\/nbg.eu\/sl\/wp-json\/wp\/v2\/product_brand?post=692303"},{"taxonomy":"product_cat","embeddable":true,"href":"https:\/\/nbg.eu\/sl\/wp-json\/wp\/v2\/product_cat?post=692303"},{"taxonomy":"product_tag","embeddable":true,"href":"https:\/\/nbg.eu\/sl\/wp-json\/wp\/v2\/product_tag?post=692303"}],"curies":[{"name":"wp","href":"https:\/\/api.w.org\/{rel}","templated":true}]}}