{"id":692328,"date":"2025-05-20T23:13:22","date_gmt":"2025-05-20T20:13:22","guid":{"rendered":"https:\/\/nbg.eu\/product\/magazine-mec-gar-cal-9x19-17-rnds\/"},"modified":"2026-05-13T16:02:55","modified_gmt":"2026-05-13T13:02:55","slug":"magazine-mec-gar-cal-9x19-17-rnds","status":"publish","type":"product","link":"https:\/\/nbg.eu\/sl\/izdelek\/magazine-mec-gar-cal-9x19-17-rnds\/","title":{"rendered":"KMR Nabojnik MEC-GAR 9&#215;19 17 Nab."},"content":{"rendered":"<h2>MAGAZIN MEC-GAR kal. 9&#215;19 17 krog<\/h2>\n<p>Referenca: 1152-01901-0000<\/p>\n<p>Visokokapacitetni 17-kro\u017eni nabojnik za pi\u0161tole 9x19mm. Zdru\u017eljiv z razli\u010dnimi modeli KMR, vklju\u010dno s SPECTRA, UMBRA in CUDA (razli\u010dice 2023 in 2024). Ustreza tudi pi\u0161tolam CZ SHADOW 1, SHADOW 2 in SP-01. Zanesljivo polnjenje in trpe\u017ena konstrukcija zagotavljata optimalno delovanje za va\u0161e strelno oro\u017eje.<\/p>\n","protected":false},"excerpt":{"rendered":"<p>Visokokapacitetni 9mm naboji za KMR in CZ pi\u0161tole. 17 nabojev.<\/p>\n","protected":false},"featured_media":365201,"template":"","meta":{"_acf_changed":false},"product_brand":[11509],"product_cat":[13429,13433],"product_tag":[],"class_list":{"0":"post-692328","1":"product","2":"type-product","3":"status-publish","4":"has-post-thumbnail","6":"product_brand-kmr-precision","7":"product_cat-deli-za-pistole","8":"product_cat-kmr-deli","10":"first","11":"instock","12":"taxable","13":"shipping-taxable","14":"product-type-simple"},"acf":[],"_links":{"self":[{"href":"https:\/\/nbg.eu\/sl\/wp-json\/wp\/v2\/product\/692328","targetHints":{"allow":["GET"]}}],"collection":[{"href":"https:\/\/nbg.eu\/sl\/wp-json\/wp\/v2\/product"}],"about":[{"href":"https:\/\/nbg.eu\/sl\/wp-json\/wp\/v2\/types\/product"}],"wp:featuredmedia":[{"embeddable":true,"href":"https:\/\/nbg.eu\/sl\/wp-json\/wp\/v2\/media\/365201"}],"wp:attachment":[{"href":"https:\/\/nbg.eu\/sl\/wp-json\/wp\/v2\/media?parent=692328"}],"wp:term":[{"taxonomy":"product_brand","embeddable":true,"href":"https:\/\/nbg.eu\/sl\/wp-json\/wp\/v2\/product_brand?post=692328"},{"taxonomy":"product_cat","embeddable":true,"href":"https:\/\/nbg.eu\/sl\/wp-json\/wp\/v2\/product_cat?post=692328"},{"taxonomy":"product_tag","embeddable":true,"href":"https:\/\/nbg.eu\/sl\/wp-json\/wp\/v2\/product_tag?post=692328"}],"curies":[{"name":"wp","href":"https:\/\/api.w.org\/{rel}","templated":true}]}}