{"id":692350,"date":"2024-08-18T11:13:19","date_gmt":"2024-08-18T08:13:19","guid":{"rendered":"https:\/\/nbg.eu\/product\/magwell-screw-m4x8-din-915-kmr\/"},"modified":"2026-05-13T15:11:14","modified_gmt":"2026-05-13T12:11:14","slug":"magwell-screw-m4x8-din-915-kmr","status":"publish","type":"product","link":"https:\/\/nbg.eu\/sl\/izdelek\/magwell-screw-m4x8-din-915-kmr\/","title":{"rendered":"KMR Vijak za Magwell M4x8 DIN 915"},"content":{"rendered":"<h2>Vijak za polnilec M4X8 Din 915 KMR &#8211; Varna pritrjevanje dodatkov za modele KMR<\/h2>\n<p>Vijak za polnilec je bistven element za varno pritrditev dodatkov in priklju\u010dkov na va\u0161e oro\u017ene sisteme KMR.<\/p>\n<p>Izdelan iz visokokakovostnih materialov in zgrajen za prena\u0161anje naporov takti\u010dne uporabe, vijak za polnilec zagotavlja tesno in varno prileganje, prepre\u010duje, da bi se va\u0161i dodatki zrahljali ali lo\u010dili med delovanjem. Njegova navoja M4x8 Din 915 zagotavlja robust in zanesljivo povezavo, kar vam omogo\u010da zanesljivo namestitev ogledal, laserjev, svetil in druge bistvene opreme na va\u0161o platformo KMR.<\/p>\n<p>Vijak za polnilec je obvezen dodatek za izbolj\u0161anje funkcionalnosti in prilagodljivosti va\u0161ega oro\u017enega sistema. Zagotovite, da bodo va\u0161i dodatki trdno na mestu in ohranili optimalno delovanje s tem zanesljivim in trajnim vijakom.<\/p>\n","protected":false},"excerpt":{"rendered":"<p>Vijak magwella M4x8 Din 915 za KMR L-02 EMIQ, modele ORCA.<\/p>\n","protected":false},"featured_media":25439,"template":"","meta":{"_acf_changed":false},"product_brand":[11509],"product_cat":[13429,14985,13453],"product_tag":[],"class_list":{"0":"post-692350","1":"product","2":"type-product","3":"status-publish","4":"has-post-thumbnail","6":"product_brand-kmr-precision","7":"product_cat-deli-za-pistole","8":"product_cat-pistol-magwells-sl","9":"product_cat-pistola","11":"first","12":"instock","13":"taxable","14":"shipping-taxable","15":"product-type-simple"},"acf":[],"_links":{"self":[{"href":"https:\/\/nbg.eu\/sl\/wp-json\/wp\/v2\/product\/692350","targetHints":{"allow":["GET"]}}],"collection":[{"href":"https:\/\/nbg.eu\/sl\/wp-json\/wp\/v2\/product"}],"about":[{"href":"https:\/\/nbg.eu\/sl\/wp-json\/wp\/v2\/types\/product"}],"wp:featuredmedia":[{"embeddable":true,"href":"https:\/\/nbg.eu\/sl\/wp-json\/wp\/v2\/media\/25439"}],"wp:attachment":[{"href":"https:\/\/nbg.eu\/sl\/wp-json\/wp\/v2\/media?parent=692350"}],"wp:term":[{"taxonomy":"product_brand","embeddable":true,"href":"https:\/\/nbg.eu\/sl\/wp-json\/wp\/v2\/product_brand?post=692350"},{"taxonomy":"product_cat","embeddable":true,"href":"https:\/\/nbg.eu\/sl\/wp-json\/wp\/v2\/product_cat?post=692350"},{"taxonomy":"product_tag","embeddable":true,"href":"https:\/\/nbg.eu\/sl\/wp-json\/wp\/v2\/product_tag?post=692350"}],"curies":[{"name":"wp","href":"https:\/\/api.w.org\/{rel}","templated":true}]}}