{"id":692374,"date":"2024-08-17T15:42:34","date_gmt":"2024-08-17T12:42:34","guid":{"rendered":"https:\/\/nbg.eu\/product\/magwell-kmr-l-02-alu-brass\/"},"modified":"2026-05-13T15:10:45","modified_gmt":"2026-05-13T12:10:45","slug":"magwell-kmr-l-02-alu-brass","status":"publish","type":"product","link":"https:\/\/nbg.eu\/sl\/izdelek\/magwell-kmr-l-02-alu-brass\/","title":{"rendered":"KMR Magwell L-02 Medenina"},"content":{"rendered":"<h2>Magwell KMR L-02 Medenina: Natan\u010dna nadgradnja oro\u017eja za KMR platforme<\/h2>\n<p>Predstavljamo Magwell KMR L-02 Medenina, premium izdelek, zasnovan za izbolj\u0161anje u\u010dinkovitosti in funkcionalnosti va\u0161ega oro\u017eja, zdru\u017eljivega s KMR. Izdelan z natan\u010dnostjo in pozornostjo do podrobnosti, ta messingov sestavni del je zasnovan za brezhibno integracijo s KMR platformo, kar omogo\u010da elegantno in izdr\u017eljivo nadgradnjo.<\/p>\n<p>Izdelan iz visokokakovostnih materialov iz medenine, Magwell KMR L-02 Medenina nudi izjemno vzdr\u017eljivost in premium estetiko, ki bo dvignila videz va\u0161ega oro\u017eja. Njegova elegantna zasnova in brezhibna integracija zagotavljata gladko in neovirano nadgradnjo, ki vam omogo\u010da, da ohranite u\u010dinkovitost in zna\u010dilnosti rokovanja, ki ste jih pri\u010dakovali od svoje KMR platforme.<\/p>\n<p>Za oro\u017eja KMR<\/p>\n<p>KMR L-02 EMIQ<\/p>\n<p>KMR L-02 EMIQ (OR)<\/p>\n<p>KMR L-02 ORCA do 2023<\/p>\n<p>KMR L-02 SPECTRA do 2023<\/p>\n<p>Referenca 0531-01101-0316<\/p>\n","protected":false},"excerpt":{"rendered":"<p>Magwell KMR L-02 Medenina za oro\u017eje KMR<\/p>\n","protected":false},"featured_media":720261,"template":"","meta":{"_acf_changed":false},"product_brand":[11509],"product_cat":[13429,14985,13453],"product_tag":[],"class_list":{"0":"post-692374","1":"product","2":"type-product","3":"status-publish","4":"has-post-thumbnail","6":"product_brand-kmr-precision","7":"product_cat-deli-za-pistole","8":"product_cat-pistol-magwells-sl","9":"product_cat-pistola","11":"first","12":"outofstock","13":"taxable","14":"shipping-taxable","15":"product-type-simple"},"acf":[],"_links":{"self":[{"href":"https:\/\/nbg.eu\/sl\/wp-json\/wp\/v2\/product\/692374","targetHints":{"allow":["GET"]}}],"collection":[{"href":"https:\/\/nbg.eu\/sl\/wp-json\/wp\/v2\/product"}],"about":[{"href":"https:\/\/nbg.eu\/sl\/wp-json\/wp\/v2\/types\/product"}],"wp:featuredmedia":[{"embeddable":true,"href":"https:\/\/nbg.eu\/sl\/wp-json\/wp\/v2\/media\/720261"}],"wp:attachment":[{"href":"https:\/\/nbg.eu\/sl\/wp-json\/wp\/v2\/media?parent=692374"}],"wp:term":[{"taxonomy":"product_brand","embeddable":true,"href":"https:\/\/nbg.eu\/sl\/wp-json\/wp\/v2\/product_brand?post=692374"},{"taxonomy":"product_cat","embeddable":true,"href":"https:\/\/nbg.eu\/sl\/wp-json\/wp\/v2\/product_cat?post=692374"},{"taxonomy":"product_tag","embeddable":true,"href":"https:\/\/nbg.eu\/sl\/wp-json\/wp\/v2\/product_tag?post=692374"}],"curies":[{"name":"wp","href":"https:\/\/api.w.org\/{rel}","templated":true}]}}