{"id":692428,"date":"2024-09-17T08:06:19","date_gmt":"2024-09-17T05:06:19","guid":{"rendered":"https:\/\/nbg.eu\/product\/main-spring-strut-kmr-l\/"},"modified":"2026-05-13T16:04:34","modified_gmt":"2026-05-13T13:04:34","slug":"main-spring-strut-kmr-l","status":"publish","type":"product","link":"https:\/\/nbg.eu\/sl\/izdelek\/main-spring-strut-kmr-l\/","title":{"rendered":"KMR Opora Glavne Vzmeti L"},"content":{"rendered":"<h2>Glavni vzmeti bla\u017eilec KMR L &#8211; Zanesljiva nadgradnja vzmetenja za oro\u017eje KMR<\/h2>\n<p>Glavni vzmeti bla\u017eilec KMR L je visokokakovostna komponenta vzmetenja, zasnovana za zagotavljanje gladke in zanesljive vo\u017enje za platforme oro\u017eja KMR. Z vzdr\u017eljivo konstrukcijo in naprednim in\u017eenirstvom je ta bla\u017eilec bistvena nadgradnja za uporabnike, ki i\u0161\u010dejo izbolj\u0161ane u\u010dinkovitost in stabilnost.<\/p>\n<p>Natan\u010dno in\u017eenirstvo: In\u017eenirsko zasnovano z natan\u010dnostjo, Glavni vzmeti bla\u017eilec KMR L zagotavlja konsistentno in zanesljivo delovanje, kar zagotavlja stabilno in nadzorovano vo\u017enjo tudi v zahtevnih pogojih. Napredna zasnova in visokokakovostni materiali bla\u017eilca zagotavljajo trajno in dolgotrajno re\u0161itev za va\u0161o platformo oro\u017eja KMR.<\/p>\n<\/p>\n<p>Za oro\u017eje KMR\n<\/p>\n<p>KMR L-02 EMIQ\n<\/p>\n<p>KMR L-02 EMIQ (ALI)\n<\/p>\n<p>KMR L-02 ORCA OD 2024\n<\/p>\n<p>KMR L-02 ORCA DO 2023\n<\/p>\n<p>KMR L-02 SPECTRA OD 2024\n<\/p>\n<p>KMR L-02 SPECTRA DO 2023<\/p>\n","protected":false},"excerpt":{"rendered":"<p>Glavni vzmet strute KMR L za oro\u017eje serije KMR<\/p>\n","protected":false},"featured_media":25601,"template":"","meta":{"_acf_changed":false},"product_brand":[11509],"product_cat":[13433,13451],"product_tag":[],"class_list":{"0":"post-692428","1":"product","2":"type-product","3":"status-publish","4":"has-post-thumbnail","6":"product_brand-kmr-precision","7":"product_cat-kmr-deli","8":"product_cat-vzmeti","10":"first","11":"instock","12":"taxable","13":"shipping-taxable","14":"product-type-simple"},"acf":[],"_links":{"self":[{"href":"https:\/\/nbg.eu\/sl\/wp-json\/wp\/v2\/product\/692428","targetHints":{"allow":["GET"]}}],"collection":[{"href":"https:\/\/nbg.eu\/sl\/wp-json\/wp\/v2\/product"}],"about":[{"href":"https:\/\/nbg.eu\/sl\/wp-json\/wp\/v2\/types\/product"}],"wp:featuredmedia":[{"embeddable":true,"href":"https:\/\/nbg.eu\/sl\/wp-json\/wp\/v2\/media\/25601"}],"wp:attachment":[{"href":"https:\/\/nbg.eu\/sl\/wp-json\/wp\/v2\/media?parent=692428"}],"wp:term":[{"taxonomy":"product_brand","embeddable":true,"href":"https:\/\/nbg.eu\/sl\/wp-json\/wp\/v2\/product_brand?post=692428"},{"taxonomy":"product_cat","embeddable":true,"href":"https:\/\/nbg.eu\/sl\/wp-json\/wp\/v2\/product_cat?post=692428"},{"taxonomy":"product_tag","embeddable":true,"href":"https:\/\/nbg.eu\/sl\/wp-json\/wp\/v2\/product_tag?post=692428"}],"curies":[{"name":"wp","href":"https:\/\/api.w.org\/{rel}","templated":true}]}}