{"id":692543,"date":"2024-08-18T12:21:09","date_gmt":"2024-08-18T09:21:09","guid":{"rendered":"https:\/\/nbg.eu\/product\/main-spring-plug-kmr\/"},"modified":"2026-05-13T16:01:03","modified_gmt":"2026-05-13T13:01:03","slug":"main-spring-plug-kmr","status":"publish","type":"product","link":"https:\/\/nbg.eu\/sl\/izdelek\/main-spring-plug-kmr\/","title":{"rendered":"KMR \u010cep Glavne Vzmeti"},"content":{"rendered":"<h2>Glavni vzmetni vstavek KMR<\/h2>\n<p>Izdelan z natan\u010dnostjo in pozornostjo do podrobnosti, glavni vzmetni vstavek KMR zagotavlja gladko delovanje in natan\u010dno funkcionalnost v mehanizmih oro\u017eja. Njegova zdru\u017eljivost z razli\u010dnimi modeli KMR, tako trenutne kot prej\u0161nje generacije, ga naredi za prilagodljivo in bistveno komponento za lastnike oro\u017eja in strokovnjake za vzdr\u017eevanje.<\/p>\n<p>Ne glede na to, ali nadgrajujete, servisirate ali menjate komponento v va\u0161em oro\u017eju, opremljenem s KMR, je glavni vzmetni vstavek KMR kriti\u010dni del, ki ga je treba upo\u0161tevati. Z njegovo zanesljivo konstrukcijo in brezhibno integracijo ta vstavek pomaga vzdr\u017eevati optimalno u\u010dinkovitost in zanesljivost va\u0161ega oro\u017enega sistema, kar zagotavlja konsistentno in zanesljivo uporabni\u0161ko izku\u0161njo.<\/p>\n<p>Za oro\u017eje KMR:<\/p>\n<p>KMR L-02 EMIQ<\/p>\n<p>KMR L-02 EMIQ (OR)<\/p>\n<p>KMR L-02 ORCA OD 2024<\/p>\n<p>KMR L-02 ORCA DO 2023<\/p>\n<p>KMR L-02 SPECTRA OD 2024<\/p>\n<p>KMR L-02 SPECTRA DO 2023<\/p>\n<p>KMR S-01 LANCE (OR)<\/p>\n<p>KMR S-02 OD 2024<\/p>\n<p>KMR S-02 DO 2023<\/p>\n<p>KMR W-02 CUDA (OR)<\/p>\n<p>KMR W-02 UMBRA<\/p>\n<p>KMR W-02 UMBRA (OR)<\/p>\n<p>Referen\u010dna \u0161tevilka: 1160-00108-0401<\/p>\n","protected":false},"excerpt":{"rendered":"<p>Glavni vzmetni vti\u010d KMR za oro\u017eje KMR.<\/p>\n","protected":false},"featured_media":25970,"template":"","meta":{"_acf_changed":false},"product_brand":[11509],"product_cat":[13433,13451],"product_tag":[],"class_list":{"0":"post-692543","1":"product","2":"type-product","3":"status-publish","4":"has-post-thumbnail","6":"product_brand-kmr-precision","7":"product_cat-kmr-deli","8":"product_cat-vzmeti","10":"first","11":"instock","12":"taxable","13":"shipping-taxable","14":"product-type-simple"},"acf":[],"_links":{"self":[{"href":"https:\/\/nbg.eu\/sl\/wp-json\/wp\/v2\/product\/692543","targetHints":{"allow":["GET"]}}],"collection":[{"href":"https:\/\/nbg.eu\/sl\/wp-json\/wp\/v2\/product"}],"about":[{"href":"https:\/\/nbg.eu\/sl\/wp-json\/wp\/v2\/types\/product"}],"wp:featuredmedia":[{"embeddable":true,"href":"https:\/\/nbg.eu\/sl\/wp-json\/wp\/v2\/media\/25970"}],"wp:attachment":[{"href":"https:\/\/nbg.eu\/sl\/wp-json\/wp\/v2\/media?parent=692543"}],"wp:term":[{"taxonomy":"product_brand","embeddable":true,"href":"https:\/\/nbg.eu\/sl\/wp-json\/wp\/v2\/product_brand?post=692543"},{"taxonomy":"product_cat","embeddable":true,"href":"https:\/\/nbg.eu\/sl\/wp-json\/wp\/v2\/product_cat?post=692543"},{"taxonomy":"product_tag","embeddable":true,"href":"https:\/\/nbg.eu\/sl\/wp-json\/wp\/v2\/product_tag?post=692543"}],"curies":[{"name":"wp","href":"https:\/\/api.w.org\/{rel}","templated":true}]}}