{"id":692565,"date":"2024-08-17T14:54:00","date_gmt":"2024-08-17T11:54:00","guid":{"rendered":"https:\/\/nbg.eu\/product\/mag-release-button-wide-kmr-alu-black\/"},"modified":"2026-05-13T15:58:16","modified_gmt":"2026-05-13T12:58:16","slug":"mag-release-button-wide-kmr-alu-black","status":"publish","type":"product","link":"https:\/\/nbg.eu\/sl\/izdelek\/mag-release-button-wide-kmr-alu-black\/","title":{"rendered":"KMR Gumb za Sprostitev Nabojnika \u0160irok ALU \u010crn"},"content":{"rendered":"<h2>Mag Release Button Wide \u2013 KMR Aluminij, \u010drna<\/h2>\n<p>Odklenite izjemno hitre menjave nabojnikov z Mag Release Button Wide iz KMR Aluminija. Izdelan iz lahkega letalskega aluminija in z veliko povr\u0161ino, ta gumb za sprostitev nabojnika maksimizira stik s palcem, kar zagotavlja pozitivno aktivacijo tudi v najbolj zahtevnih razmerah.<\/p>\n<p>Agresivna, nezdrsljiva tekstura zagotavlja trdno oprijem, medtem ko mat \u010drna eloksirano-povr\u0161inska obleka zagotavlja eleganten, takti\u010den videz. Zasnovano za minimiziranje prehodnega \u010dasa za tekmovalno IPSC\/USPSA streljanje, \u0161irok profil omogo\u010da strelcem, da spustijo nabojnike brez spreminjanja osnovnega prijema, kar ob\u010dutno izbolj\u0161a hitrosti polnjenja.<\/p>\n<p>Ne glede na to, ali se pripravljate na tekmo ali brusitev svojih obrambnih ve\u0161\u010din, je Mag Release Button Wide iz KMR Aluminija najbolj\u0161a nadgradnja za va\u0161e strelno oro\u017eje, ki zagotavlja izbolj\u0161ano ergonomsko dosegljivost in neprimerljivo u\u010dinkovitost, ko je to najpomembnej\u0161e.<\/p>\n","protected":false},"excerpt":{"rendered":"<p>Prevelik gumb za sprostitev okvirja za bliskovito menjavo okvirjev.<\/p>\n","protected":false},"featured_media":23859,"template":"","meta":{"_acf_changed":false},"product_brand":[11509],"product_cat":[13433],"product_tag":[],"class_list":{"0":"post-692565","1":"product","2":"type-product","3":"status-publish","4":"has-post-thumbnail","6":"product_brand-kmr-precision","7":"product_cat-kmr-deli","9":"first","10":"instock","11":"taxable","12":"shipping-taxable","13":"product-type-simple"},"acf":[],"_links":{"self":[{"href":"https:\/\/nbg.eu\/sl\/wp-json\/wp\/v2\/product\/692565","targetHints":{"allow":["GET"]}}],"collection":[{"href":"https:\/\/nbg.eu\/sl\/wp-json\/wp\/v2\/product"}],"about":[{"href":"https:\/\/nbg.eu\/sl\/wp-json\/wp\/v2\/types\/product"}],"wp:featuredmedia":[{"embeddable":true,"href":"https:\/\/nbg.eu\/sl\/wp-json\/wp\/v2\/media\/23859"}],"wp:attachment":[{"href":"https:\/\/nbg.eu\/sl\/wp-json\/wp\/v2\/media?parent=692565"}],"wp:term":[{"taxonomy":"product_brand","embeddable":true,"href":"https:\/\/nbg.eu\/sl\/wp-json\/wp\/v2\/product_brand?post=692565"},{"taxonomy":"product_cat","embeddable":true,"href":"https:\/\/nbg.eu\/sl\/wp-json\/wp\/v2\/product_cat?post=692565"},{"taxonomy":"product_tag","embeddable":true,"href":"https:\/\/nbg.eu\/sl\/wp-json\/wp\/v2\/product_tag?post=692565"}],"curies":[{"name":"wp","href":"https:\/\/api.w.org\/{rel}","templated":true}]}}