{"id":692619,"date":"2024-11-03T10:02:34","date_gmt":"2024-11-03T07:02:34","guid":{"rendered":"https:\/\/nbg.eu\/product\/norma-cal-6-5-creedmoore-target-match-8-4g-130gr\/"},"modified":"2026-05-13T16:04:50","modified_gmt":"2026-05-13T13:04:50","slug":"norma-cal-6-5-creedmoore-target-match-8-4g-130gr","status":"publish","type":"product","link":"https:\/\/nbg.eu\/sl\/izdelek\/norma-cal-6-5-creedmoore-target-match-8-4g-130gr\/","title":{"rendered":"NORMA cal. 6.5 Creedmoore Target Match 8.4g\/130gr."},"content":{"rendered":"<h2>NORMA cal. 6.5 Creedmoore Target Match 8.4g\/130gr<\/h2>\n<p>Izkusite natan\u010dnost z NORMA 6.5 Creedmoor Target Match strelivom. Razvito leta 2007, ta naboj odli\u010dno deluje pri dolgose\u017enem tar\u010dnem strelstvu in lovu. Krogla 6,5 mm se pona\u0161a z odli\u010dnimi gostotami sekcij in balistnimi koeficienti, kar zagotavlja nadpovpre\u010dno delovanje na podalj\u0161anih razdaljah.<\/p>\n<h3>Zna\u010dilnosti:<\/h3>\n<ul>\n<li>Kaliber: 6.5 Creedmoor<\/li>\n<li>Te\u017ea: 8.4g\/130gr<\/li>\n<li>Balisti\u010dni koeficient: G1 0.548 \/ G7 0.294<\/li>\n<li>Vrsta: Golden Target<\/li>\n<li>V\u017eig: Centralni<\/li>\n<\/ul>\n<h3>Hitrost:<\/h3>\n<ul>\n<li>V0: 869 m\/s<\/li>\n<li>V100: 813 m\/s<\/li>\n<li>V200: 759 m\/s<\/li>\n<li>V300: 708 m\/s<\/li>\n<\/ul>\n","protected":false},"excerpt":{"rendered":"<p>Natan\u010dnostna streliva 6.5 Creedmoor za dolgose\u017eno tar\u010dno streljanje.<\/p>\n","protected":false},"featured_media":76707,"template":"","meta":{"_acf_changed":false},"product_brand":[14477],"product_cat":[13496],"product_tag":[],"class_list":{"0":"post-692619","1":"product","2":"type-product","3":"status-publish","4":"has-post-thumbnail","6":"product_brand-norma-precision","7":"product_cat-puscano-strelivo","9":"first","10":"instock","11":"taxable","12":"shipping-taxable","13":"purchasable","14":"product-type-simple"},"acf":[],"_links":{"self":[{"href":"https:\/\/nbg.eu\/sl\/wp-json\/wp\/v2\/product\/692619","targetHints":{"allow":["GET"]}}],"collection":[{"href":"https:\/\/nbg.eu\/sl\/wp-json\/wp\/v2\/product"}],"about":[{"href":"https:\/\/nbg.eu\/sl\/wp-json\/wp\/v2\/types\/product"}],"wp:featuredmedia":[{"embeddable":true,"href":"https:\/\/nbg.eu\/sl\/wp-json\/wp\/v2\/media\/76707"}],"wp:attachment":[{"href":"https:\/\/nbg.eu\/sl\/wp-json\/wp\/v2\/media?parent=692619"}],"wp:term":[{"taxonomy":"product_brand","embeddable":true,"href":"https:\/\/nbg.eu\/sl\/wp-json\/wp\/v2\/product_brand?post=692619"},{"taxonomy":"product_cat","embeddable":true,"href":"https:\/\/nbg.eu\/sl\/wp-json\/wp\/v2\/product_cat?post=692619"},{"taxonomy":"product_tag","embeddable":true,"href":"https:\/\/nbg.eu\/sl\/wp-json\/wp\/v2\/product_tag?post=692619"}],"curies":[{"name":"wp","href":"https:\/\/api.w.org\/{rel}","templated":true}]}}