{"id":692643,"date":"2025-03-07T13:29:53","date_gmt":"2025-03-07T10:29:53","guid":{"rendered":"https:\/\/nbg.eu\/product\/nitehog-18650-rechargeable-battery\/"},"modified":"2026-05-13T16:02:19","modified_gmt":"2026-05-13T13:02:19","slug":"nitehog-18650-rechargeable-battery","status":"publish","type":"product","link":"https:\/\/nbg.eu\/sl\/izdelek\/nitehog-18650-rechargeable-battery\/","title":{"rendered":"Nitehog 18650 Rechargeable Battery"},"content":{"rendered":"<h2>Nitehog 18650 polnilna litij-ionska baterija: zanesljiva mo\u010d za termi\u010dno slikanje in no\u010dno vizijo<\/h2>\n<p>Odklenite celoten potencial va\u0161ih Nitehog termi\u010dnih opti\u010dnih in no\u010dno-vizijskih naprav z Nitehog 18650 polnilno litij-ionsko baterijo. S kapaciteto obi\u010dajno 3500mAh zagotavlja ta baterija enakomeren, visokonapetostni izpraznilni tok, ki je klju\u010den za napredne digitalne senzorje in termi\u010dne jedre.<\/p>\n<p>Oblikovana za optimalno delovanje, ima Nitehog 18650 baterija nominalno napetost 3,7V in vgrajeno za\u0161\u010ditno vezje (PCB) za prepre\u010devanje prekomernega polnjenja in globokega praznjenja. Ta za\u0161\u010dita zagotavlja najve\u010djo \u017eivljenjsko dobo in varnost, tako da se lahko zanesete na ta vir napajanja med dolgimi no\u010dnimi lovovskimi sejami ali takti\u010dnimi operacijami.<\/p>\n<p>Ne glede na to, ali pregledate plen v divjini ali izvajate prikrite operacije, vam Nitehog 18650 polnilna baterija zagotavlja zanesljivo, visoko kapaciteto mo\u010di, ki jo va\u0161e naprave potrebujejo. Do\u017eivite neprekinjen u\u010dinek in samozaupanje, ki ga prina\u0161a za\u0161\u010ditna zasnova, kar jo naredi kot idealno spremljavo za va\u0161o Nitehog termi\u010dno slikanje in no\u010dno-vizijsko opremo.<\/p>\n","protected":false},"excerpt":{"rendered":"<p>Nitehog 18650 polnilna litij-ionska baterija: Visoka zmogljivost in zanesljiva mo\u010d za naprave za termalno\/no\u010dno vizijo.<\/p>\n","protected":false},"featured_media":246188,"template":"","meta":{"_acf_changed":false},"product_brand":[11603],"product_cat":[13494,13459,13434,13454],"product_tag":[],"class_list":{"0":"post-692643","1":"product","2":"type-product","3":"status-publish","4":"has-post-thumbnail","6":"product_brand-nitehog","7":"product_cat-baterije","8":"product_cat-dodatki-za-nisanjenje","9":"product_cat-nisanjenje","10":"product_cat-termovizija","12":"first","13":"instock","14":"taxable","15":"shipping-taxable","16":"purchasable","17":"product-type-simple"},"acf":[],"_links":{"self":[{"href":"https:\/\/nbg.eu\/sl\/wp-json\/wp\/v2\/product\/692643","targetHints":{"allow":["GET"]}}],"collection":[{"href":"https:\/\/nbg.eu\/sl\/wp-json\/wp\/v2\/product"}],"about":[{"href":"https:\/\/nbg.eu\/sl\/wp-json\/wp\/v2\/types\/product"}],"wp:featuredmedia":[{"embeddable":true,"href":"https:\/\/nbg.eu\/sl\/wp-json\/wp\/v2\/media\/246188"}],"wp:attachment":[{"href":"https:\/\/nbg.eu\/sl\/wp-json\/wp\/v2\/media?parent=692643"}],"wp:term":[{"taxonomy":"product_brand","embeddable":true,"href":"https:\/\/nbg.eu\/sl\/wp-json\/wp\/v2\/product_brand?post=692643"},{"taxonomy":"product_cat","embeddable":true,"href":"https:\/\/nbg.eu\/sl\/wp-json\/wp\/v2\/product_cat?post=692643"},{"taxonomy":"product_tag","embeddable":true,"href":"https:\/\/nbg.eu\/sl\/wp-json\/wp\/v2\/product_tag?post=692643"}],"curies":[{"name":"wp","href":"https:\/\/api.w.org\/{rel}","templated":true}]}}