{"id":692669,"date":"2024-08-17T14:49:07","date_gmt":"2024-08-17T11:49:07","guid":{"rendered":"https:\/\/nbg.eu\/product\/mounting-kit-for-l-02-w-02-steel-black\/"},"modified":"2026-05-13T16:01:41","modified_gmt":"2026-05-13T13:01:41","slug":"mounting-kit-for-l-02-w-02-steel-black","status":"publish","type":"product","link":"https:\/\/nbg.eu\/sl\/izdelek\/mounting-kit-for-l-02-w-02-steel-black\/","title":{"rendered":"KMR Monta\u017eni Komplet for L-02, W-02 Jeklo \u010crn"},"content":{"rendered":"<h2>KMR Optic Ready (OR) Monta\u017eni komplet \u2013 jeklo, \u010drna<\/h2>\n<p>Dvignite svoje platforme L-02 in W-02 KMR z monta\u017enim kompletom KMR Optic Ready (OR). Obdelano iz visokotrdnostnega jekla, ta monta\u017ena re\u0161itev zagotavlja neprimerljivo trdnost in togost, da va\u0161a optika ohrani ni\u010dlo, tudi pod intenzivnimi silami povratnega udarca tekmovalnega streljanja.<\/p>\n<p>S specifi\u010dno obliko za model je monta\u017eni komplet OR zasnovan za varno prileganje optik Trijicon RMR, Leupold DeltaPoint Pro ali Shield, kar zagotavlja trdno podlago za va\u0161 sistem za viziranje. V nasprotju s standardnimi aluminijastimi plo\u0161\u010dami jeklen konstrukcija prepre\u010duje razriv navoja in ohranja popoln prilagodljivost za drsne regije L-02 in W-02 Optic Ready, s \u010dimer za\u0161\u010diti va\u0161o nalo\u017ebo.<\/p>\n<p>Z mat \u010drno protikorozivno prevleko ta monta\u017eni komplet ne le da je videti del opreme, ampak tudi zdr\u017euje vremenske vplive, kar zagotavlja zanesljivo delovanje v vseh pogojih. Nadgradite svojo platformo KMR z monta\u017enim kompletom KMR Optic Ready (OR) \u2013 najbolj\u0161a re\u0161itev za visoko-trdnostno integracijo optike.<\/p>\n","protected":false},"excerpt":{"rendered":"<p>Komplet za monta\u017eo visokotrdnostnega jekla za opti\u010dno integracijo L-02, W-02 KMR.<\/p>\n","protected":false},"featured_media":30378,"template":"","meta":{"_acf_changed":false},"product_brand":[],"product_cat":[13429,13433,13465,14911],"product_tag":[],"class_list":{"0":"post-692669","1":"product","2":"type-product","3":"status-publish","4":"has-post-thumbnail","6":"product_cat-deli-za-pistole","7":"product_cat-kmr-deli","8":"product_cat-pistolne-pike","9":"product_cat-red-dot-sights-mounts-sl","11":"first","12":"instock","13":"taxable","14":"shipping-taxable","15":"purchasable","16":"product-type-variable","17":"wvs-archive-product-wrapper"},"acf":[],"_links":{"self":[{"href":"https:\/\/nbg.eu\/sl\/wp-json\/wp\/v2\/product\/692669","targetHints":{"allow":["GET"]}}],"collection":[{"href":"https:\/\/nbg.eu\/sl\/wp-json\/wp\/v2\/product"}],"about":[{"href":"https:\/\/nbg.eu\/sl\/wp-json\/wp\/v2\/types\/product"}],"wp:featuredmedia":[{"embeddable":true,"href":"https:\/\/nbg.eu\/sl\/wp-json\/wp\/v2\/media\/30378"}],"wp:attachment":[{"href":"https:\/\/nbg.eu\/sl\/wp-json\/wp\/v2\/media?parent=692669"}],"wp:term":[{"taxonomy":"product_brand","embeddable":true,"href":"https:\/\/nbg.eu\/sl\/wp-json\/wp\/v2\/product_brand?post=692669"},{"taxonomy":"product_cat","embeddable":true,"href":"https:\/\/nbg.eu\/sl\/wp-json\/wp\/v2\/product_cat?post=692669"},{"taxonomy":"product_tag","embeddable":true,"href":"https:\/\/nbg.eu\/sl\/wp-json\/wp\/v2\/product_tag?post=692669"}],"curies":[{"name":"wp","href":"https:\/\/api.w.org\/{rel}","templated":true}]}}