{"id":692993,"date":"2024-09-17T08:37:52","date_gmt":"2024-09-17T05:37:52","guid":{"rendered":"https:\/\/nbg.eu\/product\/or-cover-22-lr-screw-m3x6-iso-14580-kmr\/"},"modified":"2026-05-13T16:02:38","modified_gmt":"2026-05-13T13:02:38","slug":"or-cover-22-lr-screw-m3x6-iso-14580-kmr","status":"publish","type":"product","link":"https:\/\/nbg.eu\/sl\/izdelek\/or-cover-22-lr-screw-m3x6-iso-14580-kmr\/","title":{"rendered":"KMR Vijak Pokrova OR .22 LR M3x6 ISO 14580"},"content":{"rendered":"<h2>OR COVER 22 LR VIJAK M3x6 ISO 14580 KMR<\/h2>\n<p>OR COVER 22 LR VIJAK M3x6 ISO 14580 KMR je kriti\u010dna komponenta za razli\u010dne KMR oro\u017ene sisteme. Izdelan v skladu z natan\u010dnimi specifikacijami ISO 14580, ta vijak zagotavlja varno in zanesljivo povezavo, ohranjanje celovitosti va\u0161ega oro\u017enega sistema.<\/p>\n<p>Za oro\u017eje KMR:<\/p>\n<p>KMR S-01 LANCE (OR)<\/p>\n<p>KMR S-02 75 (OR) SR ADA<\/p>\n<p>KMR S-02 OD LETA 2024<\/p>\n<p>KMR S-02 SH1 (OR) SR ADA<\/p>\n<p>KMR S-02 SH2 (OR) SR ADA<\/p>\n<p>KMR S-02 TS (OR) SR ADA<\/p>\n<p>KMR S-02 DO LETA 2023<\/p>\n","protected":false},"excerpt":{"rendered":"<p>OR POKROV 22 LR VIJAK M3x6 ISO 14580 KMR za oro\u017eje serije KMR.<\/p>\n","protected":false},"featured_media":63665,"template":"","meta":{"_acf_changed":false},"product_brand":[11509],"product_cat":[13433],"product_tag":[],"class_list":{"0":"post-692993","1":"product","2":"type-product","3":"status-publish","4":"has-post-thumbnail","6":"product_brand-kmr-precision","7":"product_cat-kmr-deli","9":"first","10":"instock","11":"taxable","12":"shipping-taxable","13":"product-type-simple"},"acf":[],"_links":{"self":[{"href":"https:\/\/nbg.eu\/sl\/wp-json\/wp\/v2\/product\/692993","targetHints":{"allow":["GET"]}}],"collection":[{"href":"https:\/\/nbg.eu\/sl\/wp-json\/wp\/v2\/product"}],"about":[{"href":"https:\/\/nbg.eu\/sl\/wp-json\/wp\/v2\/types\/product"}],"wp:featuredmedia":[{"embeddable":true,"href":"https:\/\/nbg.eu\/sl\/wp-json\/wp\/v2\/media\/63665"}],"wp:attachment":[{"href":"https:\/\/nbg.eu\/sl\/wp-json\/wp\/v2\/media?parent=692993"}],"wp:term":[{"taxonomy":"product_brand","embeddable":true,"href":"https:\/\/nbg.eu\/sl\/wp-json\/wp\/v2\/product_brand?post=692993"},{"taxonomy":"product_cat","embeddable":true,"href":"https:\/\/nbg.eu\/sl\/wp-json\/wp\/v2\/product_cat?post=692993"},{"taxonomy":"product_tag","embeddable":true,"href":"https:\/\/nbg.eu\/sl\/wp-json\/wp\/v2\/product_tag?post=692993"}],"curies":[{"name":"wp","href":"https:\/\/api.w.org\/{rel}","templated":true}]}}