{"id":693137,"date":"2024-08-18T11:29:17","date_gmt":"2024-08-18T08:29:17","guid":{"rendered":"https:\/\/nbg.eu\/product\/recoil-spring-guide-kmr-45-stainless\/"},"modified":"2026-02-06T18:00:05","modified_gmt":"2026-02-06T15:00:05","slug":"recoil-spring-guide-kmr-45-stainless","status":"publish","type":"product","link":"https:\/\/nbg.eu\/sl\/izdelek\/recoil-spring-guide-kmr-45-stainless\/","title":{"rendered":"Vodila povratne vzmeti KMR 4,5&#8243; nerjavno jeklo"},"content":{"rendered":"<h2>Vzmet vodilnega vzmeti KMR 4,5&#8243; iz nerjave\u010dega jekla<\/h2>\n<p>Vzmet vodilnega vzmeti KMR 4,5&#8243; iz nerjave\u010dega jekla je vrhunska dodatna oprema, zasnovana za oro\u017eje v seriji KMR. Ta vzdr\u017eljiva komponenta iz nerjave\u010dega jekla je klju\u010dna za ohranjanje gladkega delovanja in zanesljivosti va\u0161ega strelnega oro\u017eja.<\/p>\n<p>Vzdr\u017eljivost: Izdelana iz visokokakovostnega nerjave\u010dega jekla, ta vzmet vodilnega vzmeti je zgrajena, da zdr\u017ei napore redne uporabe. Odporna je proti koroziji in izdelana tako, da traja, kar zagotavlja, da bo va\u0161e strelno oro\u017eje \u0161e naprej delovalo na najbolj\u0161i na\u010din.<\/p>\n<p>Enostavna namestitev: Nadgradnja va\u0161ega oro\u017eja KMR z vzmetjo vodilnega vzmeti KMR 4,5&#8243; iz nerjave\u010dega jekla je preprosta, kar ga naredi za udobno izbiro tako za izku\u0161ene kot za za\u010detne lastnike strelnega oro\u017eja.<\/p>\n<p>Za oro\u017eja KMR:<\/p>\n<p>KMR L-02 UMBRA OD 2024<\/p>\n<p>KMR L-02 UMBRA DO 2023<\/p>\n<p>KMR W-02 UMBRA<\/p>\n<p>KMR W-02 UMBRA (OR)<\/p>\n","protected":false},"excerpt":{"rendered":"<p>Vodilo vzmeti povratka KMR 4,5&#8243; iz nerjave\u010dega jekla za oro\u017eje KMR L-02 UMBRA, KMR W-02 UMBRA.<\/p>\n","protected":false},"featured_media":25648,"template":"","meta":{"_acf_changed":false},"product_brand":[11509],"product_cat":[13433,13451],"product_tag":[],"class_list":{"0":"post-693137","1":"product","2":"type-product","3":"status-publish","4":"has-post-thumbnail","6":"product_brand-kmr-precision","7":"product_cat-kmr-deli","8":"product_cat-vzmeti","10":"first","11":"instock","12":"taxable","13":"shipping-taxable","14":"product-type-simple"},"acf":[],"_links":{"self":[{"href":"https:\/\/nbg.eu\/sl\/wp-json\/wp\/v2\/product\/693137","targetHints":{"allow":["GET"]}}],"collection":[{"href":"https:\/\/nbg.eu\/sl\/wp-json\/wp\/v2\/product"}],"about":[{"href":"https:\/\/nbg.eu\/sl\/wp-json\/wp\/v2\/types\/product"}],"wp:featuredmedia":[{"embeddable":true,"href":"https:\/\/nbg.eu\/sl\/wp-json\/wp\/v2\/media\/25648"}],"wp:attachment":[{"href":"https:\/\/nbg.eu\/sl\/wp-json\/wp\/v2\/media?parent=693137"}],"wp:term":[{"taxonomy":"product_brand","embeddable":true,"href":"https:\/\/nbg.eu\/sl\/wp-json\/wp\/v2\/product_brand?post=693137"},{"taxonomy":"product_cat","embeddable":true,"href":"https:\/\/nbg.eu\/sl\/wp-json\/wp\/v2\/product_cat?post=693137"},{"taxonomy":"product_tag","embeddable":true,"href":"https:\/\/nbg.eu\/sl\/wp-json\/wp\/v2\/product_tag?post=693137"}],"curies":[{"name":"wp","href":"https:\/\/api.w.org\/{rel}","templated":true}]}}