{"id":693565,"date":"2025-03-07T20:56:56","date_gmt":"2025-03-07T17:56:56","guid":{"rendered":"https:\/\/nbg.eu\/product\/rusan-modular-qr-adapter-for-guide-arta435\/"},"modified":"2026-05-13T16:01:24","modified_gmt":"2026-05-13T13:01:24","slug":"rusan-modular-qr-adapter-for-guide-arta435","status":"publish","type":"product","link":"https:\/\/nbg.eu\/sl\/izdelek\/rusan-modular-qr-adapter-for-guide-arta435\/","title":{"rendered":"Rusan Modular QR Adapter for Guide | ARTA435"},"content":{"rendered":"<h2>Rusan Modularni QR Adapter za Guide | ARTA435<\/h2>\n<p>Dvignite natan\u010dnost streljanja s Rusanovim modularnim QR adapterjem za Guide (ARTA435). Zasnovan za gladko integracijo s termi\u010dnimi priklju\u010dki Guide, ta hitrolo\u010dljivi (QR) sistem monta\u017ee ponuja neprimerljivo priro\u010dnost in ponovljivost.<\/p>\n<p>Z notranjim navojem M52x0,75 adapter uporablja robustni sistem QR ro\u010dice, ki omogo\u010da skoraj takoj\u0161njo pritrditev in odstranitev va\u0161ega termi\u010dnega nastavka, ne da bi pri tem ogrozili ni\u010d va\u0161ega oro\u017eja. Modularno zasnova zagotavlja varno, napetostno nastavljivo klju\u010davnico, ki ohranja natan\u010dnost celo v najzahtevnej\u0161ih pogojih.<\/p>\n<p>Rusan Modularni QR Adapter je izdelan iz visokokakovostnega aluminija in zgrajen tako, da zdr\u017ei napore na terenu. Njegova zdru\u017eljivost z Rusan ARADA obro\u010dki \u0161e bolj pove\u010da prilagodljivost sistema, kar omogo\u010da prilagojena re\u0161itev za va\u0161e specifi\u010dne potrebe.<\/p>\n<p>Do\u017eivite ultimativno tiho, brez orodja delujo\u010do izvedbo z Rusanovim Modularnim QR Adapterjem. Dvignite u\u010dinkovitost streljanja in odklenite celoten potencial va\u0161ih termi\u010dnih priklju\u010dkov Guide s to inovativno re\u0161itvijo monta\u017ee.<\/p>\n","protected":false},"excerpt":{"rendered":"<p>Natan\u010dno name\u0161\u010danje QR za toplotne dodatke Guide. Navoj M52x0.75, modularno, visokokakovostna aluminijasta.<\/p>\n","protected":false},"featured_media":248607,"template":"","meta":{"_acf_changed":false},"product_brand":[11693],"product_cat":[13459,13434,13454],"product_tag":[],"class_list":{"0":"post-693565","1":"product","2":"type-product","3":"status-publish","4":"has-post-thumbnail","6":"product_brand-rusan","7":"product_cat-dodatki-za-nisanjenje","8":"product_cat-nisanjenje","9":"product_cat-termovizija","11":"first","12":"instock","13":"taxable","14":"shipping-taxable","15":"purchasable","16":"product-type-variable","17":"wvs-archive-product-wrapper"},"acf":[],"_links":{"self":[{"href":"https:\/\/nbg.eu\/sl\/wp-json\/wp\/v2\/product\/693565","targetHints":{"allow":["GET"]}}],"collection":[{"href":"https:\/\/nbg.eu\/sl\/wp-json\/wp\/v2\/product"}],"about":[{"href":"https:\/\/nbg.eu\/sl\/wp-json\/wp\/v2\/types\/product"}],"wp:featuredmedia":[{"embeddable":true,"href":"https:\/\/nbg.eu\/sl\/wp-json\/wp\/v2\/media\/248607"}],"wp:attachment":[{"href":"https:\/\/nbg.eu\/sl\/wp-json\/wp\/v2\/media?parent=693565"}],"wp:term":[{"taxonomy":"product_brand","embeddable":true,"href":"https:\/\/nbg.eu\/sl\/wp-json\/wp\/v2\/product_brand?post=693565"},{"taxonomy":"product_cat","embeddable":true,"href":"https:\/\/nbg.eu\/sl\/wp-json\/wp\/v2\/product_cat?post=693565"},{"taxonomy":"product_tag","embeddable":true,"href":"https:\/\/nbg.eu\/sl\/wp-json\/wp\/v2\/product_tag?post=693565"}],"curies":[{"name":"wp","href":"https:\/\/api.w.org\/{rel}","templated":true}]}}