{"id":694144,"date":"2024-08-17T18:11:52","date_gmt":"2024-08-17T15:11:52","guid":{"rendered":"https:\/\/nbg.eu\/product\/safety-detent-plunger-spring-kmr\/"},"modified":"2026-05-13T16:03:32","modified_gmt":"2026-05-13T13:03:32","slug":"safety-detent-plunger-spring-kmr","status":"publish","type":"product","link":"https:\/\/nbg.eu\/sl\/izdelek\/safety-detent-plunger-spring-kmr\/","title":{"rendered":"KMR Vzmet Varnostnega Bata"},"content":{"rendered":"<h2>Vzmeti za varnostno plo\u0161\u010do KMR<\/h2>\n<p>Zagotovite zanesljivo in varno delovanje oro\u017eja z vzmetmi za varnostno plo\u0161\u010do KMR.<\/p>\n<p>Izdelane z natan\u010dnostjo in vzdr\u017eljivostjo v mislih, vzmeti za varnostno plo\u0161\u010do KMR pomagajo ohraniti pravilno delovanje varnostnega mehanizma va\u0161ega oro\u017eja. Njihov zanesljiv dizajn zagotavlja gladko in dosledno delovanje, zmanj\u0161uje tveganje naklju\u010dnih izstrelov in pove\u010duje splo\u0161no varnost med uporabo.<\/p>\n<p>Ne glede na to, ali posodabljate svoje obstoje\u010de oro\u017eje KMR ali menjate izrabljen del, so vzmeti za varnostno plo\u0161\u010do KMR bistven dodatek za ohranjanje celovitosti in u\u010dinkovitosti va\u0161ega strelnega oro\u017eja. Vlo\u017eite v to zanesljivo komponento, da zagotovite, da sta varnost in funkcionalnost va\u0161ega oro\u017eja na najvi\u0161ji ravni.<\/p>\n<p>Za oro\u017eja KMR:<\/p>\n<p>KMR L-02 EMIQ<\/p>\n<p>KMR L-02 EMIQ (OR)<\/p>\n<p>KMR L-02 ORCA OD 2024<\/p>\n<p>KMR L-02 ORCA DO 2023<\/p>\n<p>KMR L-02 SPECTRA OD 2024<\/p>\n<p>KMR L-02 SPECTRA DO 2023<\/p>\n<p>KMR L-02 UMBRA (OR) SR<\/p>\n<p>KMR S-01 LANCE (OR)<\/p>\n<p>KMR S-02 OD 2024<\/p>\n<p>KMR S-02 DO 2023<\/p>\n<p>KMR W-02 CUDA (OR)<\/p>\n<p>KMR W-02 UMBRA<\/p>\n<p>KMR W-02 UMBRA (OR)<\/p>\n","protected":false},"excerpt":{"rendered":"<p>Varnostna zapornica vzmet za oro\u017eja KMR.<\/p>\n","protected":false},"featured_media":24932,"template":"","meta":{"_acf_changed":false},"product_brand":[11509],"product_cat":[13433,13451],"product_tag":[],"class_list":{"0":"post-694144","1":"product","2":"type-product","3":"status-publish","4":"has-post-thumbnail","6":"product_brand-kmr-precision","7":"product_cat-kmr-deli","8":"product_cat-vzmeti","10":"first","11":"instock","12":"taxable","13":"shipping-taxable","14":"product-type-simple"},"acf":[],"_links":{"self":[{"href":"https:\/\/nbg.eu\/sl\/wp-json\/wp\/v2\/product\/694144","targetHints":{"allow":["GET"]}}],"collection":[{"href":"https:\/\/nbg.eu\/sl\/wp-json\/wp\/v2\/product"}],"about":[{"href":"https:\/\/nbg.eu\/sl\/wp-json\/wp\/v2\/types\/product"}],"wp:featuredmedia":[{"embeddable":true,"href":"https:\/\/nbg.eu\/sl\/wp-json\/wp\/v2\/media\/24932"}],"wp:attachment":[{"href":"https:\/\/nbg.eu\/sl\/wp-json\/wp\/v2\/media?parent=694144"}],"wp:term":[{"taxonomy":"product_brand","embeddable":true,"href":"https:\/\/nbg.eu\/sl\/wp-json\/wp\/v2\/product_brand?post=694144"},{"taxonomy":"product_cat","embeddable":true,"href":"https:\/\/nbg.eu\/sl\/wp-json\/wp\/v2\/product_cat?post=694144"},{"taxonomy":"product_tag","embeddable":true,"href":"https:\/\/nbg.eu\/sl\/wp-json\/wp\/v2\/product_tag?post=694144"}],"curies":[{"name":"wp","href":"https:\/\/api.w.org\/{rel}","templated":true}]}}