{"id":694176,"date":"2024-08-18T12:14:07","date_gmt":"2024-08-18T09:14:07","guid":{"rendered":"https:\/\/nbg.eu\/product\/safety-detent-plunger-left-kmr\/"},"modified":"2026-05-13T16:02:59","modified_gmt":"2026-05-13T13:02:59","slug":"safety-detent-plunger-left-kmr","status":"publish","type":"product","link":"https:\/\/nbg.eu\/sl\/izdelek\/safety-detent-plunger-left-kmr\/","title":{"rendered":"KMR Varnostni Bat Levi"},"content":{"rendered":"<h2>Varnostni detentni drsnik &#8211; levi KMR<\/h2>\n<p>Zasnovan za uporabo z razli\u010dnimi modeli oro\u017eja KMR, Varnostni detentni drsnik &#8211; levi KMR je bistven sestavni del, ki pomaga zagotoviti varno in zanesljivo delovanje va\u0161ega oro\u017eja. Ta drsnik igra klju\u010dno vlogo v varnostnih mehanizmih oro\u017eja.<\/p>\n<p>Izdelan z natan\u010dnostjo in vzdr\u017eljivostjo v mislih, Varnostni detentni drsnik &#8211; levi KMR zagotavlja varno in zanesljivo povezavo, kar daje mir pri upravljanju.<\/p>\n<p>Za oro\u017eje KMR<\/p>\n<p>KMR L-02 EMIQ<\/p>\n<p>KMR L-02 EMIQ (OR)<\/p>\n<p>KMR L-02 ORCA DO 2023<\/p>\n<p>KMR L-02 SPECTRA DO 2023<\/p>\n<p>KMR L-02 UMBRA (OR) SR<\/p>\n<p>KMR S-01 LANCE (OR)<\/p>\n<p>KMR S-02 DO 2023<\/p>\n<p>KMR W-02 CUDA (OR)<\/p>\n<p>KMR W-02 UMBRA<\/p>\n<p>KMR W-02 UMBRA (OR)<\/p>\n<p>Referenca 1130-00302-0401<\/p>\n","protected":false},"excerpt":{"rendered":"<p>Varnostni odmikalni bat &#8211; Levi KMR za oro\u017eje KMR, zdru\u017eljiv z razli\u010dnimi modeli.<\/p>\n","protected":false},"featured_media":25924,"template":"","meta":{"_acf_changed":false},"product_brand":[11509],"product_cat":[13433],"product_tag":[],"class_list":{"0":"post-694176","1":"product","2":"type-product","3":"status-publish","4":"has-post-thumbnail","6":"product_brand-kmr-precision","7":"product_cat-kmr-deli","9":"first","10":"instock","11":"taxable","12":"shipping-taxable","13":"product-type-simple"},"acf":[],"_links":{"self":[{"href":"https:\/\/nbg.eu\/sl\/wp-json\/wp\/v2\/product\/694176","targetHints":{"allow":["GET"]}}],"collection":[{"href":"https:\/\/nbg.eu\/sl\/wp-json\/wp\/v2\/product"}],"about":[{"href":"https:\/\/nbg.eu\/sl\/wp-json\/wp\/v2\/types\/product"}],"wp:featuredmedia":[{"embeddable":true,"href":"https:\/\/nbg.eu\/sl\/wp-json\/wp\/v2\/media\/25924"}],"wp:attachment":[{"href":"https:\/\/nbg.eu\/sl\/wp-json\/wp\/v2\/media?parent=694176"}],"wp:term":[{"taxonomy":"product_brand","embeddable":true,"href":"https:\/\/nbg.eu\/sl\/wp-json\/wp\/v2\/product_brand?post=694176"},{"taxonomy":"product_cat","embeddable":true,"href":"https:\/\/nbg.eu\/sl\/wp-json\/wp\/v2\/product_cat?post=694176"},{"taxonomy":"product_tag","embeddable":true,"href":"https:\/\/nbg.eu\/sl\/wp-json\/wp\/v2\/product_tag?post=694176"}],"curies":[{"name":"wp","href":"https:\/\/api.w.org\/{rel}","templated":true}]}}