{"id":694286,"date":"2024-08-16T23:19:01","date_gmt":"2024-08-16T20:19:01","guid":{"rendered":"https:\/\/nbg.eu\/product\/sear-pin-kmr\/"},"modified":"2026-05-13T15:11:28","modified_gmt":"2026-05-13T12:11:28","slug":"sear-pin-kmr","status":"publish","type":"product","link":"https:\/\/nbg.eu\/sl\/izdelek\/sear-pin-kmr\/","title":{"rendered":"KMR Zati\u010d Zapirala"},"content":{"rendered":"<h2>Sear zati\u010d za KMR pi\u0161tole: Natan\u010dna to\u010dka vrti\u0161\u010da za doslednost pro\u017eilca<\/h2>\n<p>Sear zati\u010d za KMR pi\u0161tole je kriti\u010dna komponenta, ki zagotavlja zanesljivost in doslednost mehanizma pro\u017eilca v va\u0161em oro\u017eju. Izdelan iz precizno bru\u0161enega kaljenog orodnega jekla, ta del je izdelan v skladu z strogimi tovarni\u0161kim tolerancami KMR, kar zagotavlja izjemno odpornost na obrabo in gladko, zanesljivo delovanje.<\/p>\n<p>V jedru mehanizma sear-a deluje Sear zati\u010d kot osna to\u010dka, ki omogo\u010da, da se sear natan\u010dno in dosledno premika. Ultra gladka povr\u0161ina in natan\u010den premer te komponente so klju\u010dni za vzdr\u017eevanje ostrega, predvidljivega spro\u017eenja in zanesljivega resetiranja v KMR tekmovalnih pi\u0161tolah.<\/p>\n<p>Z zagotavljanjem stabilne, visoko natan\u010dne to\u010dke vrtenja Sear zati\u010d pomaga odpraviti nedoslednosti pro\u017eilca, ki lahko vplivajo na natan\u010dnost in u\u010dinkovitost. Ne glede na to, ali se ukvarjate s tekmovalnim strelstvom ali se zana\u0161ate na svojo KMR pi\u0161tolo za osebno obrambo, ta bistveni del pomaga zagotoviti dosleden, zanesljiv pritisk na pro\u017eilec vsak \u010das.<\/p>\n<p>Nadgradite svojo KMR pi\u0161tolo z Sear zati\u010dem in ob\u010dutite razliko, ki jo lahko naredi natan\u010dno in\u017eenirstvo. Dvignite svoje streljanje s to bistveno komponento, zasnovano za dostavo vrhunske u\u010dinkovitosti pro\u017eilca.<\/p>\n","protected":false},"excerpt":{"rendered":"<p>Natan\u010dno luknjanje ro\u010dice zagotavlja konsistenten potisk spro\u017eilca KMR.<\/p>\n","protected":false},"featured_media":23812,"template":"","meta":{"_acf_changed":false},"product_brand":[11509],"product_cat":[13433],"product_tag":[],"class_list":{"0":"post-694286","1":"product","2":"type-product","3":"status-publish","4":"has-post-thumbnail","6":"product_brand-kmr-precision","7":"product_cat-kmr-deli","9":"first","10":"instock","11":"taxable","12":"shipping-taxable","13":"product-type-simple"},"acf":[],"_links":{"self":[{"href":"https:\/\/nbg.eu\/sl\/wp-json\/wp\/v2\/product\/694286","targetHints":{"allow":["GET"]}}],"collection":[{"href":"https:\/\/nbg.eu\/sl\/wp-json\/wp\/v2\/product"}],"about":[{"href":"https:\/\/nbg.eu\/sl\/wp-json\/wp\/v2\/types\/product"}],"wp:featuredmedia":[{"embeddable":true,"href":"https:\/\/nbg.eu\/sl\/wp-json\/wp\/v2\/media\/23812"}],"wp:attachment":[{"href":"https:\/\/nbg.eu\/sl\/wp-json\/wp\/v2\/media?parent=694286"}],"wp:term":[{"taxonomy":"product_brand","embeddable":true,"href":"https:\/\/nbg.eu\/sl\/wp-json\/wp\/v2\/product_brand?post=694286"},{"taxonomy":"product_cat","embeddable":true,"href":"https:\/\/nbg.eu\/sl\/wp-json\/wp\/v2\/product_cat?post=694286"},{"taxonomy":"product_tag","embeddable":true,"href":"https:\/\/nbg.eu\/sl\/wp-json\/wp\/v2\/product_tag?post=694286"}],"curies":[{"name":"wp","href":"https:\/\/api.w.org\/{rel}","templated":true}]}}