{"id":694333,"date":"2025-09-05T00:02:55","date_gmt":"2025-09-04T21:02:55","guid":{"rendered":"https:\/\/nbg.eu\/product\/sig-sauer-taper-cap-for-7-62-barrels-5-8-24-thread\/"},"modified":"2026-05-13T16:41:24","modified_gmt":"2026-05-13T13:41:24","slug":"sig-sauer-taper-cap-for-7-62-barrels-5-8-24-thread","status":"publish","type":"product","link":"https:\/\/nbg.eu\/sl\/izdelek\/sig-sauer-taper-cap-for-7-62-barrels-5-8-24-thread\/","title":{"rendered":"Sig Sauer Taper Cap for 7.62 barrels, 5\/8-24 thread"},"content":{"rendered":"<div class=\"product-description\">\n<h2>Sig Sauer Taper Cap za 7.62 cevi<\/h2>\n<h2>5\/8-24 navoj<\/h2>\n<p>Izbolj\u0161ajte za\u0161\u010dito in videz va\u0161ega Sig Sauer strelnega oro\u017eja s tem natan\u010dno izdelanim taper pokrov\u010dkom. Zasnovan posebej za 7.62 cevi z 5\/8-24 navojem, je ta pokrov\u010dek popoln za razli\u010dne Sig Sauer modele, vklju\u010dno s SIG MCX, SIG716 in SIGM400.<\/p>\n<h3>Klju\u010dne lastnosti:<\/h3>\n<ul>\n<li>Zdru\u017eljiv z 7.62 NATO in .300 BLK kalibrami<\/li>\n<li>Ustreza trenutnim Sig Sauer modelom, kot so 716, MCX in M400<\/li>\n<li>Natan\u010dno narejen za 5\/8-24 cevi<\/li>\n<li>\u0160\u010diti navoj va\u0161e cevi, ko je ne uporabljate<\/li>\n<li>Ohranja vitko obliko va\u0161ega strelnega oro\u017eja<\/li>\n<\/ul>\n<p>Ta taper pokrov\u010dek je bistven dodatek za vsakega lastnika Sig Sauer, saj zagotavlja, da ostane va\u0161a cev v brezhibnem stanju, hkrati pa izbolj\u0161a splo\u0161en videz va\u0161ega strelnega oro\u017eja. Enostavno ga namestite in odstranite, kar ga naredi popolno dodatno opremo za vzdr\u017eevanje va\u0161ih pu\u0161k.<\/p>\n<\/div>\n","protected":false},"excerpt":{"rendered":"<p>Taper kapa za Sig Sauer cevi 7.62, navoj 5\/8-24. Ustreza modelom MCX, 716, M400.<\/p>\n","protected":false},"featured_media":496343,"template":"","meta":{"_acf_changed":false},"product_brand":[15111],"product_cat":[13466,13461,13483],"product_tag":[],"class_list":{"0":"post-694333","1":"product","2":"type-product","3":"status-publish","4":"has-post-thumbnail","6":"product_brand-sig-sauer","7":"product_cat-dusilci-za-puske","8":"product_cat-dusilci-zvoka","9":"product_cat-puska","11":"first","12":"instock","13":"taxable","14":"shipping-taxable","15":"purchasable","16":"product-type-simple"},"acf":[],"_links":{"self":[{"href":"https:\/\/nbg.eu\/sl\/wp-json\/wp\/v2\/product\/694333","targetHints":{"allow":["GET"]}}],"collection":[{"href":"https:\/\/nbg.eu\/sl\/wp-json\/wp\/v2\/product"}],"about":[{"href":"https:\/\/nbg.eu\/sl\/wp-json\/wp\/v2\/types\/product"}],"wp:featuredmedia":[{"embeddable":true,"href":"https:\/\/nbg.eu\/sl\/wp-json\/wp\/v2\/media\/496343"}],"wp:attachment":[{"href":"https:\/\/nbg.eu\/sl\/wp-json\/wp\/v2\/media?parent=694333"}],"wp:term":[{"taxonomy":"product_brand","embeddable":true,"href":"https:\/\/nbg.eu\/sl\/wp-json\/wp\/v2\/product_brand?post=694333"},{"taxonomy":"product_cat","embeddable":true,"href":"https:\/\/nbg.eu\/sl\/wp-json\/wp\/v2\/product_cat?post=694333"},{"taxonomy":"product_tag","embeddable":true,"href":"https:\/\/nbg.eu\/sl\/wp-json\/wp\/v2\/product_tag?post=694333"}],"curies":[{"name":"wp","href":"https:\/\/api.w.org\/{rel}","templated":true}]}}