{"id":694410,"date":"2024-09-16T14:42:04","date_gmt":"2024-09-16T11:42:04","guid":{"rendered":"https:\/\/nbg.eu\/product\/slide-stop-kmr-s\/"},"modified":"2026-05-13T16:02:57","modified_gmt":"2026-05-13T13:02:57","slug":"slide-stop-kmr-s","status":"publish","type":"product","link":"https:\/\/nbg.eu\/sl\/izdelek\/slide-stop-kmr-s\/","title":{"rendered":"KMR Zapira\u010d Drsnike S"},"content":{"rendered":"<h2>SLIDE STOP S &#8211; Bistvena varnostna funkcija za va\u0161o oro\u017eje<\/h2>\n<p>SLIDE STOP S je klju\u010dni sestavni del za va\u0161e oro\u017eje, zasnovan za izbolj\u0161anje varnosti in funkcionalnosti. Ko je poln naboj prazen, se zapornica samodejno zaklene v zadnji polo\u017eaj, kar jasno signalizira strelcu, da je treba nalo\u017eiti nov nabojev.<\/p>\n<p>Ta funkcija omogo\u010da gladko polnjenje, saj lahko strelec preprosto pritisne na zaklep zaklepa, da sprosti zapornico in nalo\u017ei prvi naboj v cev. SLIDE STOP S deluje kot varnostni mehanizem, ki prepre\u010duje nenameren izstrel, dokler nabojev ni pravilno vstavljen in oro\u017eje ni pripravljeno za uporabo.<\/p>\n<p>Zdru\u017eljivost z naslednjimi modeli oro\u017eja:<\/p>\n<p> KMR S-01 LANCE (OR)<\/p>\n<\/p>\n<p>KMR S-02 75 (OR) SR ADA,<\/p>\n<p> KMR S-02 OD 2024,<\/p>\n<p> KMR S-02 SH1 (OR) SR ADA, <\/p>\n<p> KMR S-02 DO 2023.<\/p>\n<\/p>\n<p> Referen\u010dna \u0161tevilka dela: 1110-01503-0400.<\/p>\n","protected":false},"excerpt":{"rendered":"<p>Ro\u010daj za varovanje zadaj v polo\u017eaju za prazno strelivo. Omogo\u010da polnjenje novega naboja. Varnostna zna\u010dilnost, ki prepre\u010duje nenameren izstrel.<\/p>\n","protected":false},"featured_media":25901,"template":"","meta":{"_acf_changed":false},"product_brand":[11509],"product_cat":[13433],"product_tag":[],"class_list":{"0":"post-694410","1":"product","2":"type-product","3":"status-publish","4":"has-post-thumbnail","6":"product_brand-kmr-precision","7":"product_cat-kmr-deli","9":"first","10":"instock","11":"taxable","12":"shipping-taxable","13":"product-type-simple"},"acf":[],"_links":{"self":[{"href":"https:\/\/nbg.eu\/sl\/wp-json\/wp\/v2\/product\/694410","targetHints":{"allow":["GET"]}}],"collection":[{"href":"https:\/\/nbg.eu\/sl\/wp-json\/wp\/v2\/product"}],"about":[{"href":"https:\/\/nbg.eu\/sl\/wp-json\/wp\/v2\/types\/product"}],"wp:featuredmedia":[{"embeddable":true,"href":"https:\/\/nbg.eu\/sl\/wp-json\/wp\/v2\/media\/25901"}],"wp:attachment":[{"href":"https:\/\/nbg.eu\/sl\/wp-json\/wp\/v2\/media?parent=694410"}],"wp:term":[{"taxonomy":"product_brand","embeddable":true,"href":"https:\/\/nbg.eu\/sl\/wp-json\/wp\/v2\/product_brand?post=694410"},{"taxonomy":"product_cat","embeddable":true,"href":"https:\/\/nbg.eu\/sl\/wp-json\/wp\/v2\/product_cat?post=694410"},{"taxonomy":"product_tag","embeddable":true,"href":"https:\/\/nbg.eu\/sl\/wp-json\/wp\/v2\/product_tag?post=694410"}],"curies":[{"name":"wp","href":"https:\/\/api.w.org\/{rel}","templated":true}]}}