{"id":694426,"date":"2024-09-16T12:21:06","date_gmt":"2024-09-16T09:21:06","guid":{"rendered":"https:\/\/nbg.eu\/product\/slide-stop-spring-pin-kmr\/"},"modified":"2026-05-13T16:40:28","modified_gmt":"2026-05-13T13:40:28","slug":"slide-stop-spring-pin-kmr","status":"publish","type":"product","link":"https:\/\/nbg.eu\/sl\/izdelek\/slide-stop-spring-pin-kmr\/","title":{"rendered":"KMR Zati\u010d Vzmeti Zapira\u010da Drsnike Centerfire"},"content":{"rendered":"<h2>SLIDE STOP SPRING PIN KMR Centerfire<\/h2>\n<p>Nadgradite delovanje svojega oro\u017eja z SLIDE STOP SPRING PIN KMR Centerfire, zasnovanim za brezhibno zdru\u017eljivost z razli\u010dnimi modeli oro\u017eja. Ta natan\u010dno in\u017eeniran sestavni del zagotavlja gladko in zanesljivo delovanje, kar izbolj\u0161uje va\u0161o strelsko izku\u0161njo. Izdelan z izjemno pozornostjo do podrobnosti, je SLIDE STOP SPRING PIN KMR Centerfire nujni dodatek za navdu\u0161ence nad oro\u017ejem, ki si \u017eelijo optimizirati funkcionalnost svojega strelnega oro\u017eja.<\/p>\n<p>Natan\u010dno in\u017eenirstvo: Izdelan z najve\u010d pozornosti do podrobnosti, je SLIDE STOP SPRING PIN KMR Centerfire zasnovan za zagotavljanje brezhibne in zanesljive izvedbe, kar zagotavlja, da va\u0161e oro\u017eje deluje na vrhuncu. Njegova natan\u010dna gradnja in kakovostni materiali ga delajo zaupanja vredno izbiro med navdu\u0161enci nad oro\u017ejem.<\/p>\n<p>Izbolj\u0161ajte svojo strelsko izku\u0161njo: Nadgradite svoj Centerfire oro\u017eje z SLIDE STOP SPRING PIN KMR Centerfire in do\u017eivite razliko v svoji strelski u\u010dinkovitosti. Ta dodatek je bistveni dodatek v arzenalu vsakega navdu\u0161enca nad oro\u017ejem, ki nudi izbolj\u0161ano funkcionalnost in zanesljivost.<\/p>\n","protected":false},"excerpt":{"rendered":"<p>VZMET ZATI\u010cA ZA USTAVLJANJE DRSE\u010cA za oro\u017eje KMR.<\/p>\n","protected":false},"featured_media":22350,"template":"","meta":{"_acf_changed":false},"product_brand":[11509],"product_cat":[13433,13451],"product_tag":[],"class_list":{"0":"post-694426","1":"product","2":"type-product","3":"status-publish","4":"has-post-thumbnail","6":"product_brand-kmr-precision","7":"product_cat-kmr-deli","8":"product_cat-vzmeti","10":"first","11":"instock","12":"taxable","13":"shipping-taxable","14":"product-type-simple"},"acf":[],"_links":{"self":[{"href":"https:\/\/nbg.eu\/sl\/wp-json\/wp\/v2\/product\/694426","targetHints":{"allow":["GET"]}}],"collection":[{"href":"https:\/\/nbg.eu\/sl\/wp-json\/wp\/v2\/product"}],"about":[{"href":"https:\/\/nbg.eu\/sl\/wp-json\/wp\/v2\/types\/product"}],"wp:featuredmedia":[{"embeddable":true,"href":"https:\/\/nbg.eu\/sl\/wp-json\/wp\/v2\/media\/22350"}],"wp:attachment":[{"href":"https:\/\/nbg.eu\/sl\/wp-json\/wp\/v2\/media?parent=694426"}],"wp:term":[{"taxonomy":"product_brand","embeddable":true,"href":"https:\/\/nbg.eu\/sl\/wp-json\/wp\/v2\/product_brand?post=694426"},{"taxonomy":"product_cat","embeddable":true,"href":"https:\/\/nbg.eu\/sl\/wp-json\/wp\/v2\/product_cat?post=694426"},{"taxonomy":"product_tag","embeddable":true,"href":"https:\/\/nbg.eu\/sl\/wp-json\/wp\/v2\/product_tag?post=694426"}],"curies":[{"name":"wp","href":"https:\/\/api.w.org\/{rel}","templated":true}]}}