{"id":694461,"date":"2024-09-16T14:36:57","date_gmt":"2024-09-16T11:36:57","guid":{"rendered":"https:\/\/nbg.eu\/product\/slide-stop-27-kmr\/"},"modified":"2026-02-02T18:40:58","modified_gmt":"2026-02-02T15:40:58","slug":"slide-stop-27-kmr","status":"publish","type":"product","link":"https:\/\/nbg.eu\/sl\/izdelek\/slide-stop-27-kmr\/","title":{"rendered":"ZAUSTAVITEV DRSENJA 27 KMR"},"content":{"rendered":"<h2>SLIDE STOP 27 KMR &#8211; zanesljiv varnostni in indikator ponovnega nalaganja<\/h2>\n<p>SLIDE STOP 27 KMR je bistvena funkcija, ki izbolj\u0161uje varnost in funkcionalnost va\u0161ega strelnega oro\u017eja. Ko je nabojnik prazen, se zapora samodejno zaklene v zadnji polo\u017eaj, kar zagotavlja jasno vizualno indikacijo, da je treba nabojnik zamenjati.<\/p>\n<p>Ta funkcija omogo\u010da gladko ponovno nalaganje, saj lahko strelec preprosto pritisne na zaporo in sprosti zaklep, da vstavi prvi naboj v le\u017ei\u0161\u010de, ko je vstavljen nov nabojnik. SLIDE STOP 27 KMR deluje kot zanesljiv varnostni mehanizem, ki prepre\u010duje nenamerni izstrel, dokler ni nabojnik pravilno pritrjen in je oro\u017eje pripravljeno za uporabo.<\/p>\n<p>Izdelan z natan\u010dnostjo in pozornostjo do podrobnosti, SLIDE STOP 27 KMR je dragocen dodatek k vsakemu strelnem oro\u017eju, kar zagotavlja varnej\u0161o in u\u010dinkovitej\u0161o strelsko izku\u0161njo. Ne glede na to, ali ste izku\u0161en strelec ali za\u010detnik, vam bo ta funkcija zagotovila mir in zaupanje, ki ga potrebujete na streli\u0161\u010du ali na terenu.<\/p>\n<p>Za oro\u017eja KMR<br \/>\nKMR L-02 SPECTRA DO 2023<br \/>\nKMR W-02 CUDA (OR)<br \/>\nKMR W-02 UMBRA<br \/>\nKMR W-02 UMBRA (OR)<\/p>\n","protected":false},"excerpt":{"rendered":"<p>Funkcija zaklepa drse\u010de onemogo\u010diti samodejni zaklep drse\u010de, ko je prazno oblo\u017eenje, omogo\u010da nalaganje novega streliva in prepre\u010duje nenameren izstrel.<\/p>\n","protected":false},"featured_media":25878,"template":"","meta":{"_acf_changed":false},"product_brand":[11509],"product_cat":[13433],"product_tag":[],"class_list":{"0":"post-694461","1":"product","2":"type-product","3":"status-publish","4":"has-post-thumbnail","6":"product_brand-kmr-precision","7":"product_cat-kmr-deli","9":"first","10":"instock","11":"taxable","12":"shipping-taxable","13":"product-type-simple"},"acf":[],"_links":{"self":[{"href":"https:\/\/nbg.eu\/sl\/wp-json\/wp\/v2\/product\/694461","targetHints":{"allow":["GET"]}}],"collection":[{"href":"https:\/\/nbg.eu\/sl\/wp-json\/wp\/v2\/product"}],"about":[{"href":"https:\/\/nbg.eu\/sl\/wp-json\/wp\/v2\/types\/product"}],"wp:featuredmedia":[{"embeddable":true,"href":"https:\/\/nbg.eu\/sl\/wp-json\/wp\/v2\/media\/25878"}],"wp:attachment":[{"href":"https:\/\/nbg.eu\/sl\/wp-json\/wp\/v2\/media?parent=694461"}],"wp:term":[{"taxonomy":"product_brand","embeddable":true,"href":"https:\/\/nbg.eu\/sl\/wp-json\/wp\/v2\/product_brand?post=694461"},{"taxonomy":"product_cat","embeddable":true,"href":"https:\/\/nbg.eu\/sl\/wp-json\/wp\/v2\/product_cat?post=694461"},{"taxonomy":"product_tag","embeddable":true,"href":"https:\/\/nbg.eu\/sl\/wp-json\/wp\/v2\/product_tag?post=694461"}],"curies":[{"name":"wp","href":"https:\/\/api.w.org\/{rel}","templated":true}]}}