{"id":694487,"date":"2024-09-17T22:47:08","date_gmt":"2024-09-17T19:47:08","guid":{"rendered":"https:\/\/nbg.eu\/product\/slide-stop-spring-22-lr-kmr\/"},"modified":"2026-02-13T18:49:53","modified_gmt":"2026-02-13T15:49:53","slug":"slide-stop-spring-22-lr-kmr","status":"publish","type":"product","link":"https:\/\/nbg.eu\/sl\/izdelek\/slide-stop-spring-22-lr-kmr\/","title":{"rendered":"VZMET ZA ZAUSTAVITEV DRSENJA 22 LR KMR"},"content":{"rendered":"<h2>SLIDE STOP SPRING 22 LR KMR za oro\u017eje KMR<\/h2>\n<p>Oblikovan za uporabo z oro\u017ejem serije KMR, je SLIDE STOP SPRING 22 LR KMR trpe\u017een in zanesljiv dodatek, ki zagotavlja gladko delovanje in izbolj\u0161ano funkcionalnost.<\/p>\n<p>Izdelan z natan\u010dnostjo in pozornostjo do podrobnosti, SLIDE STOP SPRING 22 LR KMR zagotavlja zanesljivo delovanje in podalj\u0161ano \u017eivljenjsko dobo, kar ga naredi za bistveno komponento za ljubitelje in strokovnjake oro\u017eja KMR. Ta vzmet je zdru\u017eljiva z vsemi modeli KMR do leta 2023 in nudi vzdr\u017eljivo re\u0161itev za vzdr\u017eevanje in nadgradnjo va\u0161ega oro\u017eja.<\/p>\n<p>Za oro\u017eje KMR<\/p>\n<p>KMR S-01 LANCE (OR)<\/p>\n<p>KMR S-02 10 (OR) SR ADA<\/p>\n<p>KMR S-02 75 (OR) SR ADA<\/p>\n<p>KMR S-02 SH1 (OR) SR ADA<\/p>\n<p>KMR S-02 SH2 (OR) SR ADA<\/p>\n<p>KMR S-02 TS (OR) SR ADA<\/p>\n<p>KMR S-02 do 2023<\/p>\n","protected":false},"excerpt":{"rendered":"<p>Nadomestna vzmet blokade drsnika za oro\u017eje KMR.<\/p>\n","protected":false},"featured_media":24909,"template":"","meta":{"_acf_changed":false},"product_brand":[11509],"product_cat":[13433,13451],"product_tag":[],"class_list":{"0":"post-694487","1":"product","2":"type-product","3":"status-publish","4":"has-post-thumbnail","6":"product_brand-kmr-precision","7":"product_cat-kmr-deli","8":"product_cat-vzmeti","10":"first","11":"instock","12":"taxable","13":"shipping-taxable","14":"product-type-simple"},"acf":[],"_links":{"self":[{"href":"https:\/\/nbg.eu\/sl\/wp-json\/wp\/v2\/product\/694487","targetHints":{"allow":["GET"]}}],"collection":[{"href":"https:\/\/nbg.eu\/sl\/wp-json\/wp\/v2\/product"}],"about":[{"href":"https:\/\/nbg.eu\/sl\/wp-json\/wp\/v2\/types\/product"}],"wp:featuredmedia":[{"embeddable":true,"href":"https:\/\/nbg.eu\/sl\/wp-json\/wp\/v2\/media\/24909"}],"wp:attachment":[{"href":"https:\/\/nbg.eu\/sl\/wp-json\/wp\/v2\/media?parent=694487"}],"wp:term":[{"taxonomy":"product_brand","embeddable":true,"href":"https:\/\/nbg.eu\/sl\/wp-json\/wp\/v2\/product_brand?post=694487"},{"taxonomy":"product_cat","embeddable":true,"href":"https:\/\/nbg.eu\/sl\/wp-json\/wp\/v2\/product_cat?post=694487"},{"taxonomy":"product_tag","embeddable":true,"href":"https:\/\/nbg.eu\/sl\/wp-json\/wp\/v2\/product_tag?post=694487"}],"curies":[{"name":"wp","href":"https:\/\/api.w.org\/{rel}","templated":true}]}}