{"id":694517,"date":"2024-08-17T15:15:43","date_gmt":"2024-08-17T12:15:43","guid":{"rendered":"https:\/\/nbg.eu\/product\/slide-stop-spring-pin-22-lr-15x6-kmr\/"},"modified":"2026-05-13T15:10:00","modified_gmt":"2026-05-13T12:10:00","slug":"slide-stop-spring-pin-22-lr-15x6-kmr","status":"publish","type":"product","link":"https:\/\/nbg.eu\/sl\/izdelek\/slide-stop-spring-pin-22-lr-15x6-kmr\/","title":{"rendered":"KMR Zati\u010d Vzmeti Zapira\u010da Drsnike .22 LR 1.5&#215;6"},"content":{"rendered":"<h2>Drsni zaustavljalni vzmetni zati\u010d 22 Lr 1,5X6 KMR<\/h2>\n<p>Drsni zaustavljalni vzmetni zati\u010d 22 Lr 1,5X6 KMR je klju\u010dna komponenta za vzdr\u017eevanje pravilnega delovanja va\u0161ega oro\u017eja. Zasnovan posebej za oro\u017eje kalibra 22 Lr, ta vzmetni zati\u010d zagotavlja varno in zanesljivo delovanje mehanizma za zaustavitev drsnika, prepre\u010duje zgre\u0161ene strele in zagotavlja gladko delovanje.<\/p>\n<p>Izdelan iz visokokakovostnih materialov, je Drsni zaustavljalni vzmetni zati\u010d 22 Lr 1,5X6 KMR zgrajen tako, da prenese napore redne uporabe. Njegova kompaktna velikost 1,5 mm x 6 mm ga dela popolno prilagodljivega za razli\u010dna oro\u017eja kalibra 22 Lr, zagotavljajo\u010d nemoteno integracijo z notranjimi komponentami va\u0161ega oro\u017eja.<\/p>\n<p>Ne glede na to, ali ste tekmovalni strelec, rekreativni navdu\u0161enec ali odgovoren lastnik oro\u017eja, je Drsni zaustavljalni vzmetni zati\u010d 22 Lr 1,5X6 KMR bistveni dodatek za vzdr\u017eevanje optimalne zmogljivosti in zanesljivosti va\u0161ega oro\u017eja kalibra 22 Lr. Njegova natan\u010dna in\u017eenirska zasnova in vzdr\u017eljiva konstrukcija zagotavljata dolgoro\u010dno delovanje, kar vam omogo\u010da, da se osredoto\u010dite na svojo strelsko izku\u0161njo z zaupanjem.<\/p>\n","protected":false},"excerpt":{"rendered":"<p>Trpe\u017een vzmetni zati\u010d zavaruje zaklep zdrsa na pi\u0161tolah 22 LR.<\/p>\n","protected":false},"featured_media":24050,"template":"","meta":{"_acf_changed":false},"product_brand":[11509],"product_cat":[13433],"product_tag":[],"class_list":{"0":"post-694517","1":"product","2":"type-product","3":"status-publish","4":"has-post-thumbnail","6":"product_brand-kmr-precision","7":"product_cat-kmr-deli","9":"first","10":"instock","11":"taxable","12":"shipping-taxable","13":"product-type-simple"},"acf":[],"_links":{"self":[{"href":"https:\/\/nbg.eu\/sl\/wp-json\/wp\/v2\/product\/694517","targetHints":{"allow":["GET"]}}],"collection":[{"href":"https:\/\/nbg.eu\/sl\/wp-json\/wp\/v2\/product"}],"about":[{"href":"https:\/\/nbg.eu\/sl\/wp-json\/wp\/v2\/types\/product"}],"wp:featuredmedia":[{"embeddable":true,"href":"https:\/\/nbg.eu\/sl\/wp-json\/wp\/v2\/media\/24050"}],"wp:attachment":[{"href":"https:\/\/nbg.eu\/sl\/wp-json\/wp\/v2\/media?parent=694517"}],"wp:term":[{"taxonomy":"product_brand","embeddable":true,"href":"https:\/\/nbg.eu\/sl\/wp-json\/wp\/v2\/product_brand?post=694517"},{"taxonomy":"product_cat","embeddable":true,"href":"https:\/\/nbg.eu\/sl\/wp-json\/wp\/v2\/product_cat?post=694517"},{"taxonomy":"product_tag","embeddable":true,"href":"https:\/\/nbg.eu\/sl\/wp-json\/wp\/v2\/product_tag?post=694517"}],"curies":[{"name":"wp","href":"https:\/\/api.w.org\/{rel}","templated":true}]}}