{"id":694537,"date":"2024-08-18T12:10:35","date_gmt":"2024-08-18T09:10:35","guid":{"rendered":"https:\/\/nbg.eu\/product\/slide-stop-26-recessed-kmr\/"},"modified":"2026-05-13T16:02:08","modified_gmt":"2026-05-13T13:02:08","slug":"slide-stop-26-recessed-kmr","status":"publish","type":"product","link":"https:\/\/nbg.eu\/sl\/izdelek\/slide-stop-26-recessed-kmr\/","title":{"rendered":"KMR Zapira\u010d Drsnike 26 Vgreznjeni"},"content":{"rendered":"<h2>SLIDE STOP 26 RECESSED KMR<\/h2>\n<p>Drsni zaustavljalec je zasnovan tako, da je med streljanjem in menjavo nabojnikov lahko dostopen in enostaven za uporabo.<\/p>\n<p>Uporablja se za zavarovanje zaklepa v zadnjem polo\u017eaju, obi\u010dajno potem, ko je bil nabojnik izpraznjen. Ta funkcija je vklju\u010dena v ve\u010dino sodobnih samodejno polnilnih pi\u0161tol.<\/p>\n<p>Zaklep zaklepa v zadnjem polo\u017eaju &#8211; ko je nabojnik prazen, se zaklop avtomatsko zaklene v zadnji polo\u017eaj in opozori strelca, da je treba nabojnik zamenjati.<\/p>\n<p>Omogo\u010danje nalaganja novega streliva &#8211; ko je vstavljen nov nabojnik, strelec navadno pritisne na zaklop in tako omogo\u010di, da se zaklep premakne naprej in nalo\u017ei prvi naboj v le\u017ei\u0161\u010de.<\/p>\n<p>Varnostna funkcija &#8211; drsni zaustavljalec lahko deluje tudi kot varnostna funkcija, ki prepre\u010duje nenameren izstrel, dokler nabojnik ni pravilno vstavljen in oro\u017eje ni pripravljeno na uporabo.<\/p>\n<p>Za oro\u017eja KMR<br \/>KMR L-02 UMBRA DO 2023<\/p>\n","protected":false},"excerpt":{"rendered":"<p>SLIDE STOP 26 RECESSED KMR je priro\u010dna in varna zaporka drsniku, zasnovana za sodobne polavtomatske pi\u0161tole, ki omogo\u010da menjavo nabojnikov in zagotavlja varno delovanje.<\/p>\n","protected":false},"featured_media":25855,"template":"","meta":{"_acf_changed":false},"product_brand":[11509],"product_cat":[13433],"product_tag":[],"class_list":{"0":"post-694537","1":"product","2":"type-product","3":"status-publish","4":"has-post-thumbnail","6":"product_brand-kmr-precision","7":"product_cat-kmr-deli","9":"first","10":"instock","11":"taxable","12":"shipping-taxable","13":"product-type-simple"},"acf":[],"_links":{"self":[{"href":"https:\/\/nbg.eu\/sl\/wp-json\/wp\/v2\/product\/694537","targetHints":{"allow":["GET"]}}],"collection":[{"href":"https:\/\/nbg.eu\/sl\/wp-json\/wp\/v2\/product"}],"about":[{"href":"https:\/\/nbg.eu\/sl\/wp-json\/wp\/v2\/types\/product"}],"wp:featuredmedia":[{"embeddable":true,"href":"https:\/\/nbg.eu\/sl\/wp-json\/wp\/v2\/media\/25855"}],"wp:attachment":[{"href":"https:\/\/nbg.eu\/sl\/wp-json\/wp\/v2\/media?parent=694537"}],"wp:term":[{"taxonomy":"product_brand","embeddable":true,"href":"https:\/\/nbg.eu\/sl\/wp-json\/wp\/v2\/product_brand?post=694537"},{"taxonomy":"product_cat","embeddable":true,"href":"https:\/\/nbg.eu\/sl\/wp-json\/wp\/v2\/product_cat?post=694537"},{"taxonomy":"product_tag","embeddable":true,"href":"https:\/\/nbg.eu\/sl\/wp-json\/wp\/v2\/product_tag?post=694537"}],"curies":[{"name":"wp","href":"https:\/\/api.w.org\/{rel}","templated":true}]}}