{"id":694714,"date":"2024-09-18T14:03:06","date_gmt":"2024-09-18T11:03:06","guid":{"rendered":"https:\/\/nbg.eu\/product\/thumbrest-2-205-alu-black-kmr\/"},"modified":"2026-05-13T16:52:11","modified_gmt":"2026-05-13T13:52:11","slug":"thumbrest-2-205-alu-black-kmr","status":"publish","type":"product","link":"https:\/\/nbg.eu\/sl\/izdelek\/thumbrest-2-205-alu-black-kmr\/","title":{"rendered":"KMR Naslonilo za Palec 2-20.5\u00b0 ALU \u010crn"},"content":{"rendered":"<h2>Izbolj\u0161ajte svojo strelsko izku\u0161njo s THUMBREST 2-20,5\u00b0 ALU BLACK KMR<\/h2>\n<p>THUMBREST 2-20,5\u00b0 ALU BLACK KMR je nujno potrebna dodatna oprema za strelce, ki zahtevajo natan\u010den nadzor in stabilnost. Zasnovan za uporabo z oro\u017ejem KMR, ta naslon za palec omogo\u010da udoben oprijem in vam pomaga stabilizirati va\u0161e strelno oro\u017eje ter izbolj\u0161ati natan\u010dnost streljanja.<\/p>\n<p>Izdelan iz kakovostnega aluminija, ima naslon za palec 20,5-stopinjski kot, ki se popolnoma ujema z naravnim polo\u017eajem va\u0161e roke in omogo\u010da varen in ergonomi\u010den oprijem. Ta inovativna zasnova zmanj\u0161a utrujenost rok in omogo\u010da bolj\u0161i nadzor, tudi med dalj\u0161imi strelskimi seansami.<\/p>\n<p>Primeren za uporabo s KMR L-02 ORCA do leta 2023, je ta naslon za palec zanesljiva in obstojna re\u0161itev, ki lahko zdr\u017ei napore takti\u010dnega in tekmovalnega strelnega okolja. Z natan\u010dno izdelavo in pozornostjo do podrobnosti je THUMBREST 2-20,5\u00b0 ALU BLACK KMR popolna dodatna oprema za va\u0161 arsenal strelnega oro\u017eja.<\/p>\n<\/p>\n<p>Referenca 0581-00202-0101<\/p>\n","protected":false},"excerpt":{"rendered":"<p>Udoben oprijem, stabilizira pi\u0161tolo, bolj\u0161i nadzor za KMR L-02 ORCA do leta 2023.<\/p>\n","protected":false},"featured_media":24211,"template":"","meta":{"_acf_changed":false},"product_brand":[11509],"product_cat":[13433],"product_tag":[],"class_list":{"0":"post-694714","1":"product","2":"type-product","3":"status-publish","4":"has-post-thumbnail","6":"product_brand-kmr-precision","7":"product_cat-kmr-deli","9":"first","10":"outofstock","11":"taxable","12":"shipping-taxable","13":"product-type-simple"},"acf":[],"_links":{"self":[{"href":"https:\/\/nbg.eu\/sl\/wp-json\/wp\/v2\/product\/694714","targetHints":{"allow":["GET"]}}],"collection":[{"href":"https:\/\/nbg.eu\/sl\/wp-json\/wp\/v2\/product"}],"about":[{"href":"https:\/\/nbg.eu\/sl\/wp-json\/wp\/v2\/types\/product"}],"wp:featuredmedia":[{"embeddable":true,"href":"https:\/\/nbg.eu\/sl\/wp-json\/wp\/v2\/media\/24211"}],"wp:attachment":[{"href":"https:\/\/nbg.eu\/sl\/wp-json\/wp\/v2\/media?parent=694714"}],"wp:term":[{"taxonomy":"product_brand","embeddable":true,"href":"https:\/\/nbg.eu\/sl\/wp-json\/wp\/v2\/product_brand?post=694714"},{"taxonomy":"product_cat","embeddable":true,"href":"https:\/\/nbg.eu\/sl\/wp-json\/wp\/v2\/product_cat?post=694714"},{"taxonomy":"product_tag","embeddable":true,"href":"https:\/\/nbg.eu\/sl\/wp-json\/wp\/v2\/product_tag?post=694714"}],"curies":[{"name":"wp","href":"https:\/\/api.w.org\/{rel}","templated":true}]}}