{"id":694756,"date":"2024-08-18T11:09:22","date_gmt":"2024-08-18T08:09:22","guid":{"rendered":"https:\/\/nbg.eu\/product\/thumbrest-screw-m4x8-din-965-kmr\/"},"modified":"2026-05-13T16:01:01","modified_gmt":"2026-05-13T13:01:01","slug":"thumbrest-screw-m4x8-din-965-kmr","status":"publish","type":"product","link":"https:\/\/nbg.eu\/sl\/izdelek\/thumbrest-screw-m4x8-din-965-kmr\/","title":{"rendered":"KMR Vijak Naslonila za Palec M4x8 DIN 965"},"content":{"rendered":"<h2>Vijak za pal\u010dno oporo M4X8 Din 965 KMR<\/h2>\n<p>Vijak za pal\u010dno oporo M4X8 Din 965 KMR je bistvena komponenta za zdru\u017eljive modele oro\u017eja KMR.<\/p>\n<p>Izdelan iz trdnih materialov, je vijak za pal\u010dno oporo M4X8 Din 965 KMR zgrajen, da zdr\u017ei zahteve takti\u010dnega okolja. Njegova korozijsko odporna povr\u0161ina in trdna zasnova ga delajo kot zanesljivo izbiro za prilagajanje in izbolj\u0161anje oro\u017eja. Ne glede na to, ali nadgrajujete svoje KMR strelno oro\u017eje ali preprosto zamenjujete obrabljen vijak, je ta komponenta nujno potrebna za vzdr\u017eevanje optimalne u\u010dinkovitosti in funkcionalnosti va\u0161ega oro\u017eja.<\/p>\n<p>Za oro\u017eje KMR:<\/p>\n<p>KMR L-02 EMIQ<\/p>\n<p>KMR L-02 EMIQ (OR)<\/p>\n<p>KMR L-02 ORCA OD 2024<\/p>\n<p>KMR L-02 ORCA DO 2023<\/p>\n","protected":false},"excerpt":{"rendered":"<p>Pritrdilni vijak M4x8 DIN 965 za oro\u017eje KMR L-02 EMIQ in ORCA.<\/p>\n","protected":false},"featured_media":25324,"template":"","meta":{"_acf_changed":false},"product_brand":[11509],"product_cat":[13433],"product_tag":[],"class_list":{"0":"post-694756","1":"product","2":"type-product","3":"status-publish","4":"has-post-thumbnail","6":"product_brand-kmr-precision","7":"product_cat-kmr-deli","9":"first","10":"instock","11":"taxable","12":"shipping-taxable","13":"product-type-simple"},"acf":[],"_links":{"self":[{"href":"https:\/\/nbg.eu\/sl\/wp-json\/wp\/v2\/product\/694756","targetHints":{"allow":["GET"]}}],"collection":[{"href":"https:\/\/nbg.eu\/sl\/wp-json\/wp\/v2\/product"}],"about":[{"href":"https:\/\/nbg.eu\/sl\/wp-json\/wp\/v2\/types\/product"}],"wp:featuredmedia":[{"embeddable":true,"href":"https:\/\/nbg.eu\/sl\/wp-json\/wp\/v2\/media\/25324"}],"wp:attachment":[{"href":"https:\/\/nbg.eu\/sl\/wp-json\/wp\/v2\/media?parent=694756"}],"wp:term":[{"taxonomy":"product_brand","embeddable":true,"href":"https:\/\/nbg.eu\/sl\/wp-json\/wp\/v2\/product_brand?post=694756"},{"taxonomy":"product_cat","embeddable":true,"href":"https:\/\/nbg.eu\/sl\/wp-json\/wp\/v2\/product_cat?post=694756"},{"taxonomy":"product_tag","embeddable":true,"href":"https:\/\/nbg.eu\/sl\/wp-json\/wp\/v2\/product_tag?post=694756"}],"curies":[{"name":"wp","href":"https:\/\/api.w.org\/{rel}","templated":true}]}}