{"id":694786,"date":"2024-08-17T16:53:09","date_gmt":"2024-08-17T13:53:09","guid":{"rendered":"https:\/\/nbg.eu\/product\/thumbrest-for-kmr-red-dot-sight-frame-mount-alu-black\/"},"modified":"2026-04-16T19:01:44","modified_gmt":"2026-04-16T16:01:44","slug":"thumbrest-for-kmr-red-dot-sight-frame-mount-alu-black","status":"publish","type":"product","link":"https:\/\/nbg.eu\/sl\/izdelek\/thumbrest-for-kmr-red-dot-sight-frame-mount-alu-black\/","title":{"rendered":"KMR Naslonilo za Palec for Red Dot Sight Frame-Mount ALU \u010crn"},"content":{"rendered":"<h2>Pali\u010dni pripomo\u010dek za opti\u010dna pripomo\u010dke KMR rde\u010de to\u010dke &#8211; \u010drne barve<\/h2>\n<p>Z Pali\u010dni pripomo\u010dkom za opti\u010dne pripomo\u010dke KMR rde\u010de to\u010dke &#8211; \u010drne barve boste dosegli bolj\u0161e obvladovanje povratnega sunka in dosledno namestitev roke za va\u0161e opti\u010dne sisteme, pritrjene na okvir. Izdelan je iz visokokakovostnega aluminija, obdelanega na CNC-stroju, in je zasnovan posebej za pritrditev na okvir KMR, s taktilno povr\u0161ino in mat \u010drno anodiziranim zaklju\u010dkom.<\/p>\n<p>Pali\u010dni pripomo\u010dek vam omogo\u010da dodatno oporo za palec podporne roke, da lahko neposredno na okvir izvajate navzdolni pritisk in s tem zmanj\u0161ate dviganje cevi. Ta inovativna zasnova omogo\u010da bistveno hitrej\u0161e ponovno pridobivanje cilja in vam pomaga ohraniti plo\u0161\u010dat profil streljanja med hitrim streljanjem.<\/p>\n","protected":false},"excerpt":{"rendered":"<p>Pal\u010dek za monta\u017eo optike KMR Red Dot na okvir &#8211; \u010drne barve. Zagotavlja odli\u010dno obvladovanje sunka in konsistentno pozicioniranje roke na sistemih z optiko na okvirju.<\/p>\n","protected":false},"featured_media":24280,"template":"","meta":{"_acf_changed":false},"product_brand":[11509],"product_cat":[13433],"product_tag":[],"class_list":{"0":"post-694786","1":"product","2":"type-product","3":"status-publish","4":"has-post-thumbnail","6":"product_brand-kmr-precision","7":"product_cat-kmr-deli","9":"first","10":"instock","11":"taxable","12":"shipping-taxable","13":"product-type-simple"},"acf":[],"_links":{"self":[{"href":"https:\/\/nbg.eu\/sl\/wp-json\/wp\/v2\/product\/694786","targetHints":{"allow":["GET"]}}],"collection":[{"href":"https:\/\/nbg.eu\/sl\/wp-json\/wp\/v2\/product"}],"about":[{"href":"https:\/\/nbg.eu\/sl\/wp-json\/wp\/v2\/types\/product"}],"wp:featuredmedia":[{"embeddable":true,"href":"https:\/\/nbg.eu\/sl\/wp-json\/wp\/v2\/media\/24280"}],"wp:attachment":[{"href":"https:\/\/nbg.eu\/sl\/wp-json\/wp\/v2\/media?parent=694786"}],"wp:term":[{"taxonomy":"product_brand","embeddable":true,"href":"https:\/\/nbg.eu\/sl\/wp-json\/wp\/v2\/product_brand?post=694786"},{"taxonomy":"product_cat","embeddable":true,"href":"https:\/\/nbg.eu\/sl\/wp-json\/wp\/v2\/product_cat?post=694786"},{"taxonomy":"product_tag","embeddable":true,"href":"https:\/\/nbg.eu\/sl\/wp-json\/wp\/v2\/product_tag?post=694786"}],"curies":[{"name":"wp","href":"https:\/\/api.w.org\/{rel}","templated":true}]}}