{"id":694840,"date":"2024-08-17T17:23:25","date_gmt":"2024-08-17T14:23:25","guid":{"rendered":"https:\/\/nbg.eu\/product\/trigger-bar-spring-kmr\/"},"modified":"2026-02-26T12:13:56","modified_gmt":"2026-02-26T09:13:56","slug":"trigger-bar-spring-kmr","status":"publish","type":"product","link":"https:\/\/nbg.eu\/sl\/izdelek\/trigger-bar-spring-kmr\/","title":{"rendered":"Spro\u017eilna vzmeti KMR"},"content":{"rendered":"<h2>Vzmet spodnje plo\u0161\u010dice KMR za oro\u017eje KMR<\/h2>\n<p>Zasnovana z natan\u010dnostjo in vzdr\u017eljivostjo, ta vzmet zagotavlja gladko in zanesljivo delovanje spro\u017eila za te napredne oro\u017ene sisteme. Njegova robustna konstrukcija in natan\u010dna zasnova zagotavljajo dosledno delovanje, tudi v najzahtevnej\u0161ih okoljih.<\/p>\n<p>Ne glede na to, ali ste profesionalni strelec ali strastni navdu\u0161enec, je ta del bistveni nadomestni del za vzdr\u017eevanje optimalne funkcionalnosti va\u0161ega oro\u017eja KMR. Vlo\u017eite v to kakovostno komponento, da bi va\u0161e oro\u017eje delovalo v najbolj\u0161i zmogljivosti.<\/p>\n<p>Za oro\u017eje KMR:<\/p>\n<p>KMR L-02 SPECTRA OD 2024<\/p>\n<p>KMR L-02 SPECTRA DO 2023<\/p>\n<p>KMR L-02 UMBRA (ALI) SR<\/p>\n<p>KMR S-01 LANCE (ALI)<\/p>\n<p>KMR S-02 OD 2024<\/p>\n<p>KMR S-02 DO 2023<\/p>\n<p>KMR W-02 CUDA (ALI)<\/p>\n<p>KMR W-02 UMBRA<\/p>\n<p>KMR W-02 UMBRA (ALI)<\/p>\n","protected":false},"excerpt":{"rendered":"<p>Spro\u017eilna ro\u010dica vzmet za modele KMR.<\/p>\n","protected":false},"featured_media":24650,"template":"","meta":{"_acf_changed":false},"product_brand":[11509],"product_cat":[13433,13451],"product_tag":[],"class_list":{"0":"post-694840","1":"product","2":"type-product","3":"status-publish","4":"has-post-thumbnail","6":"product_brand-kmr-precision","7":"product_cat-kmr-deli","8":"product_cat-vzmeti","10":"first","11":"instock","12":"taxable","13":"shipping-taxable","14":"product-type-simple"},"acf":[],"_links":{"self":[{"href":"https:\/\/nbg.eu\/sl\/wp-json\/wp\/v2\/product\/694840","targetHints":{"allow":["GET"]}}],"collection":[{"href":"https:\/\/nbg.eu\/sl\/wp-json\/wp\/v2\/product"}],"about":[{"href":"https:\/\/nbg.eu\/sl\/wp-json\/wp\/v2\/types\/product"}],"wp:featuredmedia":[{"embeddable":true,"href":"https:\/\/nbg.eu\/sl\/wp-json\/wp\/v2\/media\/24650"}],"wp:attachment":[{"href":"https:\/\/nbg.eu\/sl\/wp-json\/wp\/v2\/media?parent=694840"}],"wp:term":[{"taxonomy":"product_brand","embeddable":true,"href":"https:\/\/nbg.eu\/sl\/wp-json\/wp\/v2\/product_brand?post=694840"},{"taxonomy":"product_cat","embeddable":true,"href":"https:\/\/nbg.eu\/sl\/wp-json\/wp\/v2\/product_cat?post=694840"},{"taxonomy":"product_tag","embeddable":true,"href":"https:\/\/nbg.eu\/sl\/wp-json\/wp\/v2\/product_tag?post=694840"}],"curies":[{"name":"wp","href":"https:\/\/api.w.org\/{rel}","templated":true}]}}