{"id":694871,"date":"2025-03-09T15:43:31","date_gmt":"2025-03-09T12:43:31","guid":{"rendered":"https:\/\/nbg.eu\/product\/blue-force-gear-trauma-kit-now-medium-medical-supplies\/"},"modified":"2026-05-13T16:43:14","modified_gmt":"2026-05-13T13:43:14","slug":"blue-force-gear-trauma-kit-now-medium-medical-supplies","status":"publish","type":"product","link":"https:\/\/nbg.eu\/sl\/izdelek\/blue-force-gear-trauma-kit-now-medium-medical-supplies\/","title":{"rendered":"Blue Force Gear Trauma Kit NOW! Medium Medical Supplies"},"content":{"rendered":"<h2>Sanitetski komplet Blue Force Gear Trauma Kit NOW! (srednji)<\/h2>\n<p>Hitro dostopajte do bistvene re\u0161evalne medicinske opreme s sanitetskim kompletom Blue Force Gear Trauma Kit NOW! (srednji). Zasnovan je za &#8220;neposredno delovanje&#8221; v nujnih medicinskih stanjih in omogo\u010da hitri, eno-ro\u010dni dostop. Zasnova z ro\u010dajem omogo\u010da, da se celotna medicinska vlo\u017eka razgrne z enim samim gibom z levo ali desno roko, kar zagotavlja, da so kriti\u010dne zaloge, kot so zan\u010dniki, prsne zapore in hemostatska sredstva, dostopne v nekaj sekundah, ko je vsak trenutek dragocen.<\/p>\n<p>Grajen z BLIP (Ballistic Line Integrated Pull) tehnologijo ro\u010daja, sistemom pritrditve Helium Whisper in konstrukcijo iz tkanine Cordura MIL-SPEC 500D, je Trauma Kit NOW! (srednji) trpe\u017ena in zanesljiva re\u0161itev za va\u0161e medicinske potrebe. Njegova zasnova v dveh delih z zunanjo torbico in odstranljivim notranjim nosilcem zagotavlja prilagodljivost in organiziranost, kar vam omogo\u010da, da ste vedno pripravljeni na vsako nujno stanje.<\/p>\n","protected":false},"excerpt":{"rendered":"<p>Komplet za hitro pomo\u010d s klju\u010dno opremo za re\u0161evanje \u017eivljenj.<\/p>\n","protected":false},"featured_media":251693,"template":"","meta":{"_acf_changed":false},"product_brand":[11139],"product_cat":[13440],"product_tag":[],"class_list":{"0":"post-694871","1":"product","2":"type-product","3":"status-publish","4":"has-post-thumbnail","6":"product_brand-blue-force-gear","7":"product_cat-medicinska-oprema","9":"first","10":"instock","11":"taxable","12":"shipping-taxable","13":"purchasable","14":"product-type-variable","15":"wvs-archive-product-wrapper"},"acf":[],"_links":{"self":[{"href":"https:\/\/nbg.eu\/sl\/wp-json\/wp\/v2\/product\/694871","targetHints":{"allow":["GET"]}}],"collection":[{"href":"https:\/\/nbg.eu\/sl\/wp-json\/wp\/v2\/product"}],"about":[{"href":"https:\/\/nbg.eu\/sl\/wp-json\/wp\/v2\/types\/product"}],"wp:featuredmedia":[{"embeddable":true,"href":"https:\/\/nbg.eu\/sl\/wp-json\/wp\/v2\/media\/251693"}],"wp:attachment":[{"href":"https:\/\/nbg.eu\/sl\/wp-json\/wp\/v2\/media?parent=694871"}],"wp:term":[{"taxonomy":"product_brand","embeddable":true,"href":"https:\/\/nbg.eu\/sl\/wp-json\/wp\/v2\/product_brand?post=694871"},{"taxonomy":"product_cat","embeddable":true,"href":"https:\/\/nbg.eu\/sl\/wp-json\/wp\/v2\/product_cat?post=694871"},{"taxonomy":"product_tag","embeddable":true,"href":"https:\/\/nbg.eu\/sl\/wp-json\/wp\/v2\/product_tag?post=694871"}],"curies":[{"name":"wp","href":"https:\/\/api.w.org\/{rel}","templated":true}]}}