{"id":695197,"date":"2024-08-16T23:16:32","date_gmt":"2024-08-16T20:16:32","guid":{"rendered":"https:\/\/nbg.eu\/product\/trigger-pin-kmr\/"},"modified":"2026-05-13T16:03:22","modified_gmt":"2026-05-13T13:03:22","slug":"trigger-pin-kmr","status":"publish","type":"product","link":"https:\/\/nbg.eu\/sl\/izdelek\/trigger-pin-kmr\/","title":{"rendered":"KMR Zati\u010d Spro\u017eilca"},"content":{"rendered":"<h2>Natan\u010den spro\u017eilec za KMR pi\u0161tole<\/h2>\n<p>Raz\u0161irite zmogljivosti svoje KMR pi\u0161tole z na\u0161im vrhunskim spro\u017eilnim zati\u010dem. Izdelan je iz kaljene orodne jekline in ima izredno gladko povr\u0161insko obdelavo, kar zagotavlja stabilen in z majhnim trenjem premi\u010dni vrtilni osi, potreben za nemoteno delovanje spro\u017eilca. V nasprotju z originalnimi deli na\u0161 spro\u017eilni zati\u010d odpravlja stranska &#8220;zibanja&#8221; in tako zagotavlja enakomeren in ponovljiv pritisk na spro\u017eilec ter prepre\u010duje obrabo okvirja tudi po tiso\u010dih ciklih.<\/p>\n<p>Na\u0161 spro\u017eilni zati\u010d je natan\u010dno izdelan v skladu s KMR specifikacijami in se popolnoma prilega na tovarni\u0161ki sklop spro\u017eilca. Ta visoko-trdni in vzdr\u017eljivi dizajn optimizira kriti\u010dni stik med prstom in spro\u017eilnim mehanizmom, kar se odra\u017ea v izbolj\u0161ani natan\u010dnosti, preciznosti in nadzoru med vsakim strelom.<\/p>\n<p>Ne glede na to, ali ste tekmovalni strelec, ki \u017eeli optimizirati svoje oro\u017eje, ali rekreativni uporabnik, ki \u017eeli nadgraditi svojo KMR pi\u0161tolo, je na\u0161 spro\u017eilni zati\u010d klju\u010dni element za popolno izkori\u0161\u010danje zmogljivosti va\u0161ega oro\u017eja. Izkusite razliko, ki jo prinese resni\u010dno natan\u010dna in z majhnim trenjem delujo\u010da spro\u017eilna os v va\u0161em delovanju in zanesljivosti.<\/p>\n","protected":false},"excerpt":{"rendered":"<p>Natan\u010dna vrtljiva os za sklop spro\u017eilca. Precizno bru\u0161eno utrjeno orodje iz jekla, ultra gladka povr\u0161ina in premer natan\u010dno ustrezen za tovarni\u010dne tolerance KMR. Zagotavlja stabilen, nizkotren na\u010din, potreben za gladko vrtenje spro\u017eilca; visokotrdna konstrukcija odpravlja bo\u010dno &#8220;nihanje&#8221; in zagotavlja dosleden, ponovljiv pritisk na spro\u017eilec ter prepre\u010duje obrabo okvirja v tiso\u010dih ciklih.<\/p>\n","protected":false},"featured_media":23743,"template":"","meta":{"_acf_changed":false},"product_brand":[11509],"product_cat":[13433],"product_tag":[],"class_list":{"0":"post-695197","1":"product","2":"type-product","3":"status-publish","4":"has-post-thumbnail","6":"product_brand-kmr-precision","7":"product_cat-kmr-deli","9":"first","10":"instock","11":"taxable","12":"shipping-taxable","13":"product-type-simple"},"acf":[],"_links":{"self":[{"href":"https:\/\/nbg.eu\/sl\/wp-json\/wp\/v2\/product\/695197","targetHints":{"allow":["GET"]}}],"collection":[{"href":"https:\/\/nbg.eu\/sl\/wp-json\/wp\/v2\/product"}],"about":[{"href":"https:\/\/nbg.eu\/sl\/wp-json\/wp\/v2\/types\/product"}],"wp:featuredmedia":[{"embeddable":true,"href":"https:\/\/nbg.eu\/sl\/wp-json\/wp\/v2\/media\/23743"}],"wp:attachment":[{"href":"https:\/\/nbg.eu\/sl\/wp-json\/wp\/v2\/media?parent=695197"}],"wp:term":[{"taxonomy":"product_brand","embeddable":true,"href":"https:\/\/nbg.eu\/sl\/wp-json\/wp\/v2\/product_brand?post=695197"},{"taxonomy":"product_cat","embeddable":true,"href":"https:\/\/nbg.eu\/sl\/wp-json\/wp\/v2\/product_cat?post=695197"},{"taxonomy":"product_tag","embeddable":true,"href":"https:\/\/nbg.eu\/sl\/wp-json\/wp\/v2\/product_tag?post=695197"}],"curies":[{"name":"wp","href":"https:\/\/api.w.org\/{rel}","templated":true}]}}