{"id":695225,"date":"2024-08-17T17:20:46","date_gmt":"2024-08-17T14:20:46","guid":{"rendered":"https:\/\/nbg.eu\/product\/trigger-spring-sa-da-kmr\/"},"modified":"2026-05-13T16:03:42","modified_gmt":"2026-05-13T13:03:42","slug":"trigger-spring-sa-da-kmr","status":"publish","type":"product","link":"https:\/\/nbg.eu\/sl\/izdelek\/trigger-spring-sa-da-kmr\/","title":{"rendered":"KMR Vzmet Spro\u017eilca SA\/DA"},"content":{"rendered":"<h2>Spro\u017eilna vzmet SA\/DA KMR: Izbolj\u0161anje delovanja oro\u017eja na razli\u010dnih platformah<\/h2>\n<p>Spro\u017eilna vzmet SA\/DA KMR je ve\u010dnamenska in zanesljiva dodatna oprema, zasnovana za izbolj\u0161anje delovanja razli\u010dnih oro\u017eij v seriji KMR. Zdru\u017eljiva s \u0161irokim razponom modelov, ta sestav spro\u017eilne vzmeti zagotavlja gladko integracijo in izbolj\u0161ano delovanje va\u0161ega strelnega oro\u017eja.<\/p>\n<p>Ne glede na to, ali ste tekmovalni strelec, takti\u010dni navdu\u0161enec ali odgovoren lastnik strelnega oro\u017eja, je Spro\u017eilna vzmet SA\/DA KMR nepogre\u0161ljiva dodatna oprema za optimizacijo delovanja va\u0161ega oro\u017eja. Dvignite svojo strelsko izku\u0161njo s to zanesljivo in ve\u010dnamensko komponento.<\/p>\n<p>Za oro\u017eja KMR:<\/p>\n<p>KMR L-02 SPECTRA OD 2024<\/p>\n<p>KMR L-02 SPECTRA DO 2023<\/p>\n<p>KMR L-02 UMBRA (ALI) SR<\/p>\n<p>KMR S-01 LANCE (ALI)<\/p>\n<p>KMR S-02 OD 2024<\/p>\n<p>KMR S-02 DO 2023<\/p>\n<p>KMR W-02 CUDA (ALI)<\/p>\n<p>KMR W-02 UMBRA<\/p>\n<p>KMR W-02 UMBRA (ALI)<\/p>\n","protected":false},"excerpt":{"rendered":"<p>Kompresijski vzmet SA\/DA KMR za oro\u017eja KMR L-02 SPECTRA, S-01 LANCE, S-02, W-02 CUDA\/UMBRA.<\/p>\n","protected":false},"featured_media":24603,"template":"","meta":{"_acf_changed":false},"product_brand":[11509],"product_cat":[13433,15032,13451],"product_tag":[],"class_list":{"0":"post-695225","1":"product","2":"type-product","3":"status-publish","4":"has-post-thumbnail","6":"product_brand-kmr-precision","7":"product_cat-kmr-deli","8":"product_cat-trigger-springs-sl","9":"product_cat-vzmeti","11":"first","12":"instock","13":"taxable","14":"shipping-taxable","15":"product-type-simple"},"acf":[],"_links":{"self":[{"href":"https:\/\/nbg.eu\/sl\/wp-json\/wp\/v2\/product\/695225","targetHints":{"allow":["GET"]}}],"collection":[{"href":"https:\/\/nbg.eu\/sl\/wp-json\/wp\/v2\/product"}],"about":[{"href":"https:\/\/nbg.eu\/sl\/wp-json\/wp\/v2\/types\/product"}],"wp:featuredmedia":[{"embeddable":true,"href":"https:\/\/nbg.eu\/sl\/wp-json\/wp\/v2\/media\/24603"}],"wp:attachment":[{"href":"https:\/\/nbg.eu\/sl\/wp-json\/wp\/v2\/media?parent=695225"}],"wp:term":[{"taxonomy":"product_brand","embeddable":true,"href":"https:\/\/nbg.eu\/sl\/wp-json\/wp\/v2\/product_brand?post=695225"},{"taxonomy":"product_cat","embeddable":true,"href":"https:\/\/nbg.eu\/sl\/wp-json\/wp\/v2\/product_cat?post=695225"},{"taxonomy":"product_tag","embeddable":true,"href":"https:\/\/nbg.eu\/sl\/wp-json\/wp\/v2\/product_tag?post=695225"}],"curies":[{"name":"wp","href":"https:\/\/api.w.org\/{rel}","templated":true}]}}