{"id":695247,"date":"2024-09-18T13:32:40","date_gmt":"2024-09-18T10:32:40","guid":{"rendered":"https:\/\/nbg.eu\/product\/trigger-spring-sa-kmr\/"},"modified":"2026-05-13T16:03:09","modified_gmt":"2026-05-13T13:03:09","slug":"trigger-spring-sa-kmr","status":"publish","type":"product","link":"https:\/\/nbg.eu\/sl\/izdelek\/trigger-spring-sa-kmr\/","title":{"rendered":"KMR Vzmet Spro\u017eilca SA"},"content":{"rendered":"<h2>Visoko zmogljiva nadgradnja za oro\u017eje KMR<\/h2>\n<p>Povzdignite delovanje svojega oro\u017eja KMR s spro\u017eilno vzm\u00e9tjo, natan\u010dno izdelanim nadomestnim delom, zasnovanim za brezhibno zdru\u017eljivost. Izdelana iz vrhunskih materialov, ta spro\u017eilna vzmet zagotavlja gladek in enakomeren potisk spro\u017eilca za izbolj\u0161ano natan\u010dnost in nadzor streljanja.<\/p>\n<p>Zasnovana z izjemno pozornostjo do podrobnosti, spro\u017eilna vzmet odlikuje skrbno umerjeno napetost vzmeti, ki zagotavlja oster in predvidljiv odziv spro\u017eilca. Ta nadgradnja izbolj\u0161a nadzor spro\u017eilca, kar omogo\u010da natan\u010dnej\u0161e name\u0161\u010danje strelov in hitrej\u0161e pridobivanje tar\u010d.<\/p>\n<p>Izdelana iz vzdr\u017eljivih in kakovostnih materialov, je spro\u017eilna vzmet zgrajena tako, da zdr\u017ei napore pogoste uporabe. Njena robustna zasnova in zanesljiva zmogljivost jo delajo bistveno nadgradnjo za vsakogar, ki \u017eeli izbolj\u0161ati zmogljivosti svojega oro\u017eja KMR.<\/p>\n<p>Ne glede na to, ali ste tekmovalni strelec, takti\u010dni operater ali rekreativni navdu\u0161enec, je spro\u017eilna vzmet popolna izbira za izbolj\u0161anje zmogljivosti va\u0161ega ognjenega oro\u017eja KMR. Do\u017eivite razliko, ki jo lahko prinese kakovostna spro\u017eilna vzmet, in dvignite svoje streljanje na nove vi\u0161ine.<\/p>\n","protected":false},"excerpt":{"rendered":"<p>Nadomestna spro\u017eilna vzmetna za oro\u017ene modele KMR L-02 EMIQ in ORCA (do leta 2023).<\/p>\n","protected":false},"featured_media":24603,"template":"","meta":{"_acf_changed":false},"product_brand":[11509],"product_cat":[13433,15032,13451],"product_tag":[],"class_list":{"0":"post-695247","1":"product","2":"type-product","3":"status-publish","4":"has-post-thumbnail","6":"product_brand-kmr-precision","7":"product_cat-kmr-deli","8":"product_cat-trigger-springs-sl","9":"product_cat-vzmeti","11":"first","12":"instock","13":"taxable","14":"shipping-taxable","15":"product-type-simple"},"acf":[],"_links":{"self":[{"href":"https:\/\/nbg.eu\/sl\/wp-json\/wp\/v2\/product\/695247","targetHints":{"allow":["GET"]}}],"collection":[{"href":"https:\/\/nbg.eu\/sl\/wp-json\/wp\/v2\/product"}],"about":[{"href":"https:\/\/nbg.eu\/sl\/wp-json\/wp\/v2\/types\/product"}],"wp:featuredmedia":[{"embeddable":true,"href":"https:\/\/nbg.eu\/sl\/wp-json\/wp\/v2\/media\/24603"}],"wp:attachment":[{"href":"https:\/\/nbg.eu\/sl\/wp-json\/wp\/v2\/media?parent=695247"}],"wp:term":[{"taxonomy":"product_brand","embeddable":true,"href":"https:\/\/nbg.eu\/sl\/wp-json\/wp\/v2\/product_brand?post=695247"},{"taxonomy":"product_cat","embeddable":true,"href":"https:\/\/nbg.eu\/sl\/wp-json\/wp\/v2\/product_cat?post=695247"},{"taxonomy":"product_tag","embeddable":true,"href":"https:\/\/nbg.eu\/sl\/wp-json\/wp\/v2\/product_tag?post=695247"}],"curies":[{"name":"wp","href":"https:\/\/api.w.org\/{rel}","templated":true}]}}