{"id":696298,"date":"2025-12-22T17:18:06","date_gmt":"2025-12-22T14:18:06","guid":{"rendered":"https:\/\/nbg.eu\/product\/atlas-duffel-bag\/"},"modified":"2026-04-15T14:42:48","modified_gmt":"2026-04-15T11:42:48","slug":"atlas-duffel-bag","status":"publish","type":"product","link":"https:\/\/nbg.eu\/sl\/izdelek\/atlas-duffel-bag\/","title":{"rendered":"Eberlestock Potovalna Torba Atlas"},"content":{"rendered":"<h2>Atlas Duffel: no\u0161enje va\u0161e opreme z eleganco in lahkoto<\/h2>\n<p>Atlas Duffel je mlaj\u0161i brat na\u0161e popularne torbe Hercules Duffel in nudi vse zna\u010dilnosti, ki jih ljudje cenijo. Z veliko glavno predalov, podlo\u017eenimi pregradami, \u0161estimi zunanjimi zadrginimi \u017eepi in trdnim predelkom na dnu je ta trpe\u017ena \u0161portna torba zasnovana tako, da ohranja va\u0161o opremo organizirano in za\u0161\u010diteno.<\/p>\n<p>Zavarovana z varnostnimi zadrgiami YKK, ki jih je mogo\u010de zakleniti, Atlas Duffel zagotavlja, da bodo va\u0161e stvari varne, tudi v najte\u017ejih pogojih. Prilo\u017eena de\u017ena prevleka nudi dodatno za\u0161\u010dito, ki \u0161\u010diti va\u0161o opremo pred vlago in prahom.<\/p>\n<p>S svojimi impresivnimi dimenzijami 29,5 vi\u0161ine x 16 \u0161irine x 16 globine, prostornino 5.844 c.i. \/ 95,77 L in te\u017eo 12 funtov 12 un\u010d, Atlas Duffel nudi obilno prostora za vso va\u0161o bistveno opremo. 4-pal\u010dni globoki spodnji predelek nudi priro\u010dno mesto za shranjevanje predmetov, do katerih morate hitro dostopati.<\/p>\n<p>Izdelan z trdno podlago in uporabnimi kolesi, je Atlas Duffel zgrajen tako, da lahko zdr\u017ei napore potovanja. Notranje \u017eepe in prilagodljive je\u017easte pregradke vam omogo\u010dajo, da organizirate notranjost glede na va\u0161e potrebe, kar ga dela kot popolnemu spremljevalcu za va\u0161e dogodiv\u0161\u010dine.<\/p>\n","protected":false},"excerpt":{"rendered":"<p>Atlas Duffel je prostorna in ve\u010dnamenska torba z trdno osnovo, blazinastimi pregradam in de\u017enikom za za\u0161\u010dito v vsakem vremenu.<\/p>\n","protected":false},"featured_media":696374,"template":"","meta":{"_acf_changed":false},"product_brand":[15147],"product_cat":[13423],"product_tag":[],"class_list":{"0":"post-696298","1":"product","2":"type-product","3":"status-publish","4":"has-post-thumbnail","6":"product_brand-eberlestock","7":"product_cat-torbe-za-strelisce","9":"first","10":"instock","11":"taxable","12":"shipping-taxable","13":"purchasable","14":"product-type-variable","15":"wvs-archive-product-wrapper"},"acf":[],"_links":{"self":[{"href":"https:\/\/nbg.eu\/sl\/wp-json\/wp\/v2\/product\/696298","targetHints":{"allow":["GET"]}}],"collection":[{"href":"https:\/\/nbg.eu\/sl\/wp-json\/wp\/v2\/product"}],"about":[{"href":"https:\/\/nbg.eu\/sl\/wp-json\/wp\/v2\/types\/product"}],"wp:featuredmedia":[{"embeddable":true,"href":"https:\/\/nbg.eu\/sl\/wp-json\/wp\/v2\/media\/696374"}],"wp:attachment":[{"href":"https:\/\/nbg.eu\/sl\/wp-json\/wp\/v2\/media?parent=696298"}],"wp:term":[{"taxonomy":"product_brand","embeddable":true,"href":"https:\/\/nbg.eu\/sl\/wp-json\/wp\/v2\/product_brand?post=696298"},{"taxonomy":"product_cat","embeddable":true,"href":"https:\/\/nbg.eu\/sl\/wp-json\/wp\/v2\/product_cat?post=696298"},{"taxonomy":"product_tag","embeddable":true,"href":"https:\/\/nbg.eu\/sl\/wp-json\/wp\/v2\/product_tag?post=696298"}],"curies":[{"name":"wp","href":"https:\/\/api.w.org\/{rel}","templated":true}]}}